{"id":32632,"date":"2025-10-04T13:23:38","date_gmt":"2025-10-04T11:23:38","guid":{"rendered":"https:\/\/julien-urnel.com\/?post_type=product&#038;p=32632"},"modified":"2026-02-11T11:19:26","modified_gmt":"2026-02-11T10:19:26","slug":"magnetisme-coupeur-de-feu","status":"publish","type":"product","link":"https:\/\/julien-urnel.com\/en\/product\/magnetisme-coupeur-de-feu\/","title":{"rendered":"Remote fire cutter - Barring fire from burns"},"content":{"rendered":"<p>[et_pb_section fb_built=\u00a0\u00bb1&Prime; _builder_version=\u00a0\u00bb4.27.4&Prime; custom_margin=\u00a0\u00bb-30px||||false|false\u00a0\u00bb custom_padding=\u00a0\u00bb||||false|false\u00a0\u00bb hover_enabled=\u00a0\u00bb0&Prime; global_colors_info=\u00a0\u00bb{}\u00a0\u00bb width=\u00a0\u00bb100%\u00a0\u00bb max_width=\u00a0\u00bb100%\u00a0\u00bb sticky_enabled=\u00a0\u00bb0&Prime;][et_pb_row column_structure=\u00a0\u00bb1_2,1_2&Prime; _builder_version=\u00a0\u00bb4.27.4&Prime; background_size=\u00a0\u00bbinitial\u00a0\u00bb background_position=\u00a0\u00bbtop_left\u00a0\u00bb background_repeat=\u00a0\u00bbrepeat\u00a0\u00bb width=\u00a0\u00bb100%\u00a0\u00bb max_width=\u00a0\u00bb100%\u00a0\u00bb custom_padding=\u00a0\u00bb||||false|false\u00a0\u00bb hover_enabled=\u00a0\u00bb0&Prime; global_colors_info=\u00a0\u00bb{}\u00a0\u00bb custom_margin=\u00a0\u00bb-50px||||false|false\u00a0\u00bb sticky_enabled=\u00a0\u00bb0&Prime; custom_margin_last_edited=\u00a0\u00bbon|desktop\u00a0\u00bb custom_margin_tablet=\u00a0\u00bb-70px||||false|false\u00a0\u00bb custom_margin_phone=\u00a0\u00bb-70px||||false|false\u00a0\u00bb][et_pb_column type=\u00a0\u00bb1_2&Prime; _builder_version=\u00a0\u00bb4.16&Prime; custom_padding=\u00a0\u00bb|||\u00a0\u00bb global_colors_info=\u00a0\u00bb{}\u00a0\u00bb custom_padding__hover=\u00a0\u00bb|||\u00a0\u00bb][et_pb_text _builder_version=\u00a0\u00bb4.27.4&Prime; _module_preset=\u00a0\u00bbdefault\u00a0\u00bb text_font_size=\u00a0\u00bb14px\u00a0\u00bb text_font_size_tablet=\u00a0\u00bb12px\u00a0\u00bb text_font_size_phone=\u00a0\u00bb12px\u00a0\u00bb text_font_size_last_edited=\u00a0\u00bbon|tablet\u00a0\u00bb global_colors_info=\u00a0\u00bb{}\u00a0\u00bb]<\/p>\n<p><a href=\"https:\/\/julien-urnel.com\/\">Accueil<\/a> \/ <a href=\"https:\/\/julien-urnel.com\/soins-spirits\/\">Soins Spirits<\/a> \/ Soin d&rsquo;urgence coupe feu<\/p>\n<p>[\/et_pb_text][et_pb_image src=\u00a0\u00bbhttps:\/\/julien-urnel.com\/wp-content\/uploads\/2026\/02\/soin-coupe-feu-scaled.webp\u00a0\u00bb title_text=\u00a0\u00bbCoupeur de feu\u00a0\u00bb _builder_version=\u00a0\u00bb4.27.4&Prime; _module_preset=\u00a0\u00bbdefault\u00a0\u00bb max_width=\u00a0\u00bb60%\u00a0\u00bb max_width_tablet=\u00a0\u00bb63%\u00a0\u00bb max_width_phone=\u00a0\u00bb85%\u00a0\u00bb max_width_last_edited=\u00a0\u00bbon|phone\u00a0\u00bb hover_enabled=\u00a0\u00bb0&Prime; global_colors_info=\u00a0\u00bb{}\u00a0\u00bb sticky_enabled=\u00a0\u00bb0&Prime;][\/et_pb_image][et_pb_text _builder_version=\u00a0\u00bb4.27.4&Prime; _module_preset=\u00a0\u00bbdefault\u00a0\u00bb header_font_size=\u00a0\u00bb69px\u00a0\u00bb header_2_font_size=\u00a0\u00bb30px\u00a0\u00bb header_font_size_tablet=\u00a0\u00bb\u00a0\u00bb header_font_size_phone=\u00a0\u00bb40px\u00a0\u00bb header_font_size_last_edited=\u00a0\u00bbon|phone\u00a0\u00bb header_2_font_size_tablet=\u00a0\u00bb25px\u00a0\u00bb header_2_font_size_phone=\u00a0\u00bb25px\u00a0\u00bb header_2_font_size_last_edited=\u00a0\u00bbon|phone\u00a0\u00bb global_colors_info=\u00a0\u00bb{}\u00a0\u00bb]<\/p>\n<h2>Coupeur de feu<\/h2>\n<h2>Mon soin \u00e9nerg\u00e9tique pour apaiser vos br\u00fblures<\/h2>\n<p>[\/et_pb_text][et_pb_wc_price _builder_version=\u00a0\u00bb4.27.4&Prime; _module_preset=\u00a0\u00bbdefault\u00a0\u00bb body_text_color=\u00a0\u00bb#000000&Prime; global_colors_info=\u00a0\u00bb{}\u00a0\u00bb][\/et_pb_wc_price][et_pb_wc_add_to_cart show_quantity=\u00a0\u00bboff\u00a0\u00bb show_stock=\u00a0\u00bboff\u00a0\u00bb field_label_position=\u00a0\u00bbstacked\u00a0\u00bb _builder_version=\u00a0\u00bb4.25.1&Prime; fields_background_color=\u00a0\u00bbrgba(0,0,0,0.15)\u00a0\u00bb fields_text_color=\u00a0\u00bb#000000&Prime; fields_focus_background_color=\u00a0\u00bbrgba(0,0,0,0.15)\u00a0\u00bb dropdown_menus_font_size=\u00a0\u00bb14px\u00a0\u00bb border_radii_fields=\u00a0\u00bbon|5px|5px|5px|5px\u00a0\u00bb border_width_all_fields=\u00a0\u00bb1px\u00a0\u00bb border_color_all_fields=\u00a0\u00bbrgba(191,191,191,0.42)\u00a0\u00bb global_colors_info=\u00a0\u00bb{}\u00a0\u00bb][\/et_pb_wc_add_to_cart][et_pb_wc_description _builder_version=\u00a0\u00bb4.16&Prime; global_colors_info=\u00a0\u00bb{}\u00a0\u00bb][\/et_pb_wc_description][\/et_pb_column][et_pb_column type=\u00a0\u00bb1_2&Prime; _builder_version=\u00a0\u00bb4.16&Prime; custom_padding=\u00a0\u00bb|||\u00a0\u00bb global_colors_info=\u00a0\u00bb{}\u00a0\u00bb custom_padding__hover=\u00a0\u00bb|||\u00a0\u00bb][et_pb_text _builder_version=\u00a0\u00bb4.27.4&Prime; _module_preset=\u00a0\u00bbdefault\u00a0\u00bb text_font_size_tablet=\u00a0\u00bb14px\u00a0\u00bb text_font_size_phone=\u00a0\u00bb14px\u00a0\u00bb text_font_size_last_edited=\u00a0\u00bbon|tablet\u00a0\u00bb global_colors_info=\u00a0\u00bb{}\u00a0\u00bb]<\/p>\n<p style=\"text-align: justify;\">Je vous propose un soin \u00e9nerg\u00e9tique sp\u00e9cialis\u00e9, pour couper le feu et soulager les br\u00fblures et les douleurs qui y sont li\u00e9es. Infirmier dipl\u00f4m\u00e9 d&rsquo;\u00c9tat et Magn\u00e9tiseur Spirits, j&rsquo;associe mes comp\u00e9tences pour transmettre une \u00e9nergie qui apaise la sensation de br\u00fblure, r\u00e9duit la douleur et stimule la r\u00e9g\u00e9n\u00e9ration de la peau.<br \/>Cette pratique douce et respectueuse compl\u00e8te vos traitements m\u00e9dicaux, notamment en cas de br\u00fblures li\u00e9es \u00e0 la radioth\u00e9rapie, chimioth\u00e9rapie ou autres causes accidentelles.<\/p>\n<p style=\"text-align: justify;\">Ce soin s\u2019adresse \u00e0 toute personne souffrant de br\u00fblures physiques, qu\u2019elles soient r\u00e9centes ou anciennes, l\u00e9g\u00e8res ou s\u00e9v\u00e8res. Que vous ayez une br\u00fblure accidentelle, une irritation li\u00e9e \u00e0 un traitement m\u00e9dical, ou une douleur chronique, je vous accompagne avec bienveillance pour att\u00e9nuer votre inconfort.<br \/>Je propose ces s\u00e9ances \u00e0 distance, ce qui me permet d&rsquo;\u00eatre r\u00e9actif et de vous permettre d\u2019en b\u00e9n\u00e9ficier o\u00f9 que vous soyez.<\/p>\n<p style=\"text-align: justify;\">Quels b\u00e9n\u00e9fices attendre ?<\/p>\n<div style=\"text-align: justify;\"><span>\u2022 Un soulagement rapide et durable des douleurs de br\u00fblures<\/span><\/div>\n<div style=\"text-align: justify;\"><span> \u2022 Un apaisement de la chaleur ressentie au niveau des tissus<\/span><\/div>\n<div style=\"text-align: justify;\"><span> \u2022 Une stimulation \u00e9nerg\u00e9tique favorisant la r\u00e9paration cutan\u00e9e<\/span><\/div>\n<div style=\"text-align: justify;\"><span> \u2022 Un accompagnement personnalis\u00e9, compl\u00e9mentaire et non invasif<\/span><\/div>\n<div style=\"text-align: justify;\"><span> \u2022 Pour une am\u00e9lioration globale de votre bien-\u00eatre physique et \u00e9nerg\u00e9tique n&rsquo;h\u00e9sitez pas \u00e0 demander <a href=\"https:\/\/julien-urnel.com\/soins-spirits-de-guerisons\/\">un soin \u00e9nerg\u00e9tique complet<\/a><\/span><\/div>\n<p>[\/et_pb_text][\/et_pb_column][\/et_pb_row][\/et_pb_section]<\/p>\n","protected":false},"excerpt":{"rendered":"<p>Accueil \/ Soins Spirits \/ Soin d&rsquo;urgence coupe feuCoupeur de feu Mon soin \u00e9nerg\u00e9tique pour apaiser vos br\u00fbluresJe vous propose un soin \u00e9nerg\u00e9tique sp\u00e9cialis\u00e9, pour couper le feu et soulager les br\u00fblures et les douleurs qui y sont li\u00e9es. Infirmier dipl\u00f4m\u00e9 d&rsquo;\u00c9tat et Magn\u00e9tiseur Spirits, j&rsquo;associe mes comp\u00e9tences pour transmettre une \u00e9nergie qui apaise la [&hellip;]<\/p>\n","protected":false},"featured_media":32633,"template":"","meta":{"_et_pb_use_builder":"on","_et_pb_old_content":"","_et_gb_content_width":""},"product_brand":[],"product_cat":[28],"product_tag":[],"class_list":{"0":"post-32632","1":"product","2":"type-product","3":"status-publish","4":"has-post-thumbnail","6":"product_cat-services-spirits","8":"first","9":"instock","10":"virtual","11":"purchasable","12":"product-type-simple"},"yoast_head":"<!-- This site is optimized with the Yoast SEO plugin v27.4 - https:\/\/yoast.com\/product\/yoast-seo-wordpress\/ -->\n<title>Coupeur de feu \u00e0 Nice et \u00e0 distance - Br\u00fblures et douleurs de radioth\u00e9rapie<\/title>\n<meta name=\"description\" content=\"Je vous aide \u00e0 soulager rapidement vos br\u00fblures gr\u00e2ce au soin \u00e9nerg\u00e9tique coupeur de feu, en cabinet ou \u00e0 distance. Apaisement efficace et compl\u00e9mentaire aux soins m\u00e9dicaux.\" \/>\n<meta name=\"robots\" content=\"index, follow, max-snippet:-1, max-image-preview:large, max-video-preview:-1\" \/>\n<link rel=\"canonical\" href=\"https:\/\/julien-urnel.com\/en\/product\/magnetisme-coupeur-de-feu\/\" \/>\n<meta property=\"og:locale\" content=\"en_US\" \/>\n<meta property=\"og:type\" content=\"article\" \/>\n<meta property=\"og:title\" content=\"Coupeur de feu \u00e0 Nice et \u00e0 distance - Br\u00fblures et douleurs de radioth\u00e9rapie\" \/>\n<meta property=\"og:description\" content=\"Je vous aide \u00e0 soulager rapidement vos br\u00fblures gr\u00e2ce au soin \u00e9nerg\u00e9tique coupeur de feu, en cabinet ou \u00e0 distance. Apaisement efficace et compl\u00e9mentaire aux soins m\u00e9dicaux.\" \/>\n<meta property=\"og:url\" content=\"https:\/\/julien-urnel.com\/en\/product\/magnetisme-coupeur-de-feu\/\" \/>\n<meta property=\"og:site_name\" content=\"Magn\u00e9tiseur Spirits Paris Nice | Julien Urnel\" \/>\n<meta property=\"article:modified_time\" content=\"2026-02-11T10:19:26+00:00\" \/>\n<meta property=\"og:image\" content=\"https:\/\/julien-urnel.com\/wp-content\/uploads\/2025\/10\/soin-a-distance-brulures.webp\" \/>\n\t<meta property=\"og:image:width\" content=\"1024\" \/>\n\t<meta property=\"og:image:height\" content=\"512\" \/>\n\t<meta property=\"og:image:type\" content=\"image\/png\" \/>\n<meta name=\"twitter:card\" content=\"summary_large_image\" \/>\n<meta name=\"twitter:label1\" content=\"Est. reading time\" \/>\n\t<meta name=\"twitter:data1\" content=\"4 minutes\" \/>\n<script type=\"application\/ld+json\" class=\"yoast-schema-graph\">{\"@context\":\"https:\\\/\\\/schema.org\",\"@graph\":[{\"@type\":\"WebPage\",\"@id\":\"https:\\\/\\\/julien-urnel.com\\\/produit\\\/magnetisme-coupeur-de-feu\\\/\",\"url\":\"https:\\\/\\\/julien-urnel.com\\\/produit\\\/magnetisme-coupeur-de-feu\\\/\",\"name\":\"Coupeur de feu \u00e0 Nice et \u00e0 distance - Br\u00fblures et douleurs de radioth\u00e9rapie\",\"isPartOf\":{\"@id\":\"https:\\\/\\\/julien-urnel.com\\\/#website\"},\"primaryImageOfPage\":{\"@id\":\"https:\\\/\\\/julien-urnel.com\\\/produit\\\/magnetisme-coupeur-de-feu\\\/#primaryimage\"},\"image\":{\"@id\":\"https:\\\/\\\/julien-urnel.com\\\/produit\\\/magnetisme-coupeur-de-feu\\\/#primaryimage\"},\"thumbnailUrl\":\"https:\\\/\\\/julien-urnel.com\\\/wp-content\\\/uploads\\\/2025\\\/10\\\/soin-a-distance-brulures.webp\",\"datePublished\":\"2025-10-04T11:23:38+00:00\",\"dateModified\":\"2026-02-11T10:19:26+00:00\",\"description\":\"Je vous aide \u00e0 soulager rapidement vos br\u00fblures gr\u00e2ce au soin \u00e9nerg\u00e9tique coupeur de feu, en cabinet ou \u00e0 distance. Apaisement efficace et compl\u00e9mentaire aux soins m\u00e9dicaux.\",\"breadcrumb\":{\"@id\":\"https:\\\/\\\/julien-urnel.com\\\/produit\\\/magnetisme-coupeur-de-feu\\\/#breadcrumb\"},\"inLanguage\":\"en-US\",\"potentialAction\":[{\"@type\":\"ReadAction\",\"target\":[\"https:\\\/\\\/julien-urnel.com\\\/produit\\\/magnetisme-coupeur-de-feu\\\/\"]}]},{\"@type\":\"ImageObject\",\"inLanguage\":\"en-US\",\"@id\":\"https:\\\/\\\/julien-urnel.com\\\/produit\\\/magnetisme-coupeur-de-feu\\\/#primaryimage\",\"url\":\"https:\\\/\\\/julien-urnel.com\\\/wp-content\\\/uploads\\\/2025\\\/10\\\/soin-a-distance-brulures.webp\",\"contentUrl\":\"https:\\\/\\\/julien-urnel.com\\\/wp-content\\\/uploads\\\/2025\\\/10\\\/soin-a-distance-brulures.webp\",\"width\":1024,\"height\":512},{\"@type\":\"BreadcrumbList\",\"@id\":\"https:\\\/\\\/julien-urnel.com\\\/produit\\\/magnetisme-coupeur-de-feu\\\/#breadcrumb\",\"itemListElement\":[{\"@type\":\"ListItem\",\"position\":1,\"name\":\"Accueil\",\"item\":\"https:\\\/\\\/julien-urnel.com\\\/\"},{\"@type\":\"ListItem\",\"position\":2,\"name\":\"Produits\",\"item\":\"https:\\\/\\\/julien-urnel.com\\\/guerisseur-magnetiseur\\\/\"},{\"@type\":\"ListItem\",\"position\":3,\"name\":\"Coupeur de feu \u00e0 distance &#8211; Barrer le feu des br\u00fblures\"}]},{\"@type\":\"WebSite\",\"@id\":\"https:\\\/\\\/julien-urnel.com\\\/#website\",\"url\":\"https:\\\/\\\/julien-urnel.com\\\/\",\"name\":\"Julien Urnel \u00c9nerg\u00e9ticien Spirit Paris\",\"description\":\"Vos \u00e9nergies, votre bien le plus pr\u00e9cieux !\",\"publisher\":{\"@id\":\"https:\\\/\\\/julien-urnel.com\\\/#\\\/schema\\\/person\\\/c485497f899df8843e30528b8382ab27\"},\"potentialAction\":[{\"@type\":\"SearchAction\",\"target\":{\"@type\":\"EntryPoint\",\"urlTemplate\":\"https:\\\/\\\/julien-urnel.com\\\/?s={search_term_string}\"},\"query-input\":{\"@type\":\"PropertyValueSpecification\",\"valueRequired\":true,\"valueName\":\"search_term_string\"}}],\"inLanguage\":\"en-US\"},{\"@type\":[\"Person\",\"Organization\"],\"@id\":\"https:\\\/\\\/julien-urnel.com\\\/#\\\/schema\\\/person\\\/c485497f899df8843e30528b8382ab27\",\"name\":\"Julien Urnel\",\"image\":{\"@type\":\"ImageObject\",\"inLanguage\":\"en-US\",\"@id\":\"https:\\\/\\\/julien-urnel.com\\\/wp-content\\\/uploads\\\/2022\\\/11\\\/JULIEN-URNEL-MAGNETISEUR-400X400.jpg\",\"url\":\"https:\\\/\\\/julien-urnel.com\\\/wp-content\\\/uploads\\\/2022\\\/11\\\/JULIEN-URNEL-MAGNETISEUR-400X400.jpg\",\"contentUrl\":\"https:\\\/\\\/julien-urnel.com\\\/wp-content\\\/uploads\\\/2022\\\/11\\\/JULIEN-URNEL-MAGNETISEUR-400X400.jpg\",\"width\":400,\"height\":400,\"caption\":\"Julien Urnel\"},\"logo\":{\"@id\":\"https:\\\/\\\/julien-urnel.com\\\/wp-content\\\/uploads\\\/2022\\\/11\\\/JULIEN-URNEL-MAGNETISEUR-400X400.jpg\"},\"sameAs\":[\"http:\\\/\\\/julien-urnel.com\",\"https:\\\/\\\/www.instagram.com\\\/julien.urnel\\\/\"]}]}<\/script>\n<!-- \/ Yoast SEO plugin. -->","yoast_head_json":{"title":"Coupeur de feu \u00e0 Nice et \u00e0 distance - Br\u00fblures et douleurs de radioth\u00e9rapie","description":"Je vous aide \u00e0 soulager rapidement vos br\u00fblures gr\u00e2ce au soin \u00e9nerg\u00e9tique coupeur de feu, en cabinet ou \u00e0 distance. Apaisement efficace et compl\u00e9mentaire aux soins m\u00e9dicaux.","robots":{"index":"index","follow":"follow","max-snippet":"max-snippet:-1","max-image-preview":"max-image-preview:large","max-video-preview":"max-video-preview:-1"},"canonical":"https:\/\/julien-urnel.com\/en\/product\/magnetisme-coupeur-de-feu\/","og_locale":"en_US","og_type":"article","og_title":"Coupeur de feu \u00e0 Nice et \u00e0 distance - Br\u00fblures et douleurs de radioth\u00e9rapie","og_description":"Je vous aide \u00e0 soulager rapidement vos br\u00fblures gr\u00e2ce au soin \u00e9nerg\u00e9tique coupeur de feu, en cabinet ou \u00e0 distance. Apaisement efficace et compl\u00e9mentaire aux soins m\u00e9dicaux.","og_url":"https:\/\/julien-urnel.com\/en\/product\/magnetisme-coupeur-de-feu\/","og_site_name":"Magn\u00e9tiseur Spirits Paris Nice | Julien Urnel","article_modified_time":"2026-02-11T10:19:26+00:00","og_image":[{"width":1024,"height":512,"url":"https:\/\/julien-urnel.com\/wp-content\/uploads\/2025\/10\/soin-a-distance-brulures.webp","type":"image\/png"}],"twitter_card":"summary_large_image","twitter_misc":{"Est. reading time":"4 minutes"},"schema":{"@context":"https:\/\/schema.org","@graph":[{"@type":"WebPage","@id":"https:\/\/julien-urnel.com\/produit\/magnetisme-coupeur-de-feu\/","url":"https:\/\/julien-urnel.com\/produit\/magnetisme-coupeur-de-feu\/","name":"Coupeur de feu \u00e0 Nice et \u00e0 distance - Br\u00fblures et douleurs de radioth\u00e9rapie","isPartOf":{"@id":"https:\/\/julien-urnel.com\/#website"},"primaryImageOfPage":{"@id":"https:\/\/julien-urnel.com\/produit\/magnetisme-coupeur-de-feu\/#primaryimage"},"image":{"@id":"https:\/\/julien-urnel.com\/produit\/magnetisme-coupeur-de-feu\/#primaryimage"},"thumbnailUrl":"https:\/\/julien-urnel.com\/wp-content\/uploads\/2025\/10\/soin-a-distance-brulures.webp","datePublished":"2025-10-04T11:23:38+00:00","dateModified":"2026-02-11T10:19:26+00:00","description":"Je vous aide \u00e0 soulager rapidement vos br\u00fblures gr\u00e2ce au soin \u00e9nerg\u00e9tique coupeur de feu, en cabinet ou \u00e0 distance. Apaisement efficace et compl\u00e9mentaire aux soins m\u00e9dicaux.","breadcrumb":{"@id":"https:\/\/julien-urnel.com\/produit\/magnetisme-coupeur-de-feu\/#breadcrumb"},"inLanguage":"en-US","potentialAction":[{"@type":"ReadAction","target":["https:\/\/julien-urnel.com\/produit\/magnetisme-coupeur-de-feu\/"]}]},{"@type":"ImageObject","inLanguage":"en-US","@id":"https:\/\/julien-urnel.com\/produit\/magnetisme-coupeur-de-feu\/#primaryimage","url":"https:\/\/julien-urnel.com\/wp-content\/uploads\/2025\/10\/soin-a-distance-brulures.webp","contentUrl":"https:\/\/julien-urnel.com\/wp-content\/uploads\/2025\/10\/soin-a-distance-brulures.webp","width":1024,"height":512},{"@type":"BreadcrumbList","@id":"https:\/\/julien-urnel.com\/produit\/magnetisme-coupeur-de-feu\/#breadcrumb","itemListElement":[{"@type":"ListItem","position":1,"name":"Accueil","item":"https:\/\/julien-urnel.com\/"},{"@type":"ListItem","position":2,"name":"Produits","item":"https:\/\/julien-urnel.com\/guerisseur-magnetiseur\/"},{"@type":"ListItem","position":3,"name":"Coupeur de feu \u00e0 distance &#8211; Barrer le feu des br\u00fblures"}]},{"@type":"WebSite","@id":"https:\/\/julien-urnel.com\/#website","url":"https:\/\/julien-urnel.com\/","name":"Julien Urnel Energ\u00e9ticien Spirit Paris","description":"Your energies, your most precious asset!","publisher":{"@id":"https:\/\/julien-urnel.com\/#\/schema\/person\/c485497f899df8843e30528b8382ab27"},"potentialAction":[{"@type":"SearchAction","target":{"@type":"EntryPoint","urlTemplate":"https:\/\/julien-urnel.com\/?s={search_term_string}"},"query-input":{"@type":"PropertyValueSpecification","valueRequired":true,"valueName":"search_term_string"}}],"inLanguage":"en-US"},{"@type":["Person","Organization"],"@id":"https:\/\/julien-urnel.com\/#\/schema\/person\/c485497f899df8843e30528b8382ab27","name":"Julien Urnel","image":{"@type":"ImageObject","inLanguage":"en-US","@id":"https:\/\/julien-urnel.com\/wp-content\/uploads\/2022\/11\/JULIEN-URNEL-MAGNETISEUR-400X400.jpg","url":"https:\/\/julien-urnel.com\/wp-content\/uploads\/2022\/11\/JULIEN-URNEL-MAGNETISEUR-400X400.jpg","contentUrl":"https:\/\/julien-urnel.com\/wp-content\/uploads\/2022\/11\/JULIEN-URNEL-MAGNETISEUR-400X400.jpg","width":400,"height":400,"caption":"Julien Urnel"},"logo":{"@id":"https:\/\/julien-urnel.com\/wp-content\/uploads\/2022\/11\/JULIEN-URNEL-MAGNETISEUR-400X400.jpg"},"sameAs":["http:\/\/julien-urnel.com","https:\/\/www.instagram.com\/julien.urnel\/"]}]}},"_links":{"self":[{"href":"https:\/\/julien-urnel.com\/en\/wp-json\/wp\/v2\/product\/32632","targetHints":{"allow":["GET"]}}],"collection":[{"href":"https:\/\/julien-urnel.com\/en\/wp-json\/wp\/v2\/product"}],"about":[{"href":"https:\/\/julien-urnel.com\/en\/wp-json\/wp\/v2\/types\/product"}],"wp:featuredmedia":[{"embeddable":true,"href":"https:\/\/julien-urnel.com\/en\/wp-json\/wp\/v2\/media\/32633"}],"wp:attachment":[{"href":"https:\/\/julien-urnel.com\/en\/wp-json\/wp\/v2\/media?parent=32632"}],"wp:term":[{"taxonomy":"product_brand","embeddable":true,"href":"https:\/\/julien-urnel.com\/en\/wp-json\/wp\/v2\/product_brand?post=32632"},{"taxonomy":"product_cat","embeddable":true,"href":"https:\/\/julien-urnel.com\/en\/wp-json\/wp\/v2\/product_cat?post=32632"},{"taxonomy":"product_tag","embeddable":true,"href":"https:\/\/julien-urnel.com\/en\/wp-json\/wp\/v2\/product_tag?post=32632"}],"curies":[{"name":"wp","href":"https:\/\/api.w.org\/{rel}","templated":true}]}}