{"id":30257,"date":"2023-08-11T19:40:12","date_gmt":"2023-08-11T17:40:12","guid":{"rendered":"https:\/\/julien-urnel.com\/?post_type=product&#038;p=30257"},"modified":"2024-03-11T19:49:13","modified_gmt":"2024-03-11T18:49:13","slug":"spirit-of-healing-in-the-office","status":"publish","type":"product","link":"https:\/\/julien-urnel.com\/en\/product\/spirit-of-healing-in-the-office\/","title":{"rendered":"Spirit healing in the office \u2027 NICE or PARIS"},"content":{"rendered":"<p>[et_pb_section fb_built=\u00a0\u00bb1&Prime; _builder_version=\u00a0\u00bb4.21.0&Prime; custom_padding=\u00a0\u00bb0px||||false|false\u00a0\u00bb global_colors_info=\u00a0\u00bb{}\u00a0\u00bb][et_pb_row column_structure=\u00a0\u00bb2_5,3_5&Prime; _builder_version=\u00a0\u00bb4.16&Prime; background_size=\u00a0\u00bbinitial\u00a0\u00bb background_position=\u00a0\u00bbtop_left\u00a0\u00bb background_repeat=\u00a0\u00bbrepeat\u00a0\u00bb width=\u00a0\u00bb100%\u00a0\u00bb custom_padding=\u00a0\u00bb0px||||false|false\u00a0\u00bb global_colors_info=\u00a0\u00bb{}\u00a0\u00bb][et_pb_column type=\u00a0\u00bb2_5&Prime; _builder_version=\u00a0\u00bb4.16&Prime; custom_padding=\u00a0\u00bb|||\u00a0\u00bb global_colors_info=\u00a0\u00bb{}\u00a0\u00bb custom_padding__hover=\u00a0\u00bb|||\u00a0\u00bb][et_pb_image src=\u00a0\u00bbhttps:\/\/julien-urnel.com\/wp-content\/uploads\/2023\/06\/Julien-Urnel-Soin-guerison.png\u00a0\u00bb title_text=\u00a0\u00bbJulien Urnel Soin gue\u0301rison\u00a0\u00bb _builder_version=\u00a0\u00bb4.21.0&Prime; _module_preset=\u00a0\u00bbdefault\u00a0\u00bb global_colors_info=\u00a0\u00bb{}\u00a0\u00bb][\/et_pb_image][\/et_pb_column][et_pb_column type=\u00a0\u00bb3_5&Prime; _builder_version=\u00a0\u00bb4.19.4&Prime; _module_preset=\u00a0\u00bbdefault\u00a0\u00bb global_colors_info=\u00a0\u00bb{}\u00a0\u00bb][et_pb_wc_title _builder_version=\u00a0\u00bb4.21.0&Prime; header_font_size_tablet=\u00a0\u00bb25px\u00a0\u00bb header_font_size_phone=\u00a0\u00bb25px\u00a0\u00bb header_font_size_last_edited=\u00a0\u00bbon|phone\u00a0\u00bb global_colors_info=\u00a0\u00bb{}\u00a0\u00bb][\/et_pb_wc_title][et_pb_wc_price _builder_version=\u00a0\u00bb4.16&Prime; global_colors_info=\u00a0\u00bb{}\u00a0\u00bb][\/et_pb_wc_price][et_pb_wc_description _builder_version=\u00a0\u00bb4.16&Prime; global_colors_info=\u00a0\u00bb{}\u00a0\u00bb][\/et_pb_wc_description][et_pb_wc_add_to_cart show_stock=\u00a0\u00bboff\u00a0\u00bb _builder_version=\u00a0\u00bb4.21.0&Prime; fields_background_color=\u00a0\u00bb#FFFFFF\u00a0\u00bb fields_text_color=\u00a0\u00bb#000000&Prime; fields_focus_background_color=\u00a0\u00bb#E02B20&Prime; hover_enabled=\u00a0\u00bb0&Prime; border_radii_fields=\u00a0\u00bbon|5px|5px|5px|5px\u00a0\u00bb border_width_all_fields=\u00a0\u00bb1px\u00a0\u00bb border_color_all_fields=\u00a0\u00bbrgba(191,191,191,0.42)\u00a0\u00bb global_colors_info=\u00a0\u00bb{}\u00a0\u00bb sticky_enabled=\u00a0\u00bb0&Prime;][\/et_pb_wc_add_to_cart][et_pb_divider show_divider=\u00a0\u00bboff\u00a0\u00bb _builder_version=\u00a0\u00bb4.21.0&Prime; _module_preset=\u00a0\u00bbdefault\u00a0\u00bb global_colors_info=\u00a0\u00bb{}\u00a0\u00bb][\/et_pb_divider][et_pb_text _builder_version=\u00a0\u00bb4.23.1&Prime; _module_preset=\u00a0\u00bbdefault\u00a0\u00bb hover_enabled=\u00a0\u00bb0&Prime; text_font_size_tablet=\u00a0\u00bb14px\u00a0\u00bb text_font_size_phone=\u00a0\u00bb14px\u00a0\u00bb text_font_size_last_edited=\u00a0\u00bbon|phone\u00a0\u00bb global_colors_info=\u00a0\u00bb{}\u00a0\u00bb sticky_enabled=\u00a0\u00bb0&Prime;]Sur cette page, vous pouvez offrir un soin aux cabinets de Nice ou de Paris \u00e0 une personne qui vous est ch\u00e8re mais aussi r\u00e9gler par avance votre prochaine consultation en b\u00e9n\u00e9ficiant du paiement en 3 \u00e0 4 fois sans frais avec PayPal ou Klarna.<\/p>\n<p>Au plaisir de vous retrouver en soin.<\/p>\n<p><img loading=\"lazy\" decoding=\"async\" src=\"https:\/\/julien-urnel.com\/wp-content\/uploads\/2023\/12\/Klarna-marketing-badge-pink-rgb.svg_.png\" width=\"50\" height=\"40\" alt=\"\" class=\"wp-image-30412 alignnone size-full\" \/><\/p>\n<p><img loading=\"lazy\" decoding=\"async\" src=\"https:\/\/julien-urnel.com\/wp-content\/uploads\/2023\/12\/Paypal-logo-300x80.png\" width=\"50\" height=\"80\" alt=\"\" class=\"wp-image-30544 alignnone size-medium\" \/>[\/et_pb_text][\/et_pb_column][\/et_pb_row][\/et_pb_section]<\/p>\n","protected":false},"excerpt":{"rendered":"<p>Sur cette page, vous pouvez offrir un soin aux cabinets de Nice ou de Paris \u00e0 une personne qui vous est ch\u00e8re mais aussi r\u00e9gler par avance votre prochaine consultation en b\u00e9n\u00e9ficiant du paiement en 3 \u00e0 4 fois sans frais avec PayPal ou Klarna. Au plaisir de vous retrouver en soin.<\/p>","protected":false},"featured_media":30036,"template":"","meta":{"_et_pb_use_builder":"on","_et_pb_old_content":"","_et_gb_content_width":""},"product_brand":[],"product_cat":[28],"product_tag":[],"class_list":{"0":"post-30257","1":"product","2":"type-product","3":"status-publish","4":"has-post-thumbnail","6":"product_cat-services-spirits","8":"first","9":"instock","10":"virtual","11":"purchasable","12":"product-type-simple"},"yoast_head":"<!-- This site is optimized with the Yoast SEO plugin v27.4 - https:\/\/yoast.com\/product\/yoast-seo-wordpress\/ -->\n<title>Soin Spirit de gu\u00e9rison \u00e0 distance - J.Urnel Gu\u00e9risseur Spirit<\/title>\n<meta name=\"description\" content=\"Soins \u00e9nerg\u00e9tiques de gu\u00e9rison \u00e0 distance par Julien Urnel m\u00e9dium gu\u00e9risseur Spirit. V\u00e9ritables soins de l&#039;\u00e2me pour r\u00e9tablir la sant\u00e9, l&#039;harmonie et bien plus...\" \/>\n<meta name=\"robots\" content=\"index, follow, max-snippet:-1, max-image-preview:large, max-video-preview:-1\" \/>\n<link rel=\"canonical\" href=\"https:\/\/julien-urnel.com\/en\/product\/spirit-of-healing-in-the-office\/\" \/>\n<meta property=\"og:locale\" content=\"en_US\" \/>\n<meta property=\"og:type\" content=\"article\" \/>\n<meta property=\"og:title\" content=\"Soin Spirit de gu\u00e9rison \u00e0 distance - J.Urnel Gu\u00e9risseur Spirit\" \/>\n<meta property=\"og:description\" content=\"Soins \u00e9nerg\u00e9tiques de gu\u00e9rison \u00e0 distance par Julien Urnel m\u00e9dium gu\u00e9risseur Spirit. V\u00e9ritables soins de l&#039;\u00e2me pour r\u00e9tablir la sant\u00e9, l&#039;harmonie et bien plus...\" \/>\n<meta property=\"og:url\" content=\"https:\/\/julien-urnel.com\/en\/product\/spirit-of-healing-in-the-office\/\" \/>\n<meta property=\"og:site_name\" content=\"Magn\u00e9tiseur Spirits Paris Nice | Julien Urnel\" \/>\n<meta property=\"article:modified_time\" content=\"2024-03-11T18:49:13+00:00\" \/>\n<meta property=\"og:image\" content=\"https:\/\/julien-urnel.com\/wp-content\/uploads\/2023\/06\/Julien-Urnel-Soin-guerison.png\" \/>\n\t<meta property=\"og:image:width\" content=\"1500\" \/>\n\t<meta property=\"og:image:height\" content=\"1071\" \/>\n\t<meta property=\"og:image:type\" content=\"image\/png\" \/>\n<meta name=\"twitter:card\" content=\"summary_large_image\" \/>\n<meta name=\"twitter:label1\" content=\"Est. reading time\" \/>\n\t<meta name=\"twitter:data1\" content=\"1 minute\" \/>\n<script type=\"application\/ld+json\" class=\"yoast-schema-graph\">{\"@context\":\"https:\\\/\\\/schema.org\",\"@graph\":[{\"@type\":\"WebPage\",\"@id\":\"https:\\\/\\\/julien-urnel.com\\\/produit\\\/soin-spirit-de-guerison-en-cabinet\\\/\",\"url\":\"https:\\\/\\\/julien-urnel.com\\\/produit\\\/soin-spirit-de-guerison-en-cabinet\\\/\",\"name\":\"Soin Spirit de gu\u00e9rison \u00e0 distance - J.Urnel Gu\u00e9risseur Spirit\",\"isPartOf\":{\"@id\":\"https:\\\/\\\/julien-urnel.com\\\/#website\"},\"primaryImageOfPage\":{\"@id\":\"https:\\\/\\\/julien-urnel.com\\\/produit\\\/soin-spirit-de-guerison-en-cabinet\\\/#primaryimage\"},\"image\":{\"@id\":\"https:\\\/\\\/julien-urnel.com\\\/produit\\\/soin-spirit-de-guerison-en-cabinet\\\/#primaryimage\"},\"thumbnailUrl\":\"https:\\\/\\\/julien-urnel.com\\\/wp-content\\\/uploads\\\/2023\\\/06\\\/Julien-Urnel-Soin-guerison.png\",\"datePublished\":\"2023-08-11T17:40:12+00:00\",\"dateModified\":\"2024-03-11T18:49:13+00:00\",\"description\":\"Soins \u00e9nerg\u00e9tiques de gu\u00e9rison \u00e0 distance par Julien Urnel m\u00e9dium gu\u00e9risseur Spirit. V\u00e9ritables soins de l'\u00e2me pour r\u00e9tablir la sant\u00e9, l'harmonie et bien plus...\",\"breadcrumb\":{\"@id\":\"https:\\\/\\\/julien-urnel.com\\\/produit\\\/soin-spirit-de-guerison-en-cabinet\\\/#breadcrumb\"},\"inLanguage\":\"en-US\",\"potentialAction\":[{\"@type\":\"ReadAction\",\"target\":[\"https:\\\/\\\/julien-urnel.com\\\/produit\\\/soin-spirit-de-guerison-en-cabinet\\\/\"]}]},{\"@type\":\"ImageObject\",\"inLanguage\":\"en-US\",\"@id\":\"https:\\\/\\\/julien-urnel.com\\\/produit\\\/soin-spirit-de-guerison-en-cabinet\\\/#primaryimage\",\"url\":\"https:\\\/\\\/julien-urnel.com\\\/wp-content\\\/uploads\\\/2023\\\/06\\\/Julien-Urnel-Soin-guerison.png\",\"contentUrl\":\"https:\\\/\\\/julien-urnel.com\\\/wp-content\\\/uploads\\\/2023\\\/06\\\/Julien-Urnel-Soin-guerison.png\",\"width\":1500,\"height\":1071},{\"@type\":\"BreadcrumbList\",\"@id\":\"https:\\\/\\\/julien-urnel.com\\\/produit\\\/soin-spirit-de-guerison-en-cabinet\\\/#breadcrumb\",\"itemListElement\":[{\"@type\":\"ListItem\",\"position\":1,\"name\":\"Accueil\",\"item\":\"https:\\\/\\\/julien-urnel.com\\\/\"},{\"@type\":\"ListItem\",\"position\":2,\"name\":\"Produits\",\"item\":\"https:\\\/\\\/julien-urnel.com\\\/guerisseur-magnetiseur\\\/\"},{\"@type\":\"ListItem\",\"position\":3,\"name\":\"Soin Spirit de gu\u00e9rison en cabinet \u2027 NICE ou PARIS\"}]},{\"@type\":\"WebSite\",\"@id\":\"https:\\\/\\\/julien-urnel.com\\\/#website\",\"url\":\"https:\\\/\\\/julien-urnel.com\\\/\",\"name\":\"Julien Urnel \u00c9nerg\u00e9ticien Spirit Paris\",\"description\":\"Vos \u00e9nergies, votre bien le plus pr\u00e9cieux !\",\"publisher\":{\"@id\":\"https:\\\/\\\/julien-urnel.com\\\/#\\\/schema\\\/person\\\/c485497f899df8843e30528b8382ab27\"},\"potentialAction\":[{\"@type\":\"SearchAction\",\"target\":{\"@type\":\"EntryPoint\",\"urlTemplate\":\"https:\\\/\\\/julien-urnel.com\\\/?s={search_term_string}\"},\"query-input\":{\"@type\":\"PropertyValueSpecification\",\"valueRequired\":true,\"valueName\":\"search_term_string\"}}],\"inLanguage\":\"en-US\"},{\"@type\":[\"Person\",\"Organization\"],\"@id\":\"https:\\\/\\\/julien-urnel.com\\\/#\\\/schema\\\/person\\\/c485497f899df8843e30528b8382ab27\",\"name\":\"Julien Urnel\",\"image\":{\"@type\":\"ImageObject\",\"inLanguage\":\"en-US\",\"@id\":\"https:\\\/\\\/julien-urnel.com\\\/wp-content\\\/uploads\\\/2022\\\/11\\\/JULIEN-URNEL-MAGNETISEUR-400X400.jpg\",\"url\":\"https:\\\/\\\/julien-urnel.com\\\/wp-content\\\/uploads\\\/2022\\\/11\\\/JULIEN-URNEL-MAGNETISEUR-400X400.jpg\",\"contentUrl\":\"https:\\\/\\\/julien-urnel.com\\\/wp-content\\\/uploads\\\/2022\\\/11\\\/JULIEN-URNEL-MAGNETISEUR-400X400.jpg\",\"width\":400,\"height\":400,\"caption\":\"Julien Urnel\"},\"logo\":{\"@id\":\"https:\\\/\\\/julien-urnel.com\\\/wp-content\\\/uploads\\\/2022\\\/11\\\/JULIEN-URNEL-MAGNETISEUR-400X400.jpg\"},\"sameAs\":[\"http:\\\/\\\/julien-urnel.com\",\"https:\\\/\\\/www.instagram.com\\\/julien.urnel\\\/\"]}]}<\/script>\n<!-- \/ Yoast SEO plugin. -->","yoast_head_json":{"title":"Spirit distance healing - J.Urnel Spirit Healer","description":"Remote energy healing by Julien Urnel Spirit medium healer. True healing of the soul to restore health, harmony and much more...","robots":{"index":"index","follow":"follow","max-snippet":"max-snippet:-1","max-image-preview":"max-image-preview:large","max-video-preview":"max-video-preview:-1"},"canonical":"https:\/\/julien-urnel.com\/en\/product\/spirit-of-healing-in-the-office\/","og_locale":"en_US","og_type":"article","og_title":"Soin Spirit de gu\u00e9rison \u00e0 distance - J.Urnel Gu\u00e9risseur Spirit","og_description":"Soins \u00e9nerg\u00e9tiques de gu\u00e9rison \u00e0 distance par Julien Urnel m\u00e9dium gu\u00e9risseur Spirit. V\u00e9ritables soins de l'\u00e2me pour r\u00e9tablir la sant\u00e9, l'harmonie et bien plus...","og_url":"https:\/\/julien-urnel.com\/en\/product\/spirit-of-healing-in-the-office\/","og_site_name":"Magn\u00e9tiseur Spirits Paris Nice | Julien Urnel","article_modified_time":"2024-03-11T18:49:13+00:00","og_image":[{"width":1500,"height":1071,"url":"https:\/\/julien-urnel.com\/wp-content\/uploads\/2023\/06\/Julien-Urnel-Soin-guerison.png","type":"image\/png"}],"twitter_card":"summary_large_image","twitter_misc":{"Est. reading time":"1 minute"},"schema":{"@context":"https:\/\/schema.org","@graph":[{"@type":"WebPage","@id":"https:\/\/julien-urnel.com\/produit\/soin-spirit-de-guerison-en-cabinet\/","url":"https:\/\/julien-urnel.com\/produit\/soin-spirit-de-guerison-en-cabinet\/","name":"Spirit distance healing - J.Urnel Spirit Healer","isPartOf":{"@id":"https:\/\/julien-urnel.com\/#website"},"primaryImageOfPage":{"@id":"https:\/\/julien-urnel.com\/produit\/soin-spirit-de-guerison-en-cabinet\/#primaryimage"},"image":{"@id":"https:\/\/julien-urnel.com\/produit\/soin-spirit-de-guerison-en-cabinet\/#primaryimage"},"thumbnailUrl":"https:\/\/julien-urnel.com\/wp-content\/uploads\/2023\/06\/Julien-Urnel-Soin-guerison.png","datePublished":"2023-08-11T17:40:12+00:00","dateModified":"2024-03-11T18:49:13+00:00","description":"Remote energy healing by Julien Urnel Spirit medium healer. True healing of the soul to restore health, harmony and much more...","breadcrumb":{"@id":"https:\/\/julien-urnel.com\/produit\/soin-spirit-de-guerison-en-cabinet\/#breadcrumb"},"inLanguage":"en-US","potentialAction":[{"@type":"ReadAction","target":["https:\/\/julien-urnel.com\/produit\/soin-spirit-de-guerison-en-cabinet\/"]}]},{"@type":"ImageObject","inLanguage":"en-US","@id":"https:\/\/julien-urnel.com\/produit\/soin-spirit-de-guerison-en-cabinet\/#primaryimage","url":"https:\/\/julien-urnel.com\/wp-content\/uploads\/2023\/06\/Julien-Urnel-Soin-guerison.png","contentUrl":"https:\/\/julien-urnel.com\/wp-content\/uploads\/2023\/06\/Julien-Urnel-Soin-guerison.png","width":1500,"height":1071},{"@type":"BreadcrumbList","@id":"https:\/\/julien-urnel.com\/produit\/soin-spirit-de-guerison-en-cabinet\/#breadcrumb","itemListElement":[{"@type":"ListItem","position":1,"name":"Accueil","item":"https:\/\/julien-urnel.com\/"},{"@type":"ListItem","position":2,"name":"Produits","item":"https:\/\/julien-urnel.com\/guerisseur-magnetiseur\/"},{"@type":"ListItem","position":3,"name":"Soin Spirit de gu\u00e9rison en cabinet \u2027 NICE ou PARIS"}]},{"@type":"WebSite","@id":"https:\/\/julien-urnel.com\/#website","url":"https:\/\/julien-urnel.com\/","name":"Julien Urnel Energ\u00e9ticien Spirit Paris","description":"Your energies, your most precious asset!","publisher":{"@id":"https:\/\/julien-urnel.com\/#\/schema\/person\/c485497f899df8843e30528b8382ab27"},"potentialAction":[{"@type":"SearchAction","target":{"@type":"EntryPoint","urlTemplate":"https:\/\/julien-urnel.com\/?s={search_term_string}"},"query-input":{"@type":"PropertyValueSpecification","valueRequired":true,"valueName":"search_term_string"}}],"inLanguage":"en-US"},{"@type":["Person","Organization"],"@id":"https:\/\/julien-urnel.com\/#\/schema\/person\/c485497f899df8843e30528b8382ab27","name":"Julien Urnel","image":{"@type":"ImageObject","inLanguage":"en-US","@id":"https:\/\/julien-urnel.com\/wp-content\/uploads\/2022\/11\/JULIEN-URNEL-MAGNETISEUR-400X400.jpg","url":"https:\/\/julien-urnel.com\/wp-content\/uploads\/2022\/11\/JULIEN-URNEL-MAGNETISEUR-400X400.jpg","contentUrl":"https:\/\/julien-urnel.com\/wp-content\/uploads\/2022\/11\/JULIEN-URNEL-MAGNETISEUR-400X400.jpg","width":400,"height":400,"caption":"Julien Urnel"},"logo":{"@id":"https:\/\/julien-urnel.com\/wp-content\/uploads\/2022\/11\/JULIEN-URNEL-MAGNETISEUR-400X400.jpg"},"sameAs":["http:\/\/julien-urnel.com","https:\/\/www.instagram.com\/julien.urnel\/"]}]}},"_links":{"self":[{"href":"https:\/\/julien-urnel.com\/en\/wp-json\/wp\/v2\/product\/30257","targetHints":{"allow":["GET"]}}],"collection":[{"href":"https:\/\/julien-urnel.com\/en\/wp-json\/wp\/v2\/product"}],"about":[{"href":"https:\/\/julien-urnel.com\/en\/wp-json\/wp\/v2\/types\/product"}],"wp:featuredmedia":[{"embeddable":true,"href":"https:\/\/julien-urnel.com\/en\/wp-json\/wp\/v2\/media\/30036"}],"wp:attachment":[{"href":"https:\/\/julien-urnel.com\/en\/wp-json\/wp\/v2\/media?parent=30257"}],"wp:term":[{"taxonomy":"product_brand","embeddable":true,"href":"https:\/\/julien-urnel.com\/en\/wp-json\/wp\/v2\/product_brand?post=30257"},{"taxonomy":"product_cat","embeddable":true,"href":"https:\/\/julien-urnel.com\/en\/wp-json\/wp\/v2\/product_cat?post=30257"},{"taxonomy":"product_tag","embeddable":true,"href":"https:\/\/julien-urnel.com\/en\/wp-json\/wp\/v2\/product_tag?post=30257"}],"curies":[{"name":"wp","href":"https:\/\/api.w.org\/{rel}","templated":true}]}}