{"id":28867,"date":"2022-11-22T14:09:07","date_gmt":"2022-11-22T13:09:07","guid":{"rendered":"https:\/\/ga9yaawcil.preview.infomaniak.website\/?post_type=product&#038;p=28867"},"modified":"2026-02-11T11:20:50","modified_gmt":"2026-02-11T10:20:50","slug":"distance-healing-spirit-care","status":"publish","type":"product","link":"https:\/\/julien-urnel.com\/en\/product\/distance-healing-spirit-care\/","title":{"rendered":"SPIRIT REMOTE HEALING TREATMENT \u2027 All locations"},"content":{"rendered":"<p>[et_pb_section fb_built=\u00a0\u00bb1&Prime; _builder_version=\u00a0\u00bb4.27.4&Prime; width=\u00a0\u00bb100%\u00a0\u00bb max_width=\u00a0\u00bb100%\u00a0\u00bb custom_margin=\u00a0\u00bb-30px||||false|false\u00a0\u00bb global_colors_info=\u00a0\u00bb{}\u00a0\u00bb][et_pb_row column_structure=\u00a0\u00bb1_2,1_2&Prime; _builder_version=\u00a0\u00bb4.27.4&Prime; background_size=\u00a0\u00bbinitial\u00a0\u00bb background_position=\u00a0\u00bbtop_left\u00a0\u00bb background_repeat=\u00a0\u00bbrepeat\u00a0\u00bb width=\u00a0\u00bb100%\u00a0\u00bb max_width=\u00a0\u00bb100%\u00a0\u00bb hover_enabled=\u00a0\u00bb0&Prime; global_colors_info=\u00a0\u00bb{}\u00a0\u00bb custom_margin=\u00a0\u00bb-50px||||false|false\u00a0\u00bb custom_margin_last_edited=\u00a0\u00bbon|phone\u00a0\u00bb sticky_enabled=\u00a0\u00bb0&Prime; custom_margin_tablet=\u00a0\u00bb-70px||||false|false\u00a0\u00bb custom_margin_phone=\u00a0\u00bb-70px||||false|false\u00a0\u00bb][et_pb_column type=\u00a0\u00bb1_2&Prime; _builder_version=\u00a0\u00bb4.16&Prime; custom_padding=\u00a0\u00bb|||\u00a0\u00bb global_colors_info=\u00a0\u00bb{}\u00a0\u00bb custom_padding__hover=\u00a0\u00bb|||\u00a0\u00bb][et_pb_text _builder_version=\u00a0\u00bb4.27.4&Prime; _module_preset=\u00a0\u00bbdefault\u00a0\u00bb text_font_size=\u00a0\u00bb14px\u00a0\u00bb text_font_size_tablet=\u00a0\u00bb12px\u00a0\u00bb text_font_size_phone=\u00a0\u00bb12px\u00a0\u00bb text_font_size_last_edited=\u00a0\u00bbon|tablet\u00a0\u00bb global_colors_info=\u00a0\u00bb{}\u00a0\u00bb]<\/p>\n<p><a href=\"https:\/\/julien-urnel.com\/\">Accueil<\/a> \/ <a href=\"https:\/\/julien-urnel.com\/soins-spirits\/\">Soins Spirits<\/a> \/ Soin \u00e9nerg\u00e9tique Spirits \u00e0 distance<\/p>\n<p>[\/et_pb_text][et_pb_image src=\u00a0\u00bbhttps:\/\/julien-urnel.com\/wp-content\/uploads\/2023\/06\/Julien-Urnel-Soin-guerison.png\u00a0\u00bb title_text=\u00a0\u00bbJulien Urnel Soin gue\u0301rison\u00a0\u00bb _builder_version=\u00a0\u00bb4.27.4&Prime; _module_preset=\u00a0\u00bbdefault\u00a0\u00bb max_width=\u00a0\u00bb60%\u00a0\u00bb max_width_tablet=\u00a0\u00bb63%\u00a0\u00bb max_width_phone=\u00a0\u00bb85%\u00a0\u00bb max_width_last_edited=\u00a0\u00bbon|phone\u00a0\u00bb global_colors_info=\u00a0\u00bb{}\u00a0\u00bb][\/et_pb_image][et_pb_text _builder_version=\u00a0\u00bb4.27.4&Prime; _module_preset=\u00a0\u00bbdefault\u00a0\u00bb header_font=\u00a0\u00bb||||||||\u00a0\u00bb header_font_size_tablet=\u00a0\u00bb25px\u00a0\u00bb header_font_size_phone=\u00a0\u00bb25px\u00a0\u00bb header_font_size_last_edited=\u00a0\u00bbon|desktop\u00a0\u00bb global_colors_info=\u00a0\u00bb{}\u00a0\u00bb]<\/p>\n<h2>Soin \u00e9nerg\u00e9tique Spirits \u00e0 distance<\/h2>\n<p>[\/et_pb_text][et_pb_wc_price _builder_version=\u00a0\u00bb4.27.4&Prime; _module_preset=\u00a0\u00bbdefault\u00a0\u00bb body_text_color=\u00a0\u00bb#000000&Prime; global_colors_info=\u00a0\u00bb{}\u00a0\u00bb][\/et_pb_wc_price][et_pb_wc_add_to_cart show_quantity=\u00a0\u00bboff\u00a0\u00bb show_stock=\u00a0\u00bboff\u00a0\u00bb field_label_position=\u00a0\u00bbstacked\u00a0\u00bb _builder_version=\u00a0\u00bb4.27.4&Prime; fields_background_color=\u00a0\u00bbrgba(0,0,0,0.15)\u00a0\u00bb fields_text_color=\u00a0\u00bb#000000&Prime; fields_focus_background_color=\u00a0\u00bbrgba(0,0,0,0.15)\u00a0\u00bb dropdown_menus_font_size=\u00a0\u00bb14px\u00a0\u00bb border_radii_fields=\u00a0\u00bbon|5px|5px|5px|5px\u00a0\u00bb border_width_all_fields=\u00a0\u00bb1px\u00a0\u00bb border_color_all_fields=\u00a0\u00bbrgba(191,191,191,0.42)\u00a0\u00bb global_colors_info=\u00a0\u00bb{}\u00a0\u00bb][\/et_pb_wc_add_to_cart][et_pb_wc_description _builder_version=\u00a0\u00bb4.16&Prime; global_colors_info=\u00a0\u00bb{}\u00a0\u00bb][\/et_pb_wc_description][\/et_pb_column][et_pb_column type=\u00a0\u00bb1_2&Prime; _builder_version=\u00a0\u00bb4.27.4&Prime; _module_preset=\u00a0\u00bbdefault\u00a0\u00bb global_colors_info=\u00a0\u00bb{}\u00a0\u00bb][et_pb_text _builder_version=\u00a0\u00bb4.27.4&Prime; _module_preset=\u00a0\u00bbdefault\u00a0\u00bb text_font_size_tablet=\u00a0\u00bb14px\u00a0\u00bb text_font_size_phone=\u00a0\u00bb14px\u00a0\u00bb text_font_size_last_edited=\u00a0\u00bbon|phone\u00a0\u00bb global_colors_info=\u00a0\u00bb{}\u00a0\u00bb]<\/p>\n<p style=\"text-align: justify;\">D\u00e9couvrez les soins Spirits \u00e0 distance qui permettent aux personnes ne pouvant se d\u00e9placer en cabinet de b\u00e9n\u00e9ficier d&rsquo;un v\u00e9ritable soin \u00e9nerg\u00e9tique de gu\u00e9rison quelque soit leur localisation.<\/p>\n<p style=\"text-align: justify;\">Un soin \u00e9nerg\u00e9tique Spirit de gu\u00e9rison \u00e0 distance permet d&rsquo;intervenir avec autant d&rsquo;efficacit\u00e9 qu&rsquo;un soin re\u00e7u en cabinet quelque soit votre demande ou probl\u00e9matique du moment, physique ou dans une autre dimension de votre \u00eatre.<\/p>\n<p style=\"text-align: justify;\">Les soins Spirits \u00e0 distance sont adapt\u00e9s aux urgences ainsi que pour les soins programm\u00e9s ou de pr\u00e9vention.<\/p>\n<p style=\"text-align: justify;\">C&rsquo;est en coop\u00e9ration avec votre \u00e2me qu&rsquo;un travail \u00e9nerg\u00e9tique en conscience sera r\u00e9alis\u00e9 dans des dimensions bien sp\u00e9cifiques toujours dans votre int\u00e9r\u00eat et celui des autres.<\/p>\n<p style=\"text-align: justify;\">Vous pouvez faire une demande de soin pour vous-m\u00eame mais aussi pour votre enfant ou un proche en suivant la m\u00eame proc\u00e9dure.<\/p>\n<p>[\/et_pb_text][\/et_pb_column][\/et_pb_row][\/et_pb_section]<\/p>\n","protected":false},"excerpt":{"rendered":"<p>Accueil \/ Soins Spirits \/ Soin \u00e9nerg\u00e9tique Spirits \u00e0 distanceSoin \u00e9nerg\u00e9tique Spirits \u00e0 distanceD\u00e9couvrez les soins Spirits \u00e0 distance qui permettent aux personnes ne pouvant se d\u00e9placer en cabinet de b\u00e9n\u00e9ficier d&rsquo;un v\u00e9ritable soin \u00e9nerg\u00e9tique de gu\u00e9rison quelque soit leur localisation. Un soin \u00e9nerg\u00e9tique Spirit de gu\u00e9rison \u00e0 distance permet d&rsquo;intervenir avec autant d&rsquo;efficacit\u00e9 qu&rsquo;un [&hellip;]<\/p>\n","protected":false},"featured_media":30036,"template":"","meta":{"_et_pb_use_builder":"on","_et_pb_old_content":"","_et_gb_content_width":""},"product_brand":[],"product_cat":[28],"product_tag":[],"class_list":{"0":"post-28867","1":"product","2":"type-product","3":"status-publish","4":"has-post-thumbnail","6":"product_cat-services-spirits","8":"first","9":"instock","10":"virtual","11":"purchasable","12":"product-type-simple"},"yoast_head":"<!-- This site is optimized with the Yoast SEO plugin v27.4 - https:\/\/yoast.com\/product\/yoast-seo-wordpress\/ -->\n<title>Soin Spirit de gu\u00e9rison \u00e0 distance - J.Urnel Gu\u00e9risseur Spirit<\/title>\n<meta name=\"description\" content=\"D\u00e9couvrez le soin \u00e9nerg\u00e9tique Spirit de gu\u00e9rison \u00e0 distance avec Julien Urnel. Profitez d\u2019une exp\u00e9rience unique, sans d\u00e9placement, pour lib\u00e9rer vos \u00e9nergies bloqu\u00e9es et retrouver bien-\u00eatre et s\u00e9r\u00e9nit\u00e9, o\u00f9 que vous soyez.\" \/>\n<meta name=\"robots\" content=\"index, follow, max-snippet:-1, max-image-preview:large, max-video-preview:-1\" \/>\n<link rel=\"canonical\" href=\"https:\/\/julien-urnel.com\/en\/product\/distance-healing-spirit-care\/\" \/>\n<meta property=\"og:locale\" content=\"en_US\" \/>\n<meta property=\"og:type\" content=\"article\" \/>\n<meta property=\"og:title\" content=\"Soin Spirit de gu\u00e9rison \u00e0 distance - J.Urnel Gu\u00e9risseur Spirit\" \/>\n<meta property=\"og:description\" content=\"D\u00e9couvrez le soin \u00e9nerg\u00e9tique Spirit de gu\u00e9rison \u00e0 distance avec Julien Urnel. Profitez d\u2019une exp\u00e9rience unique, sans d\u00e9placement, pour lib\u00e9rer vos \u00e9nergies bloqu\u00e9es et retrouver bien-\u00eatre et s\u00e9r\u00e9nit\u00e9, o\u00f9 que vous soyez.\" \/>\n<meta property=\"og:url\" content=\"https:\/\/julien-urnel.com\/en\/product\/distance-healing-spirit-care\/\" \/>\n<meta property=\"og:site_name\" content=\"Magn\u00e9tiseur Spirits Paris Nice | Julien Urnel\" \/>\n<meta property=\"article:modified_time\" content=\"2026-02-11T10:20:50+00:00\" \/>\n<meta property=\"og:image\" content=\"https:\/\/julien-urnel.com\/wp-content\/uploads\/2023\/06\/Julien-Urnel-Soin-guerison.png\" \/>\n\t<meta property=\"og:image:width\" content=\"1500\" \/>\n\t<meta property=\"og:image:height\" content=\"1071\" \/>\n\t<meta property=\"og:image:type\" content=\"image\/png\" \/>\n<meta name=\"twitter:card\" content=\"summary_large_image\" \/>\n<meta name=\"twitter:label1\" content=\"Est. reading time\" \/>\n\t<meta name=\"twitter:data1\" content=\"4 minutes\" \/>\n<script type=\"application\/ld+json\" class=\"yoast-schema-graph\">{\"@context\":\"https:\\\/\\\/schema.org\",\"@graph\":[{\"@type\":\"WebPage\",\"@id\":\"https:\\\/\\\/julien-urnel.com\\\/produit\\\/soin-spirit-de-guerison-a-distance\\\/\",\"url\":\"https:\\\/\\\/julien-urnel.com\\\/produit\\\/soin-spirit-de-guerison-a-distance\\\/\",\"name\":\"Soin Spirit de gu\u00e9rison \u00e0 distance - J.Urnel Gu\u00e9risseur Spirit\",\"isPartOf\":{\"@id\":\"https:\\\/\\\/julien-urnel.com\\\/#website\"},\"primaryImageOfPage\":{\"@id\":\"https:\\\/\\\/julien-urnel.com\\\/produit\\\/soin-spirit-de-guerison-a-distance\\\/#primaryimage\"},\"image\":{\"@id\":\"https:\\\/\\\/julien-urnel.com\\\/produit\\\/soin-spirit-de-guerison-a-distance\\\/#primaryimage\"},\"thumbnailUrl\":\"https:\\\/\\\/julien-urnel.com\\\/wp-content\\\/uploads\\\/2023\\\/06\\\/Julien-Urnel-Soin-guerison.png\",\"datePublished\":\"2022-11-22T13:09:07+00:00\",\"dateModified\":\"2026-02-11T10:20:50+00:00\",\"description\":\"D\u00e9couvrez le soin \u00e9nerg\u00e9tique Spirit de gu\u00e9rison \u00e0 distance avec Julien Urnel. Profitez d\u2019une exp\u00e9rience unique, sans d\u00e9placement, pour lib\u00e9rer vos \u00e9nergies bloqu\u00e9es et retrouver bien-\u00eatre et s\u00e9r\u00e9nit\u00e9, o\u00f9 que vous soyez.\",\"breadcrumb\":{\"@id\":\"https:\\\/\\\/julien-urnel.com\\\/produit\\\/soin-spirit-de-guerison-a-distance\\\/#breadcrumb\"},\"inLanguage\":\"en-US\",\"potentialAction\":[{\"@type\":\"ReadAction\",\"target\":[\"https:\\\/\\\/julien-urnel.com\\\/produit\\\/soin-spirit-de-guerison-a-distance\\\/\"]}]},{\"@type\":\"ImageObject\",\"inLanguage\":\"en-US\",\"@id\":\"https:\\\/\\\/julien-urnel.com\\\/produit\\\/soin-spirit-de-guerison-a-distance\\\/#primaryimage\",\"url\":\"https:\\\/\\\/julien-urnel.com\\\/wp-content\\\/uploads\\\/2023\\\/06\\\/Julien-Urnel-Soin-guerison.png\",\"contentUrl\":\"https:\\\/\\\/julien-urnel.com\\\/wp-content\\\/uploads\\\/2023\\\/06\\\/Julien-Urnel-Soin-guerison.png\",\"width\":1500,\"height\":1071},{\"@type\":\"BreadcrumbList\",\"@id\":\"https:\\\/\\\/julien-urnel.com\\\/produit\\\/soin-spirit-de-guerison-a-distance\\\/#breadcrumb\",\"itemListElement\":[{\"@type\":\"ListItem\",\"position\":1,\"name\":\"Accueil\",\"item\":\"https:\\\/\\\/julien-urnel.com\\\/\"},{\"@type\":\"ListItem\",\"position\":2,\"name\":\"Produits\",\"item\":\"https:\\\/\\\/julien-urnel.com\\\/guerisseur-magnetiseur\\\/\"},{\"@type\":\"ListItem\",\"position\":3,\"name\":\"SOIN SPIRIT DE GU\u00c9RISON \u00c0 DISTANCE \u2027 Toutes localit\u00e9s\"}]},{\"@type\":\"WebSite\",\"@id\":\"https:\\\/\\\/julien-urnel.com\\\/#website\",\"url\":\"https:\\\/\\\/julien-urnel.com\\\/\",\"name\":\"Julien Urnel \u00c9nerg\u00e9ticien Spirit Paris\",\"description\":\"Vos \u00e9nergies, votre bien le plus pr\u00e9cieux !\",\"publisher\":{\"@id\":\"https:\\\/\\\/julien-urnel.com\\\/#\\\/schema\\\/person\\\/c485497f899df8843e30528b8382ab27\"},\"potentialAction\":[{\"@type\":\"SearchAction\",\"target\":{\"@type\":\"EntryPoint\",\"urlTemplate\":\"https:\\\/\\\/julien-urnel.com\\\/?s={search_term_string}\"},\"query-input\":{\"@type\":\"PropertyValueSpecification\",\"valueRequired\":true,\"valueName\":\"search_term_string\"}}],\"inLanguage\":\"en-US\"},{\"@type\":[\"Person\",\"Organization\"],\"@id\":\"https:\\\/\\\/julien-urnel.com\\\/#\\\/schema\\\/person\\\/c485497f899df8843e30528b8382ab27\",\"name\":\"Julien Urnel\",\"image\":{\"@type\":\"ImageObject\",\"inLanguage\":\"en-US\",\"@id\":\"https:\\\/\\\/julien-urnel.com\\\/wp-content\\\/uploads\\\/2022\\\/11\\\/JULIEN-URNEL-MAGNETISEUR-400X400.jpg\",\"url\":\"https:\\\/\\\/julien-urnel.com\\\/wp-content\\\/uploads\\\/2022\\\/11\\\/JULIEN-URNEL-MAGNETISEUR-400X400.jpg\",\"contentUrl\":\"https:\\\/\\\/julien-urnel.com\\\/wp-content\\\/uploads\\\/2022\\\/11\\\/JULIEN-URNEL-MAGNETISEUR-400X400.jpg\",\"width\":400,\"height\":400,\"caption\":\"Julien Urnel\"},\"logo\":{\"@id\":\"https:\\\/\\\/julien-urnel.com\\\/wp-content\\\/uploads\\\/2022\\\/11\\\/JULIEN-URNEL-MAGNETISEUR-400X400.jpg\"},\"sameAs\":[\"http:\\\/\\\/julien-urnel.com\",\"https:\\\/\\\/www.instagram.com\\\/julien.urnel\\\/\"]}]}<\/script>\n<!-- \/ Yoast SEO plugin. -->","yoast_head_json":{"title":"Spirit distance healing - J.Urnel Spirit Healer","description":"Discover Spirit energy healing at a distance with Julien Urnel. Enjoy a unique experience, without travelling, to free your blocked energies and regain well-being and serenity, wherever you are.","robots":{"index":"index","follow":"follow","max-snippet":"max-snippet:-1","max-image-preview":"max-image-preview:large","max-video-preview":"max-video-preview:-1"},"canonical":"https:\/\/julien-urnel.com\/en\/product\/distance-healing-spirit-care\/","og_locale":"en_US","og_type":"article","og_title":"Soin Spirit de gu\u00e9rison \u00e0 distance - J.Urnel Gu\u00e9risseur Spirit","og_description":"D\u00e9couvrez le soin \u00e9nerg\u00e9tique Spirit de gu\u00e9rison \u00e0 distance avec Julien Urnel. Profitez d\u2019une exp\u00e9rience unique, sans d\u00e9placement, pour lib\u00e9rer vos \u00e9nergies bloqu\u00e9es et retrouver bien-\u00eatre et s\u00e9r\u00e9nit\u00e9, o\u00f9 que vous soyez.","og_url":"https:\/\/julien-urnel.com\/en\/product\/distance-healing-spirit-care\/","og_site_name":"Magn\u00e9tiseur Spirits Paris Nice | Julien Urnel","article_modified_time":"2026-02-11T10:20:50+00:00","og_image":[{"width":1500,"height":1071,"url":"https:\/\/julien-urnel.com\/wp-content\/uploads\/2023\/06\/Julien-Urnel-Soin-guerison.png","type":"image\/png"}],"twitter_card":"summary_large_image","twitter_misc":{"Est. reading time":"4 minutes"},"schema":{"@context":"https:\/\/schema.org","@graph":[{"@type":"WebPage","@id":"https:\/\/julien-urnel.com\/produit\/soin-spirit-de-guerison-a-distance\/","url":"https:\/\/julien-urnel.com\/produit\/soin-spirit-de-guerison-a-distance\/","name":"Spirit distance healing - J.Urnel Spirit Healer","isPartOf":{"@id":"https:\/\/julien-urnel.com\/#website"},"primaryImageOfPage":{"@id":"https:\/\/julien-urnel.com\/produit\/soin-spirit-de-guerison-a-distance\/#primaryimage"},"image":{"@id":"https:\/\/julien-urnel.com\/produit\/soin-spirit-de-guerison-a-distance\/#primaryimage"},"thumbnailUrl":"https:\/\/julien-urnel.com\/wp-content\/uploads\/2023\/06\/Julien-Urnel-Soin-guerison.png","datePublished":"2022-11-22T13:09:07+00:00","dateModified":"2026-02-11T10:20:50+00:00","description":"Discover Spirit energy healing at a distance with Julien Urnel. Enjoy a unique experience, without travelling, to free your blocked energies and regain well-being and serenity, wherever you are.","breadcrumb":{"@id":"https:\/\/julien-urnel.com\/produit\/soin-spirit-de-guerison-a-distance\/#breadcrumb"},"inLanguage":"en-US","potentialAction":[{"@type":"ReadAction","target":["https:\/\/julien-urnel.com\/produit\/soin-spirit-de-guerison-a-distance\/"]}]},{"@type":"ImageObject","inLanguage":"en-US","@id":"https:\/\/julien-urnel.com\/produit\/soin-spirit-de-guerison-a-distance\/#primaryimage","url":"https:\/\/julien-urnel.com\/wp-content\/uploads\/2023\/06\/Julien-Urnel-Soin-guerison.png","contentUrl":"https:\/\/julien-urnel.com\/wp-content\/uploads\/2023\/06\/Julien-Urnel-Soin-guerison.png","width":1500,"height":1071},{"@type":"BreadcrumbList","@id":"https:\/\/julien-urnel.com\/produit\/soin-spirit-de-guerison-a-distance\/#breadcrumb","itemListElement":[{"@type":"ListItem","position":1,"name":"Accueil","item":"https:\/\/julien-urnel.com\/"},{"@type":"ListItem","position":2,"name":"Produits","item":"https:\/\/julien-urnel.com\/guerisseur-magnetiseur\/"},{"@type":"ListItem","position":3,"name":"SOIN SPIRIT DE GU\u00c9RISON \u00c0 DISTANCE \u2027 Toutes localit\u00e9s"}]},{"@type":"WebSite","@id":"https:\/\/julien-urnel.com\/#website","url":"https:\/\/julien-urnel.com\/","name":"Julien Urnel Energ\u00e9ticien Spirit Paris","description":"Your energies, your most precious asset!","publisher":{"@id":"https:\/\/julien-urnel.com\/#\/schema\/person\/c485497f899df8843e30528b8382ab27"},"potentialAction":[{"@type":"SearchAction","target":{"@type":"EntryPoint","urlTemplate":"https:\/\/julien-urnel.com\/?s={search_term_string}"},"query-input":{"@type":"PropertyValueSpecification","valueRequired":true,"valueName":"search_term_string"}}],"inLanguage":"en-US"},{"@type":["Person","Organization"],"@id":"https:\/\/julien-urnel.com\/#\/schema\/person\/c485497f899df8843e30528b8382ab27","name":"Julien Urnel","image":{"@type":"ImageObject","inLanguage":"en-US","@id":"https:\/\/julien-urnel.com\/wp-content\/uploads\/2022\/11\/JULIEN-URNEL-MAGNETISEUR-400X400.jpg","url":"https:\/\/julien-urnel.com\/wp-content\/uploads\/2022\/11\/JULIEN-URNEL-MAGNETISEUR-400X400.jpg","contentUrl":"https:\/\/julien-urnel.com\/wp-content\/uploads\/2022\/11\/JULIEN-URNEL-MAGNETISEUR-400X400.jpg","width":400,"height":400,"caption":"Julien Urnel"},"logo":{"@id":"https:\/\/julien-urnel.com\/wp-content\/uploads\/2022\/11\/JULIEN-URNEL-MAGNETISEUR-400X400.jpg"},"sameAs":["http:\/\/julien-urnel.com","https:\/\/www.instagram.com\/julien.urnel\/"]}]}},"_links":{"self":[{"href":"https:\/\/julien-urnel.com\/en\/wp-json\/wp\/v2\/product\/28867","targetHints":{"allow":["GET"]}}],"collection":[{"href":"https:\/\/julien-urnel.com\/en\/wp-json\/wp\/v2\/product"}],"about":[{"href":"https:\/\/julien-urnel.com\/en\/wp-json\/wp\/v2\/types\/product"}],"wp:featuredmedia":[{"embeddable":true,"href":"https:\/\/julien-urnel.com\/en\/wp-json\/wp\/v2\/media\/30036"}],"wp:attachment":[{"href":"https:\/\/julien-urnel.com\/en\/wp-json\/wp\/v2\/media?parent=28867"}],"wp:term":[{"taxonomy":"product_brand","embeddable":true,"href":"https:\/\/julien-urnel.com\/en\/wp-json\/wp\/v2\/product_brand?post=28867"},{"taxonomy":"product_cat","embeddable":true,"href":"https:\/\/julien-urnel.com\/en\/wp-json\/wp\/v2\/product_cat?post=28867"},{"taxonomy":"product_tag","embeddable":true,"href":"https:\/\/julien-urnel.com\/en\/wp-json\/wp\/v2\/product_tag?post=28867"}],"curies":[{"name":"wp","href":"https:\/\/api.w.org\/{rel}","templated":true}]}}