{"id":32858,"date":"2026-02-06T17:18:52","date_gmt":"2026-02-06T16:18:52","guid":{"rendered":"https:\/\/julien-urnel.com\/?page_id=32858"},"modified":"2026-02-10T16:12:16","modified_gmt":"2026-02-10T15:12:16","slug":"contact","status":"publish","type":"page","link":"https:\/\/julien-urnel.com\/en\/contact\/","title":{"rendered":"Contact : Soins Spirits de vos \u00e9nergies"},"content":{"rendered":"<p>[et_pb_section fb_built=\u00a0\u00bb1&Prime; module_id=\u00a0\u00bbme-contacter\u00a0\u00bb _builder_version=\u00a0\u00bb4.27.4&Prime; _module_preset=\u00a0\u00bbdefault\u00a0\u00bb background_enable_color=\u00a0\u00bboff\u00a0\u00bb custom_margin=\u00a0\u00bb||||false|false\u00a0\u00bb custom_margin_tablet=\u00a0\u00bb\u00a0\u00bb custom_margin_phone=\u00a0\u00bb\u00a0\u00bb custom_margin_last_edited=\u00a0\u00bbon|desktop\u00a0\u00bb saved_tabs=\u00a0\u00bball\u00a0\u00bb global_colors_info=\u00a0\u00bb{}\u00a0\u00bb][et_pb_row make_equal=\u00a0\u00bbon\u00a0\u00bb _builder_version=\u00a0\u00bb4.27.4&Prime; _module_preset=\u00a0\u00bbdefault\u00a0\u00bb background_enable_color=\u00a0\u00bboff\u00a0\u00bb parallax=\u00a0\u00bbon\u00a0\u00bb width=\u00a0\u00bb100%\u00a0\u00bb max_width=\u00a0\u00bb50%\u00a0\u00bb max_width_tablet=\u00a0\u00bb80%\u00a0\u00bb max_width_phone=\u00a0\u00bb80%\u00a0\u00bb max_width_last_edited=\u00a0\u00bbon|phone\u00a0\u00bb custom_margin_last_edited=\u00a0\u00bboff|desktop\u00a0\u00bb custom_padding=\u00a0\u00bb||||false|false\u00a0\u00bb border_radii=\u00a0\u00bbon|10px|10px|10px|10px\u00a0\u00bb border_color_all=\u00a0\u00bb#ffe691&Prime; global_colors_info=\u00a0\u00bb{}\u00a0\u00bb][et_pb_column type=\u00a0\u00bb4_4&Prime; _builder_version=\u00a0\u00bb4.19.1&Prime; _module_preset=\u00a0\u00bbdefault\u00a0\u00bb global_colors_info=\u00a0\u00bb{}\u00a0\u00bb][et_pb_text _builder_version=\u00a0\u00bb4.27.4&Prime; _module_preset=\u00a0\u00bbdefault\u00a0\u00bb text_text_color=\u00a0\u00bb#007FE0&Prime; header_font=\u00a0\u00bb||||||||\u00a0\u00bb header_2_font=\u00a0\u00bb|700|||||||\u00a0\u00bb header_2_text_align=\u00a0\u00bbcenter\u00a0\u00bb text_font_size_tablet=\u00a0\u00bb\u00a0\u00bb text_font_size_phone=\u00a0\u00bb\u00a0\u00bb text_font_size_last_edited=\u00a0\u00bbon|desktop\u00a0\u00bb header_font_size_tablet=\u00a0\u00bb\u00a0\u00bb header_font_size_phone=\u00a0\u00bb\u00a0\u00bb header_font_size_last_edited=\u00a0\u00bbon|phone\u00a0\u00bb header_2_text_shadow_style=\u00a0\u00bbpreset3&Prime; header_2_text_shadow_color=\u00a0\u00bb#FFFFFF\u00a0\u00bb global_colors_info=\u00a0\u00bb{}\u00a0\u00bb]<\/p>\n<h1 style=\"text-align: center;\"><span style=\"color: rgba(0, 0, 0, 0.75);\">Me contacter<\/span><\/h1>\n<p>[\/et_pb_text][et_pb_text _builder_version=\u00a0\u00bb4.27.4&Prime; _module_preset=\u00a0\u00bbdefault\u00a0\u00bb header_font=\u00a0\u00bb|700|||||||\u00a0\u00bb text_font_size_tablet=\u00a0\u00bb14px\u00a0\u00bb text_font_size_phone=\u00a0\u00bb14px\u00a0\u00bb text_font_size_last_edited=\u00a0\u00bbon|phone\u00a0\u00bb global_colors_info=\u00a0\u00bb{}\u00a0\u00bb]<\/p>\n<p style=\"text-align: center;\">Pour me contacter, je vous remercie de compl\u00e9ter ce formulaire<\/p>\n<p>[\/et_pb_text][et_pb_contact_form captcha=\u00a0\u00bboff\u00a0\u00bb email=\u00a0\u00bbcontact@julien-urnel.com\u00a0\u00bb success_message=\u00a0\u00bbMerci pour votre message. Je vous r\u00e9pondrai d\u00e8s que possible.\u00a0\u00bb submit_button_text=\u00a0\u00bbEnvoyer\u00a0\u00bb _builder_version=\u00a0\u00bb4.27.4&Prime; _module_preset=\u00a0\u00bbdefault\u00a0\u00bb _unique_id=\u00a0\u00bb6894a88b-e8ff-4ace-882e-f850d3690ca5&Prime; form_field_background_color=\u00a0\u00bb#FFFFFF\u00a0\u00bb form_field_text_color=\u00a0\u00bbrgba(0,0,0,0.75)\u00a0\u00bb title_font=\u00a0\u00bb||||||||\u00a0\u00bb captcha_font=\u00a0\u00bb|300|||||||\u00a0\u00bb form_field_font=\u00a0\u00bb||||||||\u00a0\u00bb form_field_font_size=\u00a0\u00bb12px\u00a0\u00bb hover_enabled=\u00a0\u00bb0&Prime; border_radii=\u00a0\u00bbon|10px|10px|10px|10px\u00a0\u00bb border_width_all=\u00a0\u00bb1px\u00a0\u00bb border_color_all=\u00a0\u00bb#000000&Prime; global_colors_info=\u00a0\u00bb{}\u00a0\u00bb button_text_color__hover_enabled=\u00a0\u00bbon|desktop\u00a0\u00bb button_bg_color__hover_enabled=\u00a0\u00bbon|hover\u00a0\u00bb sticky_enabled=\u00a0\u00bb0&Prime;][et_pb_contact_field field_id=\u00a0\u00bbNom\u00a0\u00bb field_title=\u00a0\u00bbNom et pr\u00e9nom\u00a0\u00bb _builder_version=\u00a0\u00bb4.19.1&Prime; global_colors_info=\u00a0\u00bb{}\u00a0\u00bb button_text_size__hover_enabled=\u00a0\u00bboff\u00a0\u00bb button_one_text_size__hover_enabled=\u00a0\u00bboff\u00a0\u00bb button_two_text_size__hover_enabled=\u00a0\u00bboff\u00a0\u00bb button_text_color__hover_enabled=\u00a0\u00bboff\u00a0\u00bb button_one_text_color__hover_enabled=\u00a0\u00bboff\u00a0\u00bb button_two_text_color__hover_enabled=\u00a0\u00bboff\u00a0\u00bb button_border_width__hover_enabled=\u00a0\u00bboff\u00a0\u00bb button_one_border_width__hover_enabled=\u00a0\u00bboff\u00a0\u00bb button_two_border_width__hover_enabled=\u00a0\u00bboff\u00a0\u00bb button_border_color__hover_enabled=\u00a0\u00bboff\u00a0\u00bb button_one_border_color__hover_enabled=\u00a0\u00bboff\u00a0\u00bb button_two_border_color__hover_enabled=\u00a0\u00bboff\u00a0\u00bb button_border_radius__hover_enabled=\u00a0\u00bboff\u00a0\u00bb button_one_border_radius__hover_enabled=\u00a0\u00bboff\u00a0\u00bb button_two_border_radius__hover_enabled=\u00a0\u00bboff\u00a0\u00bb button_letter_spacing__hover_enabled=\u00a0\u00bboff\u00a0\u00bb button_one_letter_spacing__hover_enabled=\u00a0\u00bboff\u00a0\u00bb button_two_letter_spacing__hover_enabled=\u00a0\u00bboff\u00a0\u00bb button_bg_color__hover_enabled=\u00a0\u00bboff\u00a0\u00bb button_one_bg_color__hover_enabled=\u00a0\u00bboff\u00a0\u00bb button_two_bg_color__hover_enabled=\u00a0\u00bboff\u00a0\u00bb][\/et_pb_contact_field][et_pb_contact_field field_id=\u00a0\u00bbEmail\u00a0\u00bb field_title=\u00a0\u00bbAdresse e-mail\u00a0\u00bb field_type=\u00a0\u00bbemail\u00a0\u00bb _builder_version=\u00a0\u00bb4.19.4&Prime; global_colors_info=\u00a0\u00bb{}\u00a0\u00bb button_text_size__hover_enabled=\u00a0\u00bboff\u00a0\u00bb button_one_text_size__hover_enabled=\u00a0\u00bboff\u00a0\u00bb button_two_text_size__hover_enabled=\u00a0\u00bboff\u00a0\u00bb button_text_color__hover_enabled=\u00a0\u00bboff\u00a0\u00bb button_one_text_color__hover_enabled=\u00a0\u00bboff\u00a0\u00bb button_two_text_color__hover_enabled=\u00a0\u00bboff\u00a0\u00bb button_border_width__hover_enabled=\u00a0\u00bboff\u00a0\u00bb button_one_border_width__hover_enabled=\u00a0\u00bboff\u00a0\u00bb button_two_border_width__hover_enabled=\u00a0\u00bboff\u00a0\u00bb button_border_color__hover_enabled=\u00a0\u00bboff\u00a0\u00bb button_one_border_color__hover_enabled=\u00a0\u00bboff\u00a0\u00bb button_two_border_color__hover_enabled=\u00a0\u00bboff\u00a0\u00bb button_border_radius__hover_enabled=\u00a0\u00bboff\u00a0\u00bb button_one_border_radius__hover_enabled=\u00a0\u00bboff\u00a0\u00bb button_two_border_radius__hover_enabled=\u00a0\u00bboff\u00a0\u00bb button_letter_spacing__hover_enabled=\u00a0\u00bboff\u00a0\u00bb button_one_letter_spacing__hover_enabled=\u00a0\u00bboff\u00a0\u00bb button_two_letter_spacing__hover_enabled=\u00a0\u00bboff\u00a0\u00bb button_bg_color__hover_enabled=\u00a0\u00bboff\u00a0\u00bb button_one_bg_color__hover_enabled=\u00a0\u00bboff\u00a0\u00bb button_two_bg_color__hover_enabled=\u00a0\u00bboff\u00a0\u00bb][\/et_pb_contact_field][et_pb_contact_field field_id=\u00a0\u00bbMessage\u00a0\u00bb field_title=\u00a0\u00bbVotre message\u00a0\u00bb field_type=\u00a0\u00bbtext\u00a0\u00bb fullwidth_field=\u00a0\u00bbon\u00a0\u00bb _builder_version=\u00a0\u00bb4.27.4&Prime; global_colors_info=\u00a0\u00bb{}\u00a0\u00bb button_text_size__hover_enabled=\u00a0\u00bboff\u00a0\u00bb button_one_text_size__hover_enabled=\u00a0\u00bboff\u00a0\u00bb button_two_text_size__hover_enabled=\u00a0\u00bboff\u00a0\u00bb button_text_color__hover_enabled=\u00a0\u00bboff\u00a0\u00bb button_one_text_color__hover_enabled=\u00a0\u00bboff\u00a0\u00bb button_two_text_color__hover_enabled=\u00a0\u00bboff\u00a0\u00bb button_border_width__hover_enabled=\u00a0\u00bboff\u00a0\u00bb button_one_border_width__hover_enabled=\u00a0\u00bboff\u00a0\u00bb button_two_border_width__hover_enabled=\u00a0\u00bboff\u00a0\u00bb button_border_color__hover_enabled=\u00a0\u00bboff\u00a0\u00bb button_one_border_color__hover_enabled=\u00a0\u00bboff\u00a0\u00bb button_two_border_color__hover_enabled=\u00a0\u00bboff\u00a0\u00bb button_border_radius__hover_enabled=\u00a0\u00bboff\u00a0\u00bb button_one_border_radius__hover_enabled=\u00a0\u00bboff\u00a0\u00bb button_two_border_radius__hover_enabled=\u00a0\u00bboff\u00a0\u00bb button_letter_spacing__hover_enabled=\u00a0\u00bboff\u00a0\u00bb button_one_letter_spacing__hover_enabled=\u00a0\u00bboff\u00a0\u00bb button_two_letter_spacing__hover_enabled=\u00a0\u00bboff\u00a0\u00bb button_bg_color__hover_enabled=\u00a0\u00bboff\u00a0\u00bb button_one_bg_color__hover_enabled=\u00a0\u00bboff\u00a0\u00bb button_two_bg_color__hover_enabled=\u00a0\u00bboff\u00a0\u00bb][\/et_pb_contact_field][\/et_pb_contact_form][\/et_pb_column][\/et_pb_row][\/et_pb_section]<\/p>\n","protected":false},"excerpt":{"rendered":"<p>Me contacterPour me contacter, je vous remercie de compl\u00e9ter ce formulaire<\/p>","protected":false},"author":1,"featured_media":28855,"parent":0,"menu_order":0,"comment_status":"closed","ping_status":"closed","template":"","meta":{"_et_pb_use_builder":"on","_et_pb_old_content":"","_et_gb_content_width":"","footnotes":""},"class_list":["post-32858","page","type-page","status-publish","has-post-thumbnail","hentry"],"yoast_head":"<!-- This site is optimized with the Yoast SEO plugin v27.5 - https:\/\/yoast.com\/product\/yoast-seo-wordpress\/ -->\n<title>Magn\u00e9tiseur \u00c9nerg\u00e9ticien Paris Nice | Julien Urnel Spirit<\/title>\n<meta name=\"description\" content=\"Julien Urnel, magn\u00e9tiseur Spirits \u00e0 Paris, Nice et \u00e0 distance. Soins et accompagnements vibrants au service de votre sant\u00e9 \u00e9nerg\u00e9tique.\" \/>\n<meta name=\"robots\" content=\"index, follow, max-snippet:-1, max-image-preview:large, max-video-preview:-1\" \/>\n<link rel=\"canonical\" href=\"https:\/\/julien-urnel.com\/en\/contact\/\" \/>\n<meta property=\"og:locale\" content=\"en_US\" \/>\n<meta property=\"og:type\" content=\"article\" \/>\n<meta property=\"og:title\" content=\"Magn\u00e9tiseur \u00c9nerg\u00e9ticien Paris Nice | Julien Urnel Spirit\" \/>\n<meta property=\"og:description\" content=\"Julien Urnel, magn\u00e9tiseur Spirits \u00e0 Paris, Nice et \u00e0 distance. Soins et accompagnements vibrants au service de votre sant\u00e9 \u00e9nerg\u00e9tique.\" \/>\n<meta property=\"og:url\" content=\"https:\/\/julien-urnel.com\/en\/contact\/\" \/>\n<meta property=\"og:site_name\" content=\"Magn\u00e9tiseur Spirits Paris Nice | Julien Urnel\" \/>\n<meta property=\"article:modified_time\" content=\"2026-02-10T15:12:16+00:00\" \/>\n<meta property=\"og:image\" content=\"https:\/\/julien-urnel.com\/wp-content\/uploads\/2022\/11\/JULIEN-URNEL-MAGNETISEUR-400X400.jpg\" \/>\n\t<meta property=\"og:image:width\" content=\"400\" \/>\n\t<meta property=\"og:image:height\" content=\"400\" \/>\n\t<meta property=\"og:image:type\" content=\"image\/jpeg\" \/>\n<meta name=\"twitter:card\" content=\"summary_large_image\" \/>\n<meta name=\"twitter:label1\" content=\"Est. reading time\" \/>\n\t<meta name=\"twitter:data1\" content=\"1 minute\" \/>\n<script type=\"application\/ld+json\" class=\"yoast-schema-graph\">{\"@context\":\"https:\\\/\\\/schema.org\",\"@graph\":[{\"@type\":\"WebPage\",\"@id\":\"https:\\\/\\\/julien-urnel.com\\\/contact\\\/\",\"url\":\"https:\\\/\\\/julien-urnel.com\\\/contact\\\/\",\"name\":\"Magn\u00e9tiseur \u00c9nerg\u00e9ticien Paris Nice | Julien Urnel Spirit\",\"isPartOf\":{\"@id\":\"https:\\\/\\\/julien-urnel.com\\\/#website\"},\"primaryImageOfPage\":{\"@id\":\"https:\\\/\\\/julien-urnel.com\\\/contact\\\/#primaryimage\"},\"image\":{\"@id\":\"https:\\\/\\\/julien-urnel.com\\\/contact\\\/#primaryimage\"},\"thumbnailUrl\":\"https:\\\/\\\/julien-urnel.com\\\/wp-content\\\/uploads\\\/2022\\\/11\\\/JULIEN-URNEL-MAGNETISEUR-400X400.jpg\",\"datePublished\":\"2026-02-06T16:18:52+00:00\",\"dateModified\":\"2026-02-10T15:12:16+00:00\",\"description\":\"Julien Urnel, magn\u00e9tiseur Spirits \u00e0 Paris, Nice et \u00e0 distance. Soins et accompagnements vibrants au service de votre sant\u00e9 \u00e9nerg\u00e9tique.\",\"breadcrumb\":{\"@id\":\"https:\\\/\\\/julien-urnel.com\\\/contact\\\/#breadcrumb\"},\"inLanguage\":\"en-US\",\"potentialAction\":[{\"@type\":\"ReadAction\",\"target\":[\"https:\\\/\\\/julien-urnel.com\\\/contact\\\/\"]}]},{\"@type\":\"ImageObject\",\"inLanguage\":\"en-US\",\"@id\":\"https:\\\/\\\/julien-urnel.com\\\/contact\\\/#primaryimage\",\"url\":\"https:\\\/\\\/julien-urnel.com\\\/wp-content\\\/uploads\\\/2022\\\/11\\\/JULIEN-URNEL-MAGNETISEUR-400X400.jpg\",\"contentUrl\":\"https:\\\/\\\/julien-urnel.com\\\/wp-content\\\/uploads\\\/2022\\\/11\\\/JULIEN-URNEL-MAGNETISEUR-400X400.jpg\",\"width\":400,\"height\":400},{\"@type\":\"BreadcrumbList\",\"@id\":\"https:\\\/\\\/julien-urnel.com\\\/contact\\\/#breadcrumb\",\"itemListElement\":[{\"@type\":\"ListItem\",\"position\":1,\"name\":\"Accueil\",\"item\":\"https:\\\/\\\/julien-urnel.com\\\/\"},{\"@type\":\"ListItem\",\"position\":2,\"name\":\"Contact : Soins Spirits de vos \u00e9nergies\"}]},{\"@type\":\"WebSite\",\"@id\":\"https:\\\/\\\/julien-urnel.com\\\/#website\",\"url\":\"https:\\\/\\\/julien-urnel.com\\\/\",\"name\":\"Julien Urnel \u00c9nerg\u00e9ticien Spirit Paris\",\"description\":\"Vos \u00e9nergies, votre bien le plus pr\u00e9cieux !\",\"publisher\":{\"@id\":\"https:\\\/\\\/julien-urnel.com\\\/#\\\/schema\\\/person\\\/c485497f899df8843e30528b8382ab27\"},\"potentialAction\":[{\"@type\":\"SearchAction\",\"target\":{\"@type\":\"EntryPoint\",\"urlTemplate\":\"https:\\\/\\\/julien-urnel.com\\\/?s={search_term_string}\"},\"query-input\":{\"@type\":\"PropertyValueSpecification\",\"valueRequired\":true,\"valueName\":\"search_term_string\"}}],\"inLanguage\":\"en-US\"},{\"@type\":[\"Person\",\"Organization\"],\"@id\":\"https:\\\/\\\/julien-urnel.com\\\/#\\\/schema\\\/person\\\/c485497f899df8843e30528b8382ab27\",\"name\":\"Julien Urnel\",\"image\":{\"@type\":\"ImageObject\",\"inLanguage\":\"en-US\",\"@id\":\"https:\\\/\\\/julien-urnel.com\\\/wp-content\\\/uploads\\\/2022\\\/11\\\/JULIEN-URNEL-MAGNETISEUR-400X400.jpg\",\"url\":\"https:\\\/\\\/julien-urnel.com\\\/wp-content\\\/uploads\\\/2022\\\/11\\\/JULIEN-URNEL-MAGNETISEUR-400X400.jpg\",\"contentUrl\":\"https:\\\/\\\/julien-urnel.com\\\/wp-content\\\/uploads\\\/2022\\\/11\\\/JULIEN-URNEL-MAGNETISEUR-400X400.jpg\",\"width\":400,\"height\":400,\"caption\":\"Julien Urnel\"},\"logo\":{\"@id\":\"https:\\\/\\\/julien-urnel.com\\\/wp-content\\\/uploads\\\/2022\\\/11\\\/JULIEN-URNEL-MAGNETISEUR-400X400.jpg\"},\"sameAs\":[\"http:\\\/\\\/julien-urnel.com\",\"https:\\\/\\\/www.instagram.com\\\/julien.urnel\\\/\"]}]}<\/script>\n<!-- \/ Yoast SEO plugin. -->","yoast_head_json":{"title":"Magnetizer Energ\u00e9ticien Paris Nice | Julien Urnel Spirit","description":"Julien Urnel, magn\u00e9tiseur Spirits \u00e0 Paris, Nice et \u00e0 distance. Soins et accompagnements vibrants au service de votre sant\u00e9 \u00e9nerg\u00e9tique.","robots":{"index":"index","follow":"follow","max-snippet":"max-snippet:-1","max-image-preview":"max-image-preview:large","max-video-preview":"max-video-preview:-1"},"canonical":"https:\/\/julien-urnel.com\/en\/contact\/","og_locale":"en_US","og_type":"article","og_title":"Magn\u00e9tiseur \u00c9nerg\u00e9ticien Paris Nice | Julien Urnel Spirit","og_description":"Julien Urnel, magn\u00e9tiseur Spirits \u00e0 Paris, Nice et \u00e0 distance. Soins et accompagnements vibrants au service de votre sant\u00e9 \u00e9nerg\u00e9tique.","og_url":"https:\/\/julien-urnel.com\/en\/contact\/","og_site_name":"Magn\u00e9tiseur Spirits Paris Nice | Julien Urnel","article_modified_time":"2026-02-10T15:12:16+00:00","og_image":[{"width":400,"height":400,"url":"https:\/\/julien-urnel.com\/wp-content\/uploads\/2022\/11\/JULIEN-URNEL-MAGNETISEUR-400X400.jpg","type":"image\/jpeg"}],"twitter_card":"summary_large_image","twitter_misc":{"Est. reading time":"1 minute"},"schema":{"@context":"https:\/\/schema.org","@graph":[{"@type":"WebPage","@id":"https:\/\/julien-urnel.com\/contact\/","url":"https:\/\/julien-urnel.com\/contact\/","name":"Magnetizer Energ\u00e9ticien Paris Nice | Julien Urnel Spirit","isPartOf":{"@id":"https:\/\/julien-urnel.com\/#website"},"primaryImageOfPage":{"@id":"https:\/\/julien-urnel.com\/contact\/#primaryimage"},"image":{"@id":"https:\/\/julien-urnel.com\/contact\/#primaryimage"},"thumbnailUrl":"https:\/\/julien-urnel.com\/wp-content\/uploads\/2022\/11\/JULIEN-URNEL-MAGNETISEUR-400X400.jpg","datePublished":"2026-02-06T16:18:52+00:00","dateModified":"2026-02-10T15:12:16+00:00","description":"Julien Urnel, magn\u00e9tiseur Spirits \u00e0 Paris, Nice et \u00e0 distance. Soins et accompagnements vibrants au service de votre sant\u00e9 \u00e9nerg\u00e9tique.","breadcrumb":{"@id":"https:\/\/julien-urnel.com\/contact\/#breadcrumb"},"inLanguage":"en-US","potentialAction":[{"@type":"ReadAction","target":["https:\/\/julien-urnel.com\/contact\/"]}]},{"@type":"ImageObject","inLanguage":"en-US","@id":"https:\/\/julien-urnel.com\/contact\/#primaryimage","url":"https:\/\/julien-urnel.com\/wp-content\/uploads\/2022\/11\/JULIEN-URNEL-MAGNETISEUR-400X400.jpg","contentUrl":"https:\/\/julien-urnel.com\/wp-content\/uploads\/2022\/11\/JULIEN-URNEL-MAGNETISEUR-400X400.jpg","width":400,"height":400},{"@type":"BreadcrumbList","@id":"https:\/\/julien-urnel.com\/contact\/#breadcrumb","itemListElement":[{"@type":"ListItem","position":1,"name":"Accueil","item":"https:\/\/julien-urnel.com\/"},{"@type":"ListItem","position":2,"name":"Contact : Soins Spirits de vos \u00e9nergies"}]},{"@type":"WebSite","@id":"https:\/\/julien-urnel.com\/#website","url":"https:\/\/julien-urnel.com\/","name":"Julien Urnel Energ\u00e9ticien Spirit Paris","description":"Your energies, your most precious asset!","publisher":{"@id":"https:\/\/julien-urnel.com\/#\/schema\/person\/c485497f899df8843e30528b8382ab27"},"potentialAction":[{"@type":"SearchAction","target":{"@type":"EntryPoint","urlTemplate":"https:\/\/julien-urnel.com\/?s={search_term_string}"},"query-input":{"@type":"PropertyValueSpecification","valueRequired":true,"valueName":"search_term_string"}}],"inLanguage":"en-US"},{"@type":["Person","Organization"],"@id":"https:\/\/julien-urnel.com\/#\/schema\/person\/c485497f899df8843e30528b8382ab27","name":"Julien Urnel","image":{"@type":"ImageObject","inLanguage":"en-US","@id":"https:\/\/julien-urnel.com\/wp-content\/uploads\/2022\/11\/JULIEN-URNEL-MAGNETISEUR-400X400.jpg","url":"https:\/\/julien-urnel.com\/wp-content\/uploads\/2022\/11\/JULIEN-URNEL-MAGNETISEUR-400X400.jpg","contentUrl":"https:\/\/julien-urnel.com\/wp-content\/uploads\/2022\/11\/JULIEN-URNEL-MAGNETISEUR-400X400.jpg","width":400,"height":400,"caption":"Julien Urnel"},"logo":{"@id":"https:\/\/julien-urnel.com\/wp-content\/uploads\/2022\/11\/JULIEN-URNEL-MAGNETISEUR-400X400.jpg"},"sameAs":["http:\/\/julien-urnel.com","https:\/\/www.instagram.com\/julien.urnel\/"]}]}},"_links":{"self":[{"href":"https:\/\/julien-urnel.com\/en\/wp-json\/wp\/v2\/pages\/32858","targetHints":{"allow":["GET"]}}],"collection":[{"href":"https:\/\/julien-urnel.com\/en\/wp-json\/wp\/v2\/pages"}],"about":[{"href":"https:\/\/julien-urnel.com\/en\/wp-json\/wp\/v2\/types\/page"}],"author":[{"embeddable":true,"href":"https:\/\/julien-urnel.com\/en\/wp-json\/wp\/v2\/users\/1"}],"replies":[{"embeddable":true,"href":"https:\/\/julien-urnel.com\/en\/wp-json\/wp\/v2\/comments?post=32858"}],"version-history":[{"count":11,"href":"https:\/\/julien-urnel.com\/en\/wp-json\/wp\/v2\/pages\/32858\/revisions"}],"predecessor-version":[{"id":33126,"href":"https:\/\/julien-urnel.com\/en\/wp-json\/wp\/v2\/pages\/32858\/revisions\/33126"}],"wp:featuredmedia":[{"embeddable":true,"href":"https:\/\/julien-urnel.com\/en\/wp-json\/wp\/v2\/media\/28855"}],"wp:attachment":[{"href":"https:\/\/julien-urnel.com\/en\/wp-json\/wp\/v2\/media?parent=32858"}],"curies":[{"name":"wp","href":"https:\/\/api.w.org\/{rel}","templated":true}]}}