{"id":31187,"date":"2024-05-04T17:26:16","date_gmt":"2024-05-04T15:26:16","guid":{"rendered":"https:\/\/julien-urnel.com\/?page_id=31187"},"modified":"2024-05-06T18:54:57","modified_gmt":"2024-05-06T16:54:57","slug":"articles","status":"publish","type":"page","link":"https:\/\/julien-urnel.com\/en\/articles\/","title":{"rendered":"Articles"},"content":{"rendered":"<p>[et_pb_section fb_built=\u00a0\u00bb1&Prime; _builder_version=\u00a0\u00bb4.25.0&Prime; _module_preset=\u00a0\u00bbdefault\u00a0\u00bb global_colors_info=\u00a0\u00bb{}\u00a0\u00bb][et_pb_row _builder_version=\u00a0\u00bb4.25.0&Prime; _module_preset=\u00a0\u00bbdefault\u00a0\u00bb global_colors_info=\u00a0\u00bb{}\u00a0\u00bb][et_pb_column type=\u00a0\u00bb4_4&Prime; _builder_version=\u00a0\u00bb4.25.0&Prime; _module_preset=\u00a0\u00bbdefault\u00a0\u00bb global_colors_info=\u00a0\u00bb{}\u00a0\u00bb][et_pb_text _builder_version=\u00a0\u00bb4.25.0&Prime; _module_preset=\u00a0\u00bbdefault\u00a0\u00bb hover_enabled=\u00a0\u00bb0&Prime; global_colors_info=\u00a0\u00bb{}\u00a0\u00bb sticky_enabled=\u00a0\u00bb0&Prime;]<\/p>\n<h1 class=\"entry-title\">ARTICLES<\/h1>\n<div class=\"et_post_meta_wrapper\">\n<p class=\"entry-title\"><a href=\"https:\/\/julien-urnel.com\/le-role-des-guerisseurs-dans-le-soulagement-des-brulures-avec-la-priere-du-feu\/\">Le R\u00f4le des Gu\u00e9risseurs dans le Soulagement des Br\u00fblures avec la Pri\u00e8re du Feu<\/a><\/p>\n<p class=\"entry-title\"><a href=\"https:\/\/julien-urnel.com\/la-collaboration-entre-la-medecine-conventionnelle-et-le-travail-des-guerisseurs-une-approche-complementaire-pour-la-sante\/\">La Collaboration entre la M\u00e9decine Conventionnelle et le Travail des Gu\u00e9risseurs : Une Approche Compl\u00e9mentaire pour la Sant\u00e9<\/a><\/p>\n<p class=\"entry-title\"><a href=\"https:\/\/julien-urnel.com\/les-guerisons-exceptionnelles-par-les-saints-guerisseurs-a-travers-lhistoire\/\">Les Gu\u00e9risons Exceptionnelles par les Saints Gu\u00e9risseurs \u00e0 Travers l\u2019Histoire<\/a><\/p>\n<p class=\"entry-title\"><a href=\"https:\/\/julien-urnel.com\/la-guerison-a-distance-mythe-ou-realite-scientifique\/\">La Gu\u00e9rison \u00e0 Distance : Mythe ou R\u00e9alit\u00e9 Scientifique ?<\/a><\/p>\n<p class=\"entry-title\">\n<\/div>\n<p class=\"entry-title\" style=\"text-align: left;\"><a href=\"https:\/\/julien-urnel.com\/decouvrez-les-resultats-exceptionnels-des-soins-energetiques-de-julien-urnel-guerisseur-spirit\/\">D\u00e9couvrez les R\u00e9sultats Exceptionnels des Soins \u00c9nerg\u00e9tiques de Julien Urnel, Gu\u00e9risseur Spirit<\/a><\/p>\n<p class=\"entry-title\"><a href=\"https:\/\/julien-urnel.com\/comment-guerir-avec-les-soins-energetiques-spirits-de-julien-urnel-une-exploration-de-la-guerison-de-lame-grace-a-lintervention-des-entites-spirites-de-lumiere\/\">Comment Gu\u00e9rir avec les Soins \u00c9nerg\u00e9tiques Spirits de Julien Urnel : Une Exploration de la Gu\u00e9rison de l\u2019\u00c2me gr\u00e2ce \u00e0 l\u2019Intervention des Entit\u00e9s Spirites de Lumi\u00e8re<\/a><\/p>\n<p class=\"entry-title\"><a href=\"https:\/\/julien-urnel.com\/le-developpement-personnel-a-travers-les-soins-energetiques-lapproche-spirit-de-julien-urnel-magnetiseur-et-guerisseur-dame\/\">Le D\u00e9veloppement Personnel \u00e0 travers les Soins \u00c9nerg\u00e9tiques : L\u2019Approche Spirit de Julien Urnel, Magn\u00e9tiseur et Gu\u00e9risseur d\u2019\u00c2me<\/a><\/p>\n<p class=\"entry-title\"><a href=\"https:\/\/julien-urnel.com\/renforcer-la-confiance-en-soi-grace-aux-soins-energetiques-spirits-de-julien-urnel-magnetiseur-et-guerisseur-spirit\/\">Renforcer la Confiance en Soi gr\u00e2ce aux Soins \u00c9nerg\u00e9tiques Spirits de Julien Urnel, Magn\u00e9tiseur et Gu\u00e9risseur Spirit<\/a><\/p>\n<p>[\/et_pb_text][\/et_pb_column][\/et_pb_row][\/et_pb_section]<\/p>\n","protected":false},"excerpt":{"rendered":"<p>ARTICLES Le R\u00f4le des Gu\u00e9risseurs dans le Soulagement des Br\u00fblures avec la Pri\u00e8re du Feu La Collaboration entre la M\u00e9decine Conventionnelle et le Travail des Gu\u00e9risseurs : Une Approche Compl\u00e9mentaire pour la Sant\u00e9 Les Gu\u00e9risons Exceptionnelles par les Saints Gu\u00e9risseurs \u00e0 Travers l\u2019Histoire La Gu\u00e9rison \u00e0 Distance : Mythe ou R\u00e9alit\u00e9 Scientifique ? D\u00e9couvrez les [&hellip;]<\/p>\n","protected":false},"author":1,"featured_media":0,"parent":0,"menu_order":0,"comment_status":"closed","ping_status":"closed","template":"","meta":{"_et_pb_use_builder":"on","_et_pb_old_content":"","_et_gb_content_width":"1080","footnotes":""},"class_list":["post-31187","page","type-page","status-publish","hentry"],"yoast_head":"<!-- This site is optimized with the Yoast SEO plugin v27.3 - https:\/\/yoast.com\/product\/yoast-seo-wordpress\/ -->\n<title>Articles - Magn\u00e9tiseur Spirits Paris Nice | Julien Urnel<\/title>\n<meta name=\"robots\" content=\"index, follow, max-snippet:-1, max-image-preview:large, max-video-preview:-1\" \/>\n<link rel=\"canonical\" href=\"https:\/\/julien-urnel.com\/en\/articles\/\" \/>\n<meta property=\"og:locale\" content=\"en_US\" \/>\n<meta property=\"og:type\" content=\"article\" \/>\n<meta property=\"og:title\" content=\"Articles - Magn\u00e9tiseur Spirits Paris Nice | Julien Urnel\" \/>\n<meta property=\"og:description\" content=\"ARTICLES Le R\u00f4le des Gu\u00e9risseurs dans le Soulagement des Br\u00fblures avec la Pri\u00e8re du Feu La Collaboration entre la M\u00e9decine Conventionnelle et le Travail des Gu\u00e9risseurs : Une Approche Compl\u00e9mentaire pour la Sant\u00e9 Les Gu\u00e9risons Exceptionnelles par les Saints Gu\u00e9risseurs \u00e0 Travers l\u2019Histoire La Gu\u00e9rison \u00e0 Distance : Mythe ou R\u00e9alit\u00e9 Scientifique ? D\u00e9couvrez les [&hellip;]\" \/>\n<meta property=\"og:url\" content=\"https:\/\/julien-urnel.com\/en\/articles\/\" \/>\n<meta property=\"og:site_name\" content=\"Magn\u00e9tiseur Spirits Paris Nice | Julien Urnel\" \/>\n<meta property=\"article:modified_time\" content=\"2024-05-06T16:54:57+00:00\" \/>\n<meta property=\"og:image\" content=\"https:\/\/julien-urnel.com\/wp-content\/uploads\/2024\/03\/Capture-decran-2024-03-09-a-15.52.49.png\" \/>\n\t<meta property=\"og:image:width\" content=\"2366\" \/>\n\t<meta property=\"og:image:height\" content=\"980\" \/>\n\t<meta property=\"og:image:type\" content=\"image\/png\" \/>\n<meta name=\"twitter:card\" content=\"summary_large_image\" \/>\n<meta name=\"twitter:label1\" content=\"Est. reading time\" \/>\n\t<meta name=\"twitter:data1\" content=\"1 minute\" \/>\n<script type=\"application\/ld+json\" class=\"yoast-schema-graph\">{\"@context\":\"https:\\\/\\\/schema.org\",\"@graph\":[{\"@type\":\"WebPage\",\"@id\":\"https:\\\/\\\/julien-urnel.com\\\/articles\\\/\",\"url\":\"https:\\\/\\\/julien-urnel.com\\\/articles\\\/\",\"name\":\"Articles - Magn\u00e9tiseur Spirits Paris Nice | Julien Urnel\",\"isPartOf\":{\"@id\":\"https:\\\/\\\/julien-urnel.com\\\/#website\"},\"datePublished\":\"2024-05-04T15:26:16+00:00\",\"dateModified\":\"2024-05-06T16:54:57+00:00\",\"breadcrumb\":{\"@id\":\"https:\\\/\\\/julien-urnel.com\\\/articles\\\/#breadcrumb\"},\"inLanguage\":\"en-US\",\"potentialAction\":[{\"@type\":\"ReadAction\",\"target\":[\"https:\\\/\\\/julien-urnel.com\\\/articles\\\/\"]}]},{\"@type\":\"BreadcrumbList\",\"@id\":\"https:\\\/\\\/julien-urnel.com\\\/articles\\\/#breadcrumb\",\"itemListElement\":[{\"@type\":\"ListItem\",\"position\":1,\"name\":\"Accueil\",\"item\":\"https:\\\/\\\/julien-urnel.com\\\/\"},{\"@type\":\"ListItem\",\"position\":2,\"name\":\"Articles\"}]},{\"@type\":\"WebSite\",\"@id\":\"https:\\\/\\\/julien-urnel.com\\\/#website\",\"url\":\"https:\\\/\\\/julien-urnel.com\\\/\",\"name\":\"Julien Urnel \u00c9nerg\u00e9ticien Spirit Paris\",\"description\":\"Vos \u00e9nergies, votre bien le plus pr\u00e9cieux !\",\"publisher\":{\"@id\":\"https:\\\/\\\/julien-urnel.com\\\/#\\\/schema\\\/person\\\/c485497f899df8843e30528b8382ab27\"},\"potentialAction\":[{\"@type\":\"SearchAction\",\"target\":{\"@type\":\"EntryPoint\",\"urlTemplate\":\"https:\\\/\\\/julien-urnel.com\\\/?s={search_term_string}\"},\"query-input\":{\"@type\":\"PropertyValueSpecification\",\"valueRequired\":true,\"valueName\":\"search_term_string\"}}],\"inLanguage\":\"en-US\"},{\"@type\":[\"Person\",\"Organization\"],\"@id\":\"https:\\\/\\\/julien-urnel.com\\\/#\\\/schema\\\/person\\\/c485497f899df8843e30528b8382ab27\",\"name\":\"Julien Urnel\",\"image\":{\"@type\":\"ImageObject\",\"inLanguage\":\"en-US\",\"@id\":\"https:\\\/\\\/julien-urnel.com\\\/wp-content\\\/uploads\\\/2022\\\/11\\\/JULIEN-URNEL-MAGNETISEUR-400X400.jpg\",\"url\":\"https:\\\/\\\/julien-urnel.com\\\/wp-content\\\/uploads\\\/2022\\\/11\\\/JULIEN-URNEL-MAGNETISEUR-400X400.jpg\",\"contentUrl\":\"https:\\\/\\\/julien-urnel.com\\\/wp-content\\\/uploads\\\/2022\\\/11\\\/JULIEN-URNEL-MAGNETISEUR-400X400.jpg\",\"width\":400,\"height\":400,\"caption\":\"Julien Urnel\"},\"logo\":{\"@id\":\"https:\\\/\\\/julien-urnel.com\\\/wp-content\\\/uploads\\\/2022\\\/11\\\/JULIEN-URNEL-MAGNETISEUR-400X400.jpg\"},\"sameAs\":[\"http:\\\/\\\/julien-urnel.com\",\"https:\\\/\\\/www.instagram.com\\\/julien.urnel\\\/\"]}]}<\/script>\n<!-- \/ Yoast SEO plugin. -->","yoast_head_json":{"title":"Articles - Magn\u00e9tiseur Spirits Paris Nice | Julien Urnel","robots":{"index":"index","follow":"follow","max-snippet":"max-snippet:-1","max-image-preview":"max-image-preview:large","max-video-preview":"max-video-preview:-1"},"canonical":"https:\/\/julien-urnel.com\/en\/articles\/","og_locale":"en_US","og_type":"article","og_title":"Articles - Magn\u00e9tiseur Spirits Paris Nice | Julien Urnel","og_description":"ARTICLES Le R\u00f4le des Gu\u00e9risseurs dans le Soulagement des Br\u00fblures avec la Pri\u00e8re du Feu La Collaboration entre la M\u00e9decine Conventionnelle et le Travail des Gu\u00e9risseurs : Une Approche Compl\u00e9mentaire pour la Sant\u00e9 Les Gu\u00e9risons Exceptionnelles par les Saints Gu\u00e9risseurs \u00e0 Travers l\u2019Histoire La Gu\u00e9rison \u00e0 Distance : Mythe ou R\u00e9alit\u00e9 Scientifique ? D\u00e9couvrez les [&hellip;]","og_url":"https:\/\/julien-urnel.com\/en\/articles\/","og_site_name":"Magn\u00e9tiseur Spirits Paris Nice | Julien Urnel","article_modified_time":"2024-05-06T16:54:57+00:00","og_image":[{"width":2366,"height":980,"url":"https:\/\/julien-urnel.com\/wp-content\/uploads\/2024\/03\/Capture-decran-2024-03-09-a-15.52.49.png","type":"image\/png"}],"twitter_card":"summary_large_image","twitter_misc":{"Est. reading time":"1 minute"},"schema":{"@context":"https:\/\/schema.org","@graph":[{"@type":"WebPage","@id":"https:\/\/julien-urnel.com\/articles\/","url":"https:\/\/julien-urnel.com\/articles\/","name":"Articles - Magn\u00e9tiseur Spirits Paris Nice | Julien Urnel","isPartOf":{"@id":"https:\/\/julien-urnel.com\/#website"},"datePublished":"2024-05-04T15:26:16+00:00","dateModified":"2024-05-06T16:54:57+00:00","breadcrumb":{"@id":"https:\/\/julien-urnel.com\/articles\/#breadcrumb"},"inLanguage":"en-US","potentialAction":[{"@type":"ReadAction","target":["https:\/\/julien-urnel.com\/articles\/"]}]},{"@type":"BreadcrumbList","@id":"https:\/\/julien-urnel.com\/articles\/#breadcrumb","itemListElement":[{"@type":"ListItem","position":1,"name":"Accueil","item":"https:\/\/julien-urnel.com\/"},{"@type":"ListItem","position":2,"name":"Articles"}]},{"@type":"WebSite","@id":"https:\/\/julien-urnel.com\/#website","url":"https:\/\/julien-urnel.com\/","name":"Julien Urnel Energ\u00e9ticien Spirit Paris","description":"Your energies, your most precious asset!","publisher":{"@id":"https:\/\/julien-urnel.com\/#\/schema\/person\/c485497f899df8843e30528b8382ab27"},"potentialAction":[{"@type":"SearchAction","target":{"@type":"EntryPoint","urlTemplate":"https:\/\/julien-urnel.com\/?s={search_term_string}"},"query-input":{"@type":"PropertyValueSpecification","valueRequired":true,"valueName":"search_term_string"}}],"inLanguage":"en-US"},{"@type":["Person","Organization"],"@id":"https:\/\/julien-urnel.com\/#\/schema\/person\/c485497f899df8843e30528b8382ab27","name":"Julien Urnel","image":{"@type":"ImageObject","inLanguage":"en-US","@id":"https:\/\/julien-urnel.com\/wp-content\/uploads\/2022\/11\/JULIEN-URNEL-MAGNETISEUR-400X400.jpg","url":"https:\/\/julien-urnel.com\/wp-content\/uploads\/2022\/11\/JULIEN-URNEL-MAGNETISEUR-400X400.jpg","contentUrl":"https:\/\/julien-urnel.com\/wp-content\/uploads\/2022\/11\/JULIEN-URNEL-MAGNETISEUR-400X400.jpg","width":400,"height":400,"caption":"Julien Urnel"},"logo":{"@id":"https:\/\/julien-urnel.com\/wp-content\/uploads\/2022\/11\/JULIEN-URNEL-MAGNETISEUR-400X400.jpg"},"sameAs":["http:\/\/julien-urnel.com","https:\/\/www.instagram.com\/julien.urnel\/"]}]}},"_links":{"self":[{"href":"https:\/\/julien-urnel.com\/en\/wp-json\/wp\/v2\/pages\/31187","targetHints":{"allow":["GET"]}}],"collection":[{"href":"https:\/\/julien-urnel.com\/en\/wp-json\/wp\/v2\/pages"}],"about":[{"href":"https:\/\/julien-urnel.com\/en\/wp-json\/wp\/v2\/types\/page"}],"author":[{"embeddable":true,"href":"https:\/\/julien-urnel.com\/en\/wp-json\/wp\/v2\/users\/1"}],"replies":[{"embeddable":true,"href":"https:\/\/julien-urnel.com\/en\/wp-json\/wp\/v2\/comments?post=31187"}],"version-history":[{"count":15,"href":"https:\/\/julien-urnel.com\/en\/wp-json\/wp\/v2\/pages\/31187\/revisions"}],"predecessor-version":[{"id":31265,"href":"https:\/\/julien-urnel.com\/en\/wp-json\/wp\/v2\/pages\/31187\/revisions\/31265"}],"wp:attachment":[{"href":"https:\/\/julien-urnel.com\/en\/wp-json\/wp\/v2\/media?parent=31187"}],"curies":[{"name":"wp","href":"https:\/\/api.w.org\/{rel}","templated":true}]}}