{"id":30351,"date":"2023-11-13T16:57:08","date_gmt":"2023-11-13T15:57:08","guid":{"rendered":"https:\/\/julien-urnel.com\/?page_id=30351"},"modified":"2025-08-21T20:10:37","modified_gmt":"2025-08-21T18:10:37","slug":"magnetizer-strasbourg","status":"publish","type":"page","link":"https:\/\/julien-urnel.com\/en\/magnetizer-strasbourg\/","title":{"rendered":"Magnetizer in Strasbourg (67)"},"content":{"rendered":"<p>[et_pb_section fb_built=\u00a0\u00bb1&Prime; _builder_version=\u00a0\u00bb4.21.0&Prime; _module_preset=\u00a0\u00bbdefault\u00a0\u00bb background_enable_color=\u00a0\u00bboff\u00a0\u00bb custom_margin=\u00a0\u00bb||||false|false\u00a0\u00bb custom_margin_tablet=\u00a0\u00bb|0px||0px|false|false\u00a0\u00bb custom_margin_phone=\u00a0\u00bb|-15px||-15px|false|false\u00a0\u00bb custom_margin_last_edited=\u00a0\u00bbon|desktop\u00a0\u00bb global_colors_info=\u00a0\u00bb{}\u00a0\u00bb][et_pb_row _builder_version=\u00a0\u00bb4.21.0&Prime; _module_preset=\u00a0\u00bbdefault\u00a0\u00bb custom_margin=\u00a0\u00bb-60px||||false|false\u00a0\u00bb custom_margin_tablet=\u00a0\u00bb\u00a0\u00bb custom_margin_phone=\u00a0\u00bb||||false|false\u00a0\u00bb custom_margin_last_edited=\u00a0\u00bbon|phone\u00a0\u00bb global_colors_info=\u00a0\u00bb{}\u00a0\u00bb][et_pb_column type=\u00a0\u00bb4_4&Prime; _builder_version=\u00a0\u00bb4.19.1&Prime; _module_preset=\u00a0\u00bbdefault\u00a0\u00bb global_colors_info=\u00a0\u00bb{}\u00a0\u00bb][et_pb_text _builder_version=\u00a0\u00bb4.27.4&Prime; _module_preset=\u00a0\u00bbdefault\u00a0\u00bb header_font_size=\u00a0\u00bb41px\u00a0\u00bb hover_enabled=\u00a0\u00bb0&Prime; header_font_size_tablet=\u00a0\u00bb33px\u00a0\u00bb header_font_size_phone=\u00a0\u00bb29px\u00a0\u00bb header_font_size_last_edited=\u00a0\u00bbon|phone\u00a0\u00bb global_colors_info=\u00a0\u00bb{}\u00a0\u00bb sticky_enabled=\u00a0\u00bb0&Prime;]<\/p>\n<h1 style=\"text-align: center;\">Magn\u00e9tiseur Spirit \u00e0 Strasbourg (67) \u2013 Soins \u00c9nerg\u00e9tiques \u00e0 Distance<\/h1>\n<p>[\/et_pb_text][\/et_pb_column][\/et_pb_row][et_pb_row _builder_version=\u00a0\u00bb4.27.4&Prime; _module_preset=\u00a0\u00bbdefault\u00a0\u00bb][et_pb_column _builder_version=\u00a0\u00bb4.27.4&Prime; _module_preset=\u00a0\u00bbdefault\u00a0\u00bb type=\u00a0\u00bb4_4&Prime;][et_pb_text _builder_version=\u00a0\u00bb4.27.4&Prime; _module_preset=\u00a0\u00bbdefault\u00a0\u00bb hover_enabled=\u00a0\u00bb0&Prime; sticky_enabled=\u00a0\u00bb0&Prime;]<\/p>\n<div style=\"text-align: center;\">Vous habitez \u00e0 Strasbourg ou dans le Bas-Rhin (67) et vous recherchez un magn\u00e9tiseur spirit pour un soin \u00e9nerg\u00e9tique \u00e0 distance ? Julien Urnel, praticien en magn\u00e9tisme spirit et \u00e9nerg\u00e9tique, vous propose des s\u00e9ances personnalis\u00e9es pour :<\/div>\n<div style=\"text-align: center;\"><\/div>\n<div style=\"text-align: center;\"><\/div>\n<div style=\"text-align: center;\"><\/div>\n<div style=\"text-align: center;\"><span> \u2022 Restaurer votre \u00e9quilibre \u00e9nerg\u00e9tique<\/span><\/div>\n<div style=\"text-align: center;\"><span> \u2022 Lib\u00e9rer vos blocages \u00e9motionnels et souffrances physiques<\/span><\/div>\n<div style=\"text-align: center;\"><span> \u2022 Harmoniser vos fr\u00e9quences vibratoires<\/span><\/div>\n<p>[\/et_pb_text][\/et_pb_column][\/et_pb_row][et_pb_row column_structure=\u00a0\u00bb1_2,1_2&Prime; _builder_version=\u00a0\u00bb4.27.4&Prime; _module_preset=\u00a0\u00bbdefault\u00a0\u00bb background_color=\u00a0\u00bb#FFFFFF\u00a0\u00bb custom_margin=\u00a0\u00bb16px||50px||false|false\u00a0\u00bb custom_padding=\u00a0\u00bb25px|20px|25px|20px|false|false\u00a0\u00bb animation_style=\u00a0\u00bbzoom\u00a0\u00bb link_option_url=\u00a0\u00bbhttps:\/\/julien-urnel.com\/soins-spirits-de-guerisons\/\u00a0\u00bb hover_enabled=\u00a0\u00bb0&Prime; border_radii=\u00a0\u00bbon|10px|10px|10px|10px\u00a0\u00bb border_color_all=\u00a0\u00bb#ff6f64&Prime; global_colors_info=\u00a0\u00bb{}\u00a0\u00bb width=\u00a0\u00bb100%\u00a0\u00bb max_width=\u00a0\u00bb90%\u00a0\u00bb sticky_enabled=\u00a0\u00bb0&Prime;][et_pb_column type=\u00a0\u00bb1_2&Prime; _builder_version=\u00a0\u00bb4.21.0&Prime; _module_preset=\u00a0\u00bbdefault\u00a0\u00bb background_enable_color=\u00a0\u00bboff\u00a0\u00bb global_colors_info=\u00a0\u00bb{}\u00a0\u00bb][et_pb_text _builder_version=\u00a0\u00bb4.27.4&Prime; _module_preset=\u00a0\u00bbdefault\u00a0\u00bb header_text_color=\u00a0\u00bb#000000&Prime; header_2_font_size=\u00a0\u00bb25px\u00a0\u00bb hover_enabled=\u00a0\u00bb0&Prime; global_colors_info=\u00a0\u00bb{}\u00a0\u00bb sticky_enabled=\u00a0\u00bb0&Prime;]<\/p>\n<h2 style=\"text-align: center;\">SOINS DE GU\u00c9RISONS SPIRITES<\/h2>\n<h2 style=\"text-align: center;\">Strasbourg (67)<\/h2>\n<p>[\/et_pb_text][et_pb_image src=\u00a0\u00bbhttps:\/\/julien-urnel.com\/wp-content\/uploads\/2023\/05\/Animation_soin_800_Px.gif\u00a0\u00bb title_text=\u00a0\u00bbAnimation_soin_800_Px\u00a0\u00bb _builder_version=\u00a0\u00bb4.27.4&Prime; _module_preset=\u00a0\u00bbdefault\u00a0\u00bb hover_enabled=\u00a0\u00bb0&Prime; global_colors_info=\u00a0\u00bb{}\u00a0\u00bb sticky_enabled=\u00a0\u00bb0&Prime;][\/et_pb_image][\/et_pb_column][et_pb_column type=\u00a0\u00bb1_2&Prime; _builder_version=\u00a0\u00bb4.19.1&Prime; _module_preset=\u00a0\u00bbdefault\u00a0\u00bb global_colors_info=\u00a0\u00bb{}\u00a0\u00bb][et_pb_button button_url=\u00a0\u00bbhttps:\/\/ga9yaawcil.preview.infomaniak.website\/soins-spirits-de-guerisons\/\u00a0\u00bb button_text=\u00a0\u00bbSTRASBOURG (67) \u00c0 DISTANCE\u00a0\u00bb _builder_version=\u00a0\u00bb4.27.4&Prime; _module_preset=\u00a0\u00bbdefault\u00a0\u00bb custom_button=\u00a0\u00bbon\u00a0\u00bb button_text_size=\u00a0\u00bb13px\u00a0\u00bb button_text_color=\u00a0\u00bb#FFFFFF\u00a0\u00bb button_bg_color=\u00a0\u00bb#ff6f64&Prime; button_border_width=\u00a0\u00bb0px\u00a0\u00bb button_use_icon=\u00a0\u00bboff\u00a0\u00bb hover_enabled=\u00a0\u00bb0&Prime; global_colors_info=\u00a0\u00bb{}\u00a0\u00bb button_alignment=\u00a0\u00bbcenter\u00a0\u00bb sticky_enabled=\u00a0\u00bb0&Prime;][\/et_pb_button][et_pb_text _builder_version=\u00a0\u00bb4.27.4&Prime; _module_preset=\u00a0\u00bbdefault\u00a0\u00bb hover_enabled=\u00a0\u00bb0&Prime; text_font_size_tablet=\u00a0\u00bb14px\u00a0\u00bb text_font_size_phone=\u00a0\u00bb14px\u00a0\u00bb text_font_size_last_edited=\u00a0\u00bbon|phone\u00a0\u00bb global_colors_info=\u00a0\u00bb{}\u00a0\u00bb sticky_enabled=\u00a0\u00bb0&Prime;]<\/p>\n<div class=\"wrapped-line\">\n<h2>Pourquoi Choisir un Soin \u00c9nerg\u00e9tique \u00e0 Distance ?<\/h2>\n<div><strong> 1. Efficacit\u00e9 prouv\u00e9e<\/strong><\/div>\n<div>Les soins \u00e0 distance permettent de cibler pr\u00e9cis\u00e9ment les zones de disharmonie sans contrainte g\u00e9ographique.<\/div>\n<div><\/div>\n<div><\/div>\n<div><strong> 2. Confort et flexibilit\u00e9<\/strong><\/div>\n<div>Recevez votre s\u00e9ance de magn\u00e9tisme spirit depuis votre domicile, au moment qui vous convient.<\/div>\n<div><\/div>\n<div><strong> 3. Approche holistique<\/strong><\/div>\n<div>Travail sur le corps physique, \u00e9motionnel, mental et spirituel pour une gu\u00e9rison en profondeur.<\/div>\n<div><\/div>\n<\/div>\n<p>[\/et_pb_text][et_pb_text _builder_version=\u00a0\u00bb4.27.4&Prime; _module_preset=\u00a0\u00bbdefault\u00a0\u00bb hover_enabled=\u00a0\u00bb0&Prime; sticky_enabled=\u00a0\u00bb0&Prime;]<\/p>\n<h2>Les Bienfaits du Magn\u00e9tisme Spirit<\/h2>\n<div><span> \u2022 Nettoyage et purification de votre aura<\/span><\/div>\n<div><span> \u2022 Renforcement de votre syst\u00e8me immunitaire<\/span><\/div>\n<div><span> \u2022 Apaisement du stress, de l\u2019anxi\u00e9t\u00e9 et des douleurs chroniques<\/span><\/div>\n<div><span> \u2022 R\u00e9\u00e9quilibrage des chakras et circulation optimale de l\u2019\u00e9nergie vitale<\/span><\/div>\n<div><span> \u2022 Revitalisation et sensation de bien-\u00eatre profond<\/span><\/div>\n<p>[\/et_pb_text][et_pb_text _builder_version=\u00a0\u00bb4.27.4&Prime; _module_preset=\u00a0\u00bbdefault\u00a0\u00bb hover_enabled=\u00a0\u00bb0&Prime; sticky_enabled=\u00a0\u00bb0&Prime;]<\/p>\n<h2>Comment se D\u00e9roule une S\u00e9ance \u00e0 Distance ?<\/h2>\n<div><strong> 1. Prise de contact<\/strong><\/div>\n<div>Par email pour comprendre votre probl\u00e9matique pr\u00e9cise et votre besoin prioritaire du moment.<\/div>\n<div><strong> 2. Votre demande de soin<\/strong><\/div>\n<div>Vous recevrez un mail d\u00e9taill\u00e9 avec toutes les informations utiles pour le bon d\u00e9roulement de votre soin. Recueil des informations qui me seront utiles pour pratiquer votre soin.<\/div>\n<div><strong> 3. Soin \u00e9nerg\u00e9tique \u00e0 distance<\/strong><\/div>\n<div>Vous pourrez passer une journ\u00e9e compl\u00e9tement normale. Il se peut que je sois amen\u00e9 \u00e0 faire plusieurs interventions sur plusieurs jours dans certains cas.<\/div>\n<div><strong> 4. P\u00e9riode d&rsquo;int\u00e9gration<\/strong><\/div>\n<div>Les r\u00e9ajustements peuvent prendre du temps. Une p\u00e9riode d&rsquo;int\u00e9gration unique pour chaque soin est n\u00e9cessaire.<\/div>\n<p>[\/et_pb_text][et_pb_text _builder_version=\u00a0\u00bb4.27.4&Prime; _module_preset=\u00a0\u00bbdefault\u00a0\u00bb hover_enabled=\u00a0\u00bb0&Prime; sticky_enabled=\u00a0\u00bb0&Prime;]<\/p>\n<h2>\u00c0 Qui s\u2019Adresse le Magn\u00e9tisme Spirit ?<\/h2>\n<div><span> \u2022 Personnes souffrant de douleurs chroniques ou de fatigue persistante<\/span><\/div>\n<div><span> \u2022 \u00c2mes en qu\u00eate de s\u00e9r\u00e9nit\u00e9, de claret\u00e9 mentale et de bien-\u00eatre spirituel<\/span><\/div>\n<div><span> \u2022 Clients souhaitant un accompagnement personnalis\u00e9 et une pratique respectueuse de leur rythme<\/span><\/div>\n<div><span>\u2022 Pour les sensibles qui souhaitent vivre autrement et harmoniser les \u00e9motions lourdes<\/span><\/div>\n<p>[\/et_pb_text][et_pb_text _builder_version=\u00a0\u00bb4.27.4&Prime; _module_preset=\u00a0\u00bbdefault\u00a0\u00bb hover_enabled=\u00a0\u00bb0&Prime; sticky_enabled=\u00a0\u00bb0&Prime;]<\/p>\n<h2>T\u00e9moignages Clients<\/h2>\n<div><span><span> \u00ab <\/span><\/span>C\u2019est la troisi\u00e8me fois que je consulte Julien, et \u00e0 chaque s\u00e9ance, je suis impressionn\u00e9 par la puissance de son magn\u00e9tisme et la profondeur de sa connexion spirituelle. Sa bienveillance, son \u00e9coute, et son approche authentique me mettent \u00e0 l\u2019aise \u00e0 chaque fois. Les bienfaits sont toujours au rendez-vous, que ce soit sur le plan physique ou \u00e9motionnel. Julien a un v\u00e9ritable don, et il sait parfaitement comment l\u2019utiliser pour nous aider \u00e0 retrouver \u00e9quilibre et s\u00e9r\u00e9nit\u00e9. Je le recommande les yeux ferm\u00e9s \u00e0 tous ceux qui recherchent un soin \u00e9nerg\u00e9tique et spirituel de qualit\u00e9 ! \u00bb \u2013 Anthony<\/div>\n<p>[\/et_pb_text][et_pb_text _builder_version=\u00a0\u00bb4.27.4&Prime; _module_preset=\u00a0\u00bbdefault\u00a0\u00bb hover_enabled=\u00a0\u00bb0&Prime; sticky_enabled=\u00a0\u00bb0&Prime;]<\/p>\n<h2>Tarifs et R\u00e9servation<\/h2>\n<div><span> \u2022 Soin Spirit \u00e0 distance : 120 \u20ac<\/span><\/div>\n<div>Modalit\u00e9s : Paiement en ligne s\u00e9curis\u00e9.<\/div>\n<p>[\/et_pb_text][et_pb_text _builder_version=\u00a0\u00bb4.27.4&Prime; _module_preset=\u00a0\u00bbdefault\u00a0\u00bb hover_enabled=\u00a0\u00bb0&Prime; sticky_enabled=\u00a0\u00bb0&Prime;]<\/p>\n<h2>Contact et Informations Pratiques<\/h2>\n<p>Julien Urnel, Magn\u00e9tiseur Spirit<br \/>T\u00e9l\u00e9phone : Pour les accompagnements uniquement<br \/>Email : contact@julien-urnel.com<br \/>Zone d\u2019intervention : Strasbourg et d\u00e9partement du Bas-Rhin (67) \u2013 soins \u00e0 distance partout en France<br \/>Horaires : Lundi\u2013Vendredi : 9 h\u201319 h \u2013 Samedi sur rendez-vous<\/p>\n<p>[\/et_pb_text][et_pb_text _builder_version=\u00a0\u00bb4.27.4&Prime; _module_preset=\u00a0\u00bbdefault\u00a0\u00bb custom_margin=\u00a0\u00bb-15px||||false|false\u00a0\u00bb hover_enabled=\u00a0\u00bb0&Prime; text_font_size_tablet=\u00a0\u00bb14px\u00a0\u00bb text_font_size_phone=\u00a0\u00bb14px\u00a0\u00bb text_font_size_last_edited=\u00a0\u00bbon|phone\u00a0\u00bb global_colors_info=\u00a0\u00bb{}\u00a0\u00bb sticky_enabled=\u00a0\u00bb0&Prime;]<\/p>\n<p style=\"text-align: left;\"><strong><a href=\"https:\/\/ga9yaawcil.preview.infomaniak.website\/soins-spirits-de-guerisons\/\">En savoir plus sur les soins \u00e9nerg\u00e9tiques \u00e0 distance \u00e0 Strasbourg (67) \u279c<\/a><\/strong><\/p>\n<p>[\/et_pb_text][\/et_pb_column][\/et_pb_row][et_pb_row _builder_version=\u00a0\u00bb4.21.0&Prime; _module_preset=\u00a0\u00bbdefault\u00a0\u00bb global_colors_info=\u00a0\u00bb{}\u00a0\u00bb][et_pb_column type=\u00a0\u00bb4_4&Prime; _builder_version=\u00a0\u00bb4.21.0&Prime; _module_preset=\u00a0\u00bbdefault\u00a0\u00bb global_colors_info=\u00a0\u00bb{}\u00a0\u00bb][et_pb_text _builder_version=\u00a0\u00bb4.21.0&Prime; _module_preset=\u00a0\u00bbdefault\u00a0\u00bb text_font_size_tablet=\u00a0\u00bb14px\u00a0\u00bb text_font_size_phone=\u00a0\u00bb14px\u00a0\u00bb text_font_size_last_edited=\u00a0\u00bbon|phone\u00a0\u00bb global_colors_info=\u00a0\u00bb{}\u00a0\u00bb]<\/p>\n<div class=\"wrapped-line\" style=\"text-align: center;\"><a href=\"https:\/\/julien-urnel.com\/\"><strong>Gu\u00e9risseur Spirit<\/strong><\/a>, <strong>Julien Urnel intervient \u00e9galement partout en France<\/strong> gr\u00e2ce aux soins de gu\u00e9risons spirits \u00e0 distance : <a href=\"https:\/\/julien-urnel.com\/magnetiseur-a-nice\/\">Nice<\/a>, <a href=\"https:\/\/julien-urnel.com\/magnetiseur-paris\/\">Paris<\/a>, <a href=\"https:\/\/julien-urnel.com\/magnetiseur-toulouse\/\">Toulouse<\/a>, <a href=\"https:\/\/julien-urnel.com\/magnetiseur-marseille\/\">Marseille<\/a>, <a href=\"https:\/\/julien-urnel.com\/magnetiseur-lyon\/\">Lyon<\/a>, <a href=\"https:\/\/julien-urnel.com\/magnetiseur-bordeaux\/\">Bordeaux<\/a>, <a href=\"https:\/\/julien-urnel.com\/magnetiseur-montpellier\/\">Montpellier<\/a>, <a href=\"https:\/\/julien-urnel.com\/magnetiseur-rennes\/\">Rennes<\/a>, <a href=\"https:\/\/julien-urnel.com\/magnetiseur-lille\/\">Lille<\/a>, <a href=\"https:\/\/julien-urnel.com\/magnetiseur-nantes\/\">Nantes<\/a> &#8230; <strong>Ainsi qu&rsquo;en Suisse<\/strong> \u00e0 <a href=\"https:\/\/julien-urnel.com\/magnetiseur-geneve\/\">Gen\u00e8ve<\/a> <strong>et en Belgique<\/strong> \u00e0 <a href=\"https:\/\/julien-urnel.com\/magnetiseur-bruxelles\/\">Bruxelles<\/a>.<\/div>\n<p>[\/et_pb_text][\/et_pb_column][\/et_pb_row][\/et_pb_section]<\/p>\n","protected":false},"excerpt":{"rendered":"<p>Magn\u00e9tiseur Spirit \u00e0 Strasbourg (67) \u2013 Soins \u00c9nerg\u00e9tiques \u00e0 DistanceVous habitez \u00e0 Strasbourg ou dans le Bas-Rhin (67) et vous recherchez un magn\u00e9tiseur spirit pour un soin \u00e9nerg\u00e9tique \u00e0 distance ? Julien Urnel, praticien en magn\u00e9tisme spirit et \u00e9nerg\u00e9tique, vous propose des s\u00e9ances personnalis\u00e9es pour : \u2022 Restaurer votre \u00e9quilibre \u00e9nerg\u00e9tique \u2022 Lib\u00e9rer vos blocages [&hellip;]<\/p>\n","protected":false},"author":1,"featured_media":28855,"parent":0,"menu_order":0,"comment_status":"closed","ping_status":"closed","template":"","meta":{"_et_pb_use_builder":"on","_et_pb_old_content":"","_et_gb_content_width":"","footnotes":""},"class_list":["post-30351","page","type-page","status-publish","has-post-thumbnail","hentry"],"yoast_head":"<!-- This site is optimized with the Yoast SEO plugin v27.4 - https:\/\/yoast.com\/product\/yoast-seo-wordpress\/ -->\n<title>Magn\u00e9tiseur Spirit \u00e0 Strasbourg \u2013 Soins \u00c9nerg\u00e9tiques Profonds 67<\/title>\n<meta name=\"description\" content=\"Vous cherchez un magn\u00e9tiseur spirit \u00e0 Strasbourg (Bas-Rhin 67) pour un soin \u00e9nerg\u00e9tique \u00e0 distance ? Julien Urnel restaure votre \u00e9quilibre vibratoire et lib\u00e8re vos blocages physiques et \u00e9motionnels. Contactez-le d\u00e8s maintenant pour un nettoyage \u00e9nerg\u00e9tique en profondeur.\" \/>\n<meta name=\"robots\" content=\"index, follow, max-snippet:-1, max-image-preview:large, max-video-preview:-1\" \/>\n<link rel=\"canonical\" href=\"https:\/\/julien-urnel.com\/en\/magnetizer-strasbourg\/\" \/>\n<meta property=\"og:locale\" content=\"en_US\" \/>\n<meta property=\"og:type\" content=\"article\" \/>\n<meta property=\"og:title\" content=\"Magn\u00e9tiseur Spirit \u00e0 Strasbourg \u2013 Soins \u00c9nerg\u00e9tiques Profonds 67\" \/>\n<meta property=\"og:description\" content=\"Vous cherchez un magn\u00e9tiseur spirit \u00e0 Strasbourg (Bas-Rhin 67) pour un soin \u00e9nerg\u00e9tique \u00e0 distance ? Julien Urnel restaure votre \u00e9quilibre vibratoire et lib\u00e8re vos blocages physiques et \u00e9motionnels. Contactez-le d\u00e8s maintenant pour un nettoyage \u00e9nerg\u00e9tique en profondeur.\" \/>\n<meta property=\"og:url\" content=\"https:\/\/julien-urnel.com\/en\/magnetizer-strasbourg\/\" \/>\n<meta property=\"og:site_name\" content=\"Magn\u00e9tiseur Spirits Paris Nice | Julien Urnel\" \/>\n<meta property=\"article:modified_time\" content=\"2025-08-21T18:10:37+00:00\" \/>\n<meta property=\"og:image\" content=\"https:\/\/julien-urnel.com\/wp-content\/uploads\/2022\/11\/JULIEN-URNEL-MAGNETISEUR-400X400.jpg\" \/>\n\t<meta property=\"og:image:width\" content=\"400\" \/>\n\t<meta property=\"og:image:height\" content=\"400\" \/>\n\t<meta property=\"og:image:type\" content=\"image\/jpeg\" \/>\n<meta name=\"twitter:card\" content=\"summary_large_image\" \/>\n<meta name=\"twitter:label1\" content=\"Est. reading time\" \/>\n\t<meta name=\"twitter:data1\" content=\"3 minutes\" \/>\n<script type=\"application\/ld+json\" class=\"yoast-schema-graph\">{\"@context\":\"https:\\\/\\\/schema.org\",\"@graph\":[{\"@type\":\"WebPage\",\"@id\":\"https:\\\/\\\/julien-urnel.com\\\/magnetiseur-strasbourg\\\/\",\"url\":\"https:\\\/\\\/julien-urnel.com\\\/magnetiseur-strasbourg\\\/\",\"name\":\"Magn\u00e9tiseur Spirit \u00e0 Strasbourg \u2013 Soins \u00c9nerg\u00e9tiques Profonds 67\",\"isPartOf\":{\"@id\":\"https:\\\/\\\/julien-urnel.com\\\/#website\"},\"primaryImageOfPage\":{\"@id\":\"https:\\\/\\\/julien-urnel.com\\\/magnetiseur-strasbourg\\\/#primaryimage\"},\"image\":{\"@id\":\"https:\\\/\\\/julien-urnel.com\\\/magnetiseur-strasbourg\\\/#primaryimage\"},\"thumbnailUrl\":\"https:\\\/\\\/julien-urnel.com\\\/wp-content\\\/uploads\\\/2022\\\/11\\\/JULIEN-URNEL-MAGNETISEUR-400X400.jpg\",\"datePublished\":\"2023-11-13T15:57:08+00:00\",\"dateModified\":\"2025-08-21T18:10:37+00:00\",\"description\":\"Vous cherchez un magn\u00e9tiseur spirit \u00e0 Strasbourg (Bas-Rhin 67) pour un soin \u00e9nerg\u00e9tique \u00e0 distance ? Julien Urnel restaure votre \u00e9quilibre vibratoire et lib\u00e8re vos blocages physiques et \u00e9motionnels. Contactez-le d\u00e8s maintenant pour un nettoyage \u00e9nerg\u00e9tique en profondeur.\",\"breadcrumb\":{\"@id\":\"https:\\\/\\\/julien-urnel.com\\\/magnetiseur-strasbourg\\\/#breadcrumb\"},\"inLanguage\":\"en-US\",\"potentialAction\":[{\"@type\":\"ReadAction\",\"target\":[\"https:\\\/\\\/julien-urnel.com\\\/magnetiseur-strasbourg\\\/\"]}]},{\"@type\":\"ImageObject\",\"inLanguage\":\"en-US\",\"@id\":\"https:\\\/\\\/julien-urnel.com\\\/magnetiseur-strasbourg\\\/#primaryimage\",\"url\":\"https:\\\/\\\/julien-urnel.com\\\/wp-content\\\/uploads\\\/2022\\\/11\\\/JULIEN-URNEL-MAGNETISEUR-400X400.jpg\",\"contentUrl\":\"https:\\\/\\\/julien-urnel.com\\\/wp-content\\\/uploads\\\/2022\\\/11\\\/JULIEN-URNEL-MAGNETISEUR-400X400.jpg\",\"width\":400,\"height\":400},{\"@type\":\"BreadcrumbList\",\"@id\":\"https:\\\/\\\/julien-urnel.com\\\/magnetiseur-strasbourg\\\/#breadcrumb\",\"itemListElement\":[{\"@type\":\"ListItem\",\"position\":1,\"name\":\"Accueil\",\"item\":\"https:\\\/\\\/julien-urnel.com\\\/\"},{\"@type\":\"ListItem\",\"position\":2,\"name\":\"Magn\u00e9tiseur \u00e0 Strasbourg (67)\"}]},{\"@type\":\"WebSite\",\"@id\":\"https:\\\/\\\/julien-urnel.com\\\/#website\",\"url\":\"https:\\\/\\\/julien-urnel.com\\\/\",\"name\":\"Julien Urnel \u00c9nerg\u00e9ticien Spirit Paris\",\"description\":\"Vos \u00e9nergies, votre bien le plus pr\u00e9cieux !\",\"publisher\":{\"@id\":\"https:\\\/\\\/julien-urnel.com\\\/#\\\/schema\\\/person\\\/c485497f899df8843e30528b8382ab27\"},\"potentialAction\":[{\"@type\":\"SearchAction\",\"target\":{\"@type\":\"EntryPoint\",\"urlTemplate\":\"https:\\\/\\\/julien-urnel.com\\\/?s={search_term_string}\"},\"query-input\":{\"@type\":\"PropertyValueSpecification\",\"valueRequired\":true,\"valueName\":\"search_term_string\"}}],\"inLanguage\":\"en-US\"},{\"@type\":[\"Person\",\"Organization\"],\"@id\":\"https:\\\/\\\/julien-urnel.com\\\/#\\\/schema\\\/person\\\/c485497f899df8843e30528b8382ab27\",\"name\":\"Julien Urnel\",\"image\":{\"@type\":\"ImageObject\",\"inLanguage\":\"en-US\",\"@id\":\"https:\\\/\\\/julien-urnel.com\\\/wp-content\\\/uploads\\\/2022\\\/11\\\/JULIEN-URNEL-MAGNETISEUR-400X400.jpg\",\"url\":\"https:\\\/\\\/julien-urnel.com\\\/wp-content\\\/uploads\\\/2022\\\/11\\\/JULIEN-URNEL-MAGNETISEUR-400X400.jpg\",\"contentUrl\":\"https:\\\/\\\/julien-urnel.com\\\/wp-content\\\/uploads\\\/2022\\\/11\\\/JULIEN-URNEL-MAGNETISEUR-400X400.jpg\",\"width\":400,\"height\":400,\"caption\":\"Julien Urnel\"},\"logo\":{\"@id\":\"https:\\\/\\\/julien-urnel.com\\\/wp-content\\\/uploads\\\/2022\\\/11\\\/JULIEN-URNEL-MAGNETISEUR-400X400.jpg\"},\"sameAs\":[\"http:\\\/\\\/julien-urnel.com\",\"https:\\\/\\\/www.instagram.com\\\/julien.urnel\\\/\"]}]}<\/script>\n<!-- \/ Yoast SEO plugin. -->","yoast_head_json":{"title":"Spirit Magnetizer in Strasbourg - Deep Energy Care 67","description":"Are you looking for a spirit magnetizer in Strasbourg (Bas-Rhin 67) for a remote energy treatment? Julien Urnel restores your vibratory balance and frees your physical and emotional blockages. Contact him now for a deep energy cleansing.","robots":{"index":"index","follow":"follow","max-snippet":"max-snippet:-1","max-image-preview":"max-image-preview:large","max-video-preview":"max-video-preview:-1"},"canonical":"https:\/\/julien-urnel.com\/en\/magnetizer-strasbourg\/","og_locale":"en_US","og_type":"article","og_title":"Magn\u00e9tiseur Spirit \u00e0 Strasbourg \u2013 Soins \u00c9nerg\u00e9tiques Profonds 67","og_description":"Vous cherchez un magn\u00e9tiseur spirit \u00e0 Strasbourg (Bas-Rhin 67) pour un soin \u00e9nerg\u00e9tique \u00e0 distance ? Julien Urnel restaure votre \u00e9quilibre vibratoire et lib\u00e8re vos blocages physiques et \u00e9motionnels. Contactez-le d\u00e8s maintenant pour un nettoyage \u00e9nerg\u00e9tique en profondeur.","og_url":"https:\/\/julien-urnel.com\/en\/magnetizer-strasbourg\/","og_site_name":"Magn\u00e9tiseur Spirits Paris Nice | Julien Urnel","article_modified_time":"2025-08-21T18:10:37+00:00","og_image":[{"width":400,"height":400,"url":"https:\/\/julien-urnel.com\/wp-content\/uploads\/2022\/11\/JULIEN-URNEL-MAGNETISEUR-400X400.jpg","type":"image\/jpeg"}],"twitter_card":"summary_large_image","twitter_misc":{"Est. reading time":"3 minutes"},"schema":{"@context":"https:\/\/schema.org","@graph":[{"@type":"WebPage","@id":"https:\/\/julien-urnel.com\/magnetiseur-strasbourg\/","url":"https:\/\/julien-urnel.com\/magnetiseur-strasbourg\/","name":"Spirit Magnetizer in Strasbourg - Deep Energy Care 67","isPartOf":{"@id":"https:\/\/julien-urnel.com\/#website"},"primaryImageOfPage":{"@id":"https:\/\/julien-urnel.com\/magnetiseur-strasbourg\/#primaryimage"},"image":{"@id":"https:\/\/julien-urnel.com\/magnetiseur-strasbourg\/#primaryimage"},"thumbnailUrl":"https:\/\/julien-urnel.com\/wp-content\/uploads\/2022\/11\/JULIEN-URNEL-MAGNETISEUR-400X400.jpg","datePublished":"2023-11-13T15:57:08+00:00","dateModified":"2025-08-21T18:10:37+00:00","description":"Are you looking for a spirit magnetizer in Strasbourg (Bas-Rhin 67) for a remote energy treatment? Julien Urnel restores your vibratory balance and frees your physical and emotional blockages. Contact him now for a deep energy cleansing.","breadcrumb":{"@id":"https:\/\/julien-urnel.com\/magnetiseur-strasbourg\/#breadcrumb"},"inLanguage":"en-US","potentialAction":[{"@type":"ReadAction","target":["https:\/\/julien-urnel.com\/magnetiseur-strasbourg\/"]}]},{"@type":"ImageObject","inLanguage":"en-US","@id":"https:\/\/julien-urnel.com\/magnetiseur-strasbourg\/#primaryimage","url":"https:\/\/julien-urnel.com\/wp-content\/uploads\/2022\/11\/JULIEN-URNEL-MAGNETISEUR-400X400.jpg","contentUrl":"https:\/\/julien-urnel.com\/wp-content\/uploads\/2022\/11\/JULIEN-URNEL-MAGNETISEUR-400X400.jpg","width":400,"height":400},{"@type":"BreadcrumbList","@id":"https:\/\/julien-urnel.com\/magnetiseur-strasbourg\/#breadcrumb","itemListElement":[{"@type":"ListItem","position":1,"name":"Accueil","item":"https:\/\/julien-urnel.com\/"},{"@type":"ListItem","position":2,"name":"Magn\u00e9tiseur \u00e0 Strasbourg (67)"}]},{"@type":"WebSite","@id":"https:\/\/julien-urnel.com\/#website","url":"https:\/\/julien-urnel.com\/","name":"Julien Urnel Energ\u00e9ticien Spirit Paris","description":"Your energies, your most precious asset!","publisher":{"@id":"https:\/\/julien-urnel.com\/#\/schema\/person\/c485497f899df8843e30528b8382ab27"},"potentialAction":[{"@type":"SearchAction","target":{"@type":"EntryPoint","urlTemplate":"https:\/\/julien-urnel.com\/?s={search_term_string}"},"query-input":{"@type":"PropertyValueSpecification","valueRequired":true,"valueName":"search_term_string"}}],"inLanguage":"en-US"},{"@type":["Person","Organization"],"@id":"https:\/\/julien-urnel.com\/#\/schema\/person\/c485497f899df8843e30528b8382ab27","name":"Julien Urnel","image":{"@type":"ImageObject","inLanguage":"en-US","@id":"https:\/\/julien-urnel.com\/wp-content\/uploads\/2022\/11\/JULIEN-URNEL-MAGNETISEUR-400X400.jpg","url":"https:\/\/julien-urnel.com\/wp-content\/uploads\/2022\/11\/JULIEN-URNEL-MAGNETISEUR-400X400.jpg","contentUrl":"https:\/\/julien-urnel.com\/wp-content\/uploads\/2022\/11\/JULIEN-URNEL-MAGNETISEUR-400X400.jpg","width":400,"height":400,"caption":"Julien Urnel"},"logo":{"@id":"https:\/\/julien-urnel.com\/wp-content\/uploads\/2022\/11\/JULIEN-URNEL-MAGNETISEUR-400X400.jpg"},"sameAs":["http:\/\/julien-urnel.com","https:\/\/www.instagram.com\/julien.urnel\/"]}]}},"_links":{"self":[{"href":"https:\/\/julien-urnel.com\/en\/wp-json\/wp\/v2\/pages\/30351","targetHints":{"allow":["GET"]}}],"collection":[{"href":"https:\/\/julien-urnel.com\/en\/wp-json\/wp\/v2\/pages"}],"about":[{"href":"https:\/\/julien-urnel.com\/en\/wp-json\/wp\/v2\/types\/page"}],"author":[{"embeddable":true,"href":"https:\/\/julien-urnel.com\/en\/wp-json\/wp\/v2\/users\/1"}],"replies":[{"embeddable":true,"href":"https:\/\/julien-urnel.com\/en\/wp-json\/wp\/v2\/comments?post=30351"}],"version-history":[{"count":10,"href":"https:\/\/julien-urnel.com\/en\/wp-json\/wp\/v2\/pages\/30351\/revisions"}],"predecessor-version":[{"id":32030,"href":"https:\/\/julien-urnel.com\/en\/wp-json\/wp\/v2\/pages\/30351\/revisions\/32030"}],"wp:featuredmedia":[{"embeddable":true,"href":"https:\/\/julien-urnel.com\/en\/wp-json\/wp\/v2\/media\/28855"}],"wp:attachment":[{"href":"https:\/\/julien-urnel.com\/en\/wp-json\/wp\/v2\/media?parent=30351"}],"curies":[{"name":"wp","href":"https:\/\/api.w.org\/{rel}","templated":true}]}}