{"id":28875,"date":"2022-11-22T14:22:44","date_gmt":"2022-11-22T13:22:44","guid":{"rendered":"https:\/\/ga9yaawcil.preview.infomaniak.website\/?page_id=28875"},"modified":"2026-02-10T22:04:25","modified_gmt":"2026-02-10T21:04:25","slug":"clairvoyance-consultation-and-spiritual-mediumnite","status":"publish","type":"page","link":"https:\/\/julien-urnel.com\/en\/clairvoyance-consultation-and-spiritual-mediumnite\/","title":{"rendered":"Psychic and Mediumship Consultation"},"content":{"rendered":"<p>[et_pb_section fb_built=\u00a0\u00bb1&Prime; admin_label=\u00a0\u00bbsection\u00a0\u00bb _builder_version=\u00a0\u00bb4.27.4&Prime; background_enable_color=\u00a0\u00bboff\u00a0\u00bb custom_margin=\u00a0\u00bb||||false|false\u00a0\u00bb custom_padding=\u00a0\u00bb||||false|false\u00a0\u00bb hover_enabled=\u00a0\u00bb0&Prime; global_colors_info=\u00a0\u00bb{}\u00a0\u00bb sticky_enabled=\u00a0\u00bb0&Prime;][et_pb_row _builder_version=\u00a0\u00bb4.27.4&Prime; _module_preset=\u00a0\u00bbdefault\u00a0\u00bb column_structure=\u00a0\u00bb1_2,1_2&Prime; hover_enabled=\u00a0\u00bb0&Prime; sticky_enabled=\u00a0\u00bb0&Prime; custom_padding=\u00a0\u00bb|250px||250px|false|true\u00a0\u00bb custom_padding_last_edited=\u00a0\u00bbon|desktop\u00a0\u00bb width=\u00a0\u00bb100%\u00a0\u00bb max_width=\u00a0\u00bb90%\u00a0\u00bb custom_padding_tablet=\u00a0\u00bb|0px||0px|false|true\u00a0\u00bb custom_padding_phone=\u00a0\u00bb|0px||0px|false|true\u00a0\u00bb][et_pb_column _builder_version=\u00a0\u00bb4.27.4&Prime; _module_preset=\u00a0\u00bbdefault\u00a0\u00bb type=\u00a0\u00bb1_2&Prime; border_radii=\u00a0\u00bbon|10px|10px|10px|10px\u00a0\u00bb border_width_all=\u00a0\u00bb1px\u00a0\u00bb border_color_all=\u00a0\u00bb#dddddd\u00a0\u00bb hover_enabled=\u00a0\u00bb0&Prime; sticky_enabled=\u00a0\u00bb0&Prime; custom_padding=\u00a0\u00bb20px|20px|20px|20px|true|true\u00a0\u00bb link_option_url=\u00a0\u00bbhttps:\/\/julien-urnel.com\/produit\/consultation-voyance-et-mediumnite-spirite-a-distance\/\u00a0\u00bb][et_pb_image src=\u00a0\u00bbhttps:\/\/julien-urnel.com\/wp-content\/uploads\/2023\/06\/Julien-Urnel-medium.png\u00a0\u00bb _builder_version=\u00a0\u00bb4.27.4&Prime; _module_preset=\u00a0\u00bbdefault\u00a0\u00bb title_text=\u00a0\u00bbJulien Urnel me\u0301dium\u00a0\u00bb hover_enabled=\u00a0\u00bb0&Prime; sticky_enabled=\u00a0\u00bb0&Prime; align=\u00a0\u00bbcenter\u00a0\u00bb max_width=\u00a0\u00bb60%\u00a0\u00bb max_width_last_edited=\u00a0\u00bbon|desktop\u00a0\u00bb max_width_tablet=\u00a0\u00bb60%\u00a0\u00bb max_width_phone=\u00a0\u00bb60%\u00a0\u00bb][\/et_pb_image][et_pb_text _builder_version=\u00a0\u00bb4.27.4&Prime; _module_preset=\u00a0\u00bbdefault\u00a0\u00bb header_2_font_size=\u00a0\u00bb30px\u00a0\u00bb header_2_font_size_last_edited=\u00a0\u00bbon|desktop\u00a0\u00bb hover_enabled=\u00a0\u00bb0&Prime; sticky_enabled=\u00a0\u00bb0&Prime; header_2_font_size_tablet=\u00a0\u00bb25px\u00a0\u00bb text_font_size_last_edited=\u00a0\u00bbon|desktop\u00a0\u00bb text_font_size_tablet=\u00a0\u00bb14px\u00a0\u00bb header_2_font_size_phone=\u00a0\u00bb25px\u00a0\u00bb text_font_size_phone=\u00a0\u00bb14px\u00a0\u00bb]<\/p>\n<h2 style=\"text-align: center;\">S\u00e9ance de m\u00e9diumnit\u00e9 \/ Clart\u00e9 de vie<\/h2>\n<p style=\"text-align: center;\"><span>Une s\u00e9ance individuelle o\u00f9 la rencontre avec les Spirits vous guide pour r\u00e9pondre \u00e0 vos questions : projets, relations, bien-\u00eatre, protection \u00e9nerg\u00e9tique, etc. Une m\u00e9thode alliant m\u00e9diumnit\u00e9, \u00e9coute et soins \u00e9nerg\u00e9tiques pour un accompagnement complet et unique.<\/span><\/p>\n<p style=\"text-align: center;\"><span style=\"color: #ff6f64;\"><em><strong>R\u00e9server une s\u00e9ance<\/strong><\/em><\/span><\/p>\n<p>[\/et_pb_text][\/et_pb_column][et_pb_column _builder_version=\u00a0\u00bb4.27.4&Prime; _module_preset=\u00a0\u00bbdefault\u00a0\u00bb type=\u00a0\u00bb1_2&Prime; border_radii=\u00a0\u00bbon|10px|10px|10px|10px\u00a0\u00bb border_width_all=\u00a0\u00bb1px\u00a0\u00bb border_color_all=\u00a0\u00bb#dddddd\u00a0\u00bb hover_enabled=\u00a0\u00bb0&Prime; sticky_enabled=\u00a0\u00bb0&Prime; custom_padding=\u00a0\u00bb20px|20px|20px|20px|true|true\u00a0\u00bb][et_pb_image src=\u00a0\u00bbhttps:\/\/julien-urnel.com\/wp-content\/uploads\/2023\/06\/Julien-Urnel-medium.png\u00a0\u00bb _builder_version=\u00a0\u00bb4.27.4&Prime; _module_preset=\u00a0\u00bbdefault\u00a0\u00bb title_text=\u00a0\u00bbJulien Urnel me\u0301dium\u00a0\u00bb hover_enabled=\u00a0\u00bb0&Prime; sticky_enabled=\u00a0\u00bb0&Prime; align=\u00a0\u00bbcenter\u00a0\u00bb max_width=\u00a0\u00bb60%\u00a0\u00bb max_width_last_edited=\u00a0\u00bbon|desktop\u00a0\u00bb max_width_tablet=\u00a0\u00bb60%\u00a0\u00bb max_width_phone=\u00a0\u00bb60%\u00a0\u00bb][\/et_pb_image][et_pb_text _builder_version=\u00a0\u00bb4.27.4&Prime; _module_preset=\u00a0\u00bbdefault\u00a0\u00bb header_2_font_size=\u00a0\u00bb30px\u00a0\u00bb header_2_font_size_last_edited=\u00a0\u00bbon|desktop\u00a0\u00bb hover_enabled=\u00a0\u00bb0&Prime; sticky_enabled=\u00a0\u00bb0&Prime; header_2_font_size_tablet=\u00a0\u00bb25px\u00a0\u00bb text_font_size_last_edited=\u00a0\u00bbon|desktop\u00a0\u00bb text_font_size_tablet=\u00a0\u00bb14px\u00a0\u00bb header_2_font_size_phone=\u00a0\u00bb25px\u00a0\u00bb text_font_size_phone=\u00a0\u00bb14px\u00a0\u00bb]<\/p>\n<h2 style=\"text-align: center;\">S\u00e9ance de m\u00e9diumnit\u00e9 \/ Orientation ados<\/h2>\n<p style=\"text-align: center;\"><span>Quand l&rsquo;orientation scolaire et professionnelle des ados est source de pression et d&rsquo;anxi\u00e9t\u00e9, cette s\u00e9ance permet de mettre en lumi\u00e8re les talents et qualit\u00e9s in\u00e9s permettant d&rsquo;ancrer des \u00e9nergies de confiance et de r\u00e9alisation personnelle.<\/span><\/p>\n<p style=\"text-align: center;\"><span style=\"color: #ff6f64;\"><em><strong>R\u00e9server une s\u00e9ance<\/strong><\/em><\/span><\/p>\n<p>[\/et_pb_text][\/et_pb_column][\/et_pb_row][\/et_pb_section]<\/p>\n","protected":false},"excerpt":{"rendered":"<p>S\u00e9ance de m\u00e9diumnit\u00e9 \/ Clart\u00e9 de vie Une s\u00e9ance individuelle o\u00f9 la rencontre avec les Spirits vous guide pour r\u00e9pondre \u00e0 vos questions : projets, relations, bien-\u00eatre, protection \u00e9nerg\u00e9tique, etc. Une m\u00e9thode alliant m\u00e9diumnit\u00e9, \u00e9coute et soins \u00e9nerg\u00e9tiques pour un accompagnement complet et unique. R\u00e9server une s\u00e9anceS\u00e9ance de m\u00e9diumnit\u00e9 \/ Orientation ados Quand l&rsquo;orientation scolaire [&hellip;]<\/p>\n","protected":false},"author":1,"featured_media":30034,"parent":0,"menu_order":0,"comment_status":"closed","ping_status":"closed","template":"","meta":{"_et_pb_use_builder":"on","_et_pb_old_content":"","_et_gb_content_width":"1080","footnotes":""},"class_list":["post-28875","page","type-page","status-publish","has-post-thumbnail","hentry"],"yoast_head":"<!-- This site is optimized with the Yoast SEO plugin v27.4 - https:\/\/yoast.com\/product\/yoast-seo-wordpress\/ -->\n<title>Consultation Voyance et M\u00e9diumnit\u00e9 Spirite avec Julien Urnel \u2013 \u00c9nerg\u00e9ticien Spirit, Accompagnement \u00e0 Distance<\/title>\n<meta name=\"description\" content=\"D\u00e9couvrez une consultation de voyance et m\u00e9diumnit\u00e9 spirite avec Julien Urnel, \u00e9nerg\u00e9ticien Spirit. B\u00e9n\u00e9ficiez d\u2019un accompagnement spirit personnalis\u00e9 pour avancer avec confiance et \u00e9panouissement.\" \/>\n<meta name=\"robots\" content=\"index, follow, max-snippet:-1, max-image-preview:large, max-video-preview:-1\" \/>\n<link rel=\"canonical\" href=\"https:\/\/julien-urnel.com\/en\/clairvoyance-consultation-and-spiritual-mediumnite\/\" \/>\n<meta property=\"og:locale\" content=\"en_US\" \/>\n<meta property=\"og:type\" content=\"article\" \/>\n<meta property=\"og:title\" content=\"Consultation Voyance et M\u00e9diumnit\u00e9 Spirite avec Julien Urnel \u2013 \u00c9nerg\u00e9ticien Spirit, Accompagnement \u00e0 Distance\" \/>\n<meta property=\"og:description\" content=\"D\u00e9couvrez une consultation de voyance et m\u00e9diumnit\u00e9 spirite avec Julien Urnel, \u00e9nerg\u00e9ticien Spirit. B\u00e9n\u00e9ficiez d\u2019un accompagnement spirit personnalis\u00e9 pour avancer avec confiance et \u00e9panouissement.\" \/>\n<meta property=\"og:url\" content=\"https:\/\/julien-urnel.com\/en\/clairvoyance-consultation-and-spiritual-mediumnite\/\" \/>\n<meta property=\"og:site_name\" content=\"Magn\u00e9tiseur Spirits Paris Nice | Julien Urnel\" \/>\n<meta property=\"article:modified_time\" content=\"2026-02-10T21:04:25+00:00\" \/>\n<meta property=\"og:image\" content=\"https:\/\/julien-urnel.com\/wp-content\/uploads\/2023\/06\/Julien-Urnel-medium.png\" \/>\n\t<meta property=\"og:image:width\" content=\"1000\" \/>\n\t<meta property=\"og:image:height\" content=\"714\" \/>\n\t<meta property=\"og:image:type\" content=\"image\/png\" \/>\n<meta name=\"twitter:card\" content=\"summary_large_image\" \/>\n<meta name=\"twitter:label1\" content=\"Est. reading time\" \/>\n\t<meta name=\"twitter:data1\" content=\"3 minutes\" \/>\n<script type=\"application\/ld+json\" class=\"yoast-schema-graph\">{\"@context\":\"https:\\\/\\\/schema.org\",\"@graph\":[{\"@type\":\"WebPage\",\"@id\":\"https:\\\/\\\/julien-urnel.com\\\/consultation-voyance-et-mediumnite-spirite\\\/\",\"url\":\"https:\\\/\\\/julien-urnel.com\\\/consultation-voyance-et-mediumnite-spirite\\\/\",\"name\":\"Consultation Voyance et M\u00e9diumnit\u00e9 Spirite avec Julien Urnel \u2013 \u00c9nerg\u00e9ticien Spirit, Accompagnement \u00e0 Distance\",\"isPartOf\":{\"@id\":\"https:\\\/\\\/julien-urnel.com\\\/#website\"},\"primaryImageOfPage\":{\"@id\":\"https:\\\/\\\/julien-urnel.com\\\/consultation-voyance-et-mediumnite-spirite\\\/#primaryimage\"},\"image\":{\"@id\":\"https:\\\/\\\/julien-urnel.com\\\/consultation-voyance-et-mediumnite-spirite\\\/#primaryimage\"},\"thumbnailUrl\":\"https:\\\/\\\/julien-urnel.com\\\/wp-content\\\/uploads\\\/2023\\\/06\\\/Julien-Urnel-medium.png\",\"datePublished\":\"2022-11-22T13:22:44+00:00\",\"dateModified\":\"2026-02-10T21:04:25+00:00\",\"description\":\"D\u00e9couvrez une consultation de voyance et m\u00e9diumnit\u00e9 spirite avec Julien Urnel, \u00e9nerg\u00e9ticien Spirit. B\u00e9n\u00e9ficiez d\u2019un accompagnement spirit personnalis\u00e9 pour avancer avec confiance et \u00e9panouissement.\",\"breadcrumb\":{\"@id\":\"https:\\\/\\\/julien-urnel.com\\\/consultation-voyance-et-mediumnite-spirite\\\/#breadcrumb\"},\"inLanguage\":\"en-US\",\"potentialAction\":[{\"@type\":\"ReadAction\",\"target\":[\"https:\\\/\\\/julien-urnel.com\\\/consultation-voyance-et-mediumnite-spirite\\\/\"]}]},{\"@type\":\"ImageObject\",\"inLanguage\":\"en-US\",\"@id\":\"https:\\\/\\\/julien-urnel.com\\\/consultation-voyance-et-mediumnite-spirite\\\/#primaryimage\",\"url\":\"https:\\\/\\\/julien-urnel.com\\\/wp-content\\\/uploads\\\/2023\\\/06\\\/Julien-Urnel-medium.png\",\"contentUrl\":\"https:\\\/\\\/julien-urnel.com\\\/wp-content\\\/uploads\\\/2023\\\/06\\\/Julien-Urnel-medium.png\",\"width\":1000,\"height\":714},{\"@type\":\"BreadcrumbList\",\"@id\":\"https:\\\/\\\/julien-urnel.com\\\/consultation-voyance-et-mediumnite-spirite\\\/#breadcrumb\",\"itemListElement\":[{\"@type\":\"ListItem\",\"position\":1,\"name\":\"Accueil\",\"item\":\"https:\\\/\\\/julien-urnel.com\\\/\"},{\"@type\":\"ListItem\",\"position\":2,\"name\":\"Consultation Voyance et M\u00e9diumnit\u00e9 Spirite\"}]},{\"@type\":\"WebSite\",\"@id\":\"https:\\\/\\\/julien-urnel.com\\\/#website\",\"url\":\"https:\\\/\\\/julien-urnel.com\\\/\",\"name\":\"Julien Urnel \u00c9nerg\u00e9ticien Spirit Paris\",\"description\":\"Vos \u00e9nergies, votre bien le plus pr\u00e9cieux !\",\"publisher\":{\"@id\":\"https:\\\/\\\/julien-urnel.com\\\/#\\\/schema\\\/person\\\/c485497f899df8843e30528b8382ab27\"},\"potentialAction\":[{\"@type\":\"SearchAction\",\"target\":{\"@type\":\"EntryPoint\",\"urlTemplate\":\"https:\\\/\\\/julien-urnel.com\\\/?s={search_term_string}\"},\"query-input\":{\"@type\":\"PropertyValueSpecification\",\"valueRequired\":true,\"valueName\":\"search_term_string\"}}],\"inLanguage\":\"en-US\"},{\"@type\":[\"Person\",\"Organization\"],\"@id\":\"https:\\\/\\\/julien-urnel.com\\\/#\\\/schema\\\/person\\\/c485497f899df8843e30528b8382ab27\",\"name\":\"Julien Urnel\",\"image\":{\"@type\":\"ImageObject\",\"inLanguage\":\"en-US\",\"@id\":\"https:\\\/\\\/julien-urnel.com\\\/wp-content\\\/uploads\\\/2022\\\/11\\\/JULIEN-URNEL-MAGNETISEUR-400X400.jpg\",\"url\":\"https:\\\/\\\/julien-urnel.com\\\/wp-content\\\/uploads\\\/2022\\\/11\\\/JULIEN-URNEL-MAGNETISEUR-400X400.jpg\",\"contentUrl\":\"https:\\\/\\\/julien-urnel.com\\\/wp-content\\\/uploads\\\/2022\\\/11\\\/JULIEN-URNEL-MAGNETISEUR-400X400.jpg\",\"width\":400,\"height\":400,\"caption\":\"Julien Urnel\"},\"logo\":{\"@id\":\"https:\\\/\\\/julien-urnel.com\\\/wp-content\\\/uploads\\\/2022\\\/11\\\/JULIEN-URNEL-MAGNETISEUR-400X400.jpg\"},\"sameAs\":[\"http:\\\/\\\/julien-urnel.com\",\"https:\\\/\\\/www.instagram.com\\\/julien.urnel\\\/\"]}]}<\/script>\n<!-- \/ Yoast SEO plugin. -->","yoast_head_json":{"title":"Consultation with Julien Urnel - Energ\u00e9ticien Spirit, Accompagnement \u00e0 Distance","description":"Discover a clairvoyance and mediumship consultation with Julien Urnel, Spirit energy specialist. Benefit from personalized spirit guidance to move forward with confidence and fulfillment.","robots":{"index":"index","follow":"follow","max-snippet":"max-snippet:-1","max-image-preview":"max-image-preview:large","max-video-preview":"max-video-preview:-1"},"canonical":"https:\/\/julien-urnel.com\/en\/clairvoyance-consultation-and-spiritual-mediumnite\/","og_locale":"en_US","og_type":"article","og_title":"Consultation Voyance et M\u00e9diumnit\u00e9 Spirite avec Julien Urnel \u2013 \u00c9nerg\u00e9ticien Spirit, Accompagnement \u00e0 Distance","og_description":"D\u00e9couvrez une consultation de voyance et m\u00e9diumnit\u00e9 spirite avec Julien Urnel, \u00e9nerg\u00e9ticien Spirit. B\u00e9n\u00e9ficiez d\u2019un accompagnement spirit personnalis\u00e9 pour avancer avec confiance et \u00e9panouissement.","og_url":"https:\/\/julien-urnel.com\/en\/clairvoyance-consultation-and-spiritual-mediumnite\/","og_site_name":"Magn\u00e9tiseur Spirits Paris Nice | Julien Urnel","article_modified_time":"2026-02-10T21:04:25+00:00","og_image":[{"width":1000,"height":714,"url":"https:\/\/julien-urnel.com\/wp-content\/uploads\/2023\/06\/Julien-Urnel-medium.png","type":"image\/png"}],"twitter_card":"summary_large_image","twitter_misc":{"Est. reading time":"3 minutes"},"schema":{"@context":"https:\/\/schema.org","@graph":[{"@type":"WebPage","@id":"https:\/\/julien-urnel.com\/consultation-voyance-et-mediumnite-spirite\/","url":"https:\/\/julien-urnel.com\/consultation-voyance-et-mediumnite-spirite\/","name":"Consultation with Julien Urnel - Energ\u00e9ticien Spirit, Accompagnement \u00e0 Distance","isPartOf":{"@id":"https:\/\/julien-urnel.com\/#website"},"primaryImageOfPage":{"@id":"https:\/\/julien-urnel.com\/consultation-voyance-et-mediumnite-spirite\/#primaryimage"},"image":{"@id":"https:\/\/julien-urnel.com\/consultation-voyance-et-mediumnite-spirite\/#primaryimage"},"thumbnailUrl":"https:\/\/julien-urnel.com\/wp-content\/uploads\/2023\/06\/Julien-Urnel-medium.png","datePublished":"2022-11-22T13:22:44+00:00","dateModified":"2026-02-10T21:04:25+00:00","description":"Discover a clairvoyance and mediumship consultation with Julien Urnel, Spirit energy specialist. Benefit from personalized spirit guidance to move forward with confidence and fulfillment.","breadcrumb":{"@id":"https:\/\/julien-urnel.com\/consultation-voyance-et-mediumnite-spirite\/#breadcrumb"},"inLanguage":"en-US","potentialAction":[{"@type":"ReadAction","target":["https:\/\/julien-urnel.com\/consultation-voyance-et-mediumnite-spirite\/"]}]},{"@type":"ImageObject","inLanguage":"en-US","@id":"https:\/\/julien-urnel.com\/consultation-voyance-et-mediumnite-spirite\/#primaryimage","url":"https:\/\/julien-urnel.com\/wp-content\/uploads\/2023\/06\/Julien-Urnel-medium.png","contentUrl":"https:\/\/julien-urnel.com\/wp-content\/uploads\/2023\/06\/Julien-Urnel-medium.png","width":1000,"height":714},{"@type":"BreadcrumbList","@id":"https:\/\/julien-urnel.com\/consultation-voyance-et-mediumnite-spirite\/#breadcrumb","itemListElement":[{"@type":"ListItem","position":1,"name":"Accueil","item":"https:\/\/julien-urnel.com\/"},{"@type":"ListItem","position":2,"name":"Consultation Voyance et M\u00e9diumnit\u00e9 Spirite"}]},{"@type":"WebSite","@id":"https:\/\/julien-urnel.com\/#website","url":"https:\/\/julien-urnel.com\/","name":"Julien Urnel Energ\u00e9ticien Spirit Paris","description":"Your energies, your most precious asset!","publisher":{"@id":"https:\/\/julien-urnel.com\/#\/schema\/person\/c485497f899df8843e30528b8382ab27"},"potentialAction":[{"@type":"SearchAction","target":{"@type":"EntryPoint","urlTemplate":"https:\/\/julien-urnel.com\/?s={search_term_string}"},"query-input":{"@type":"PropertyValueSpecification","valueRequired":true,"valueName":"search_term_string"}}],"inLanguage":"en-US"},{"@type":["Person","Organization"],"@id":"https:\/\/julien-urnel.com\/#\/schema\/person\/c485497f899df8843e30528b8382ab27","name":"Julien Urnel","image":{"@type":"ImageObject","inLanguage":"en-US","@id":"https:\/\/julien-urnel.com\/wp-content\/uploads\/2022\/11\/JULIEN-URNEL-MAGNETISEUR-400X400.jpg","url":"https:\/\/julien-urnel.com\/wp-content\/uploads\/2022\/11\/JULIEN-URNEL-MAGNETISEUR-400X400.jpg","contentUrl":"https:\/\/julien-urnel.com\/wp-content\/uploads\/2022\/11\/JULIEN-URNEL-MAGNETISEUR-400X400.jpg","width":400,"height":400,"caption":"Julien Urnel"},"logo":{"@id":"https:\/\/julien-urnel.com\/wp-content\/uploads\/2022\/11\/JULIEN-URNEL-MAGNETISEUR-400X400.jpg"},"sameAs":["http:\/\/julien-urnel.com","https:\/\/www.instagram.com\/julien.urnel\/"]}]}},"_links":{"self":[{"href":"https:\/\/julien-urnel.com\/en\/wp-json\/wp\/v2\/pages\/28875","targetHints":{"allow":["GET"]}}],"collection":[{"href":"https:\/\/julien-urnel.com\/en\/wp-json\/wp\/v2\/pages"}],"about":[{"href":"https:\/\/julien-urnel.com\/en\/wp-json\/wp\/v2\/types\/page"}],"author":[{"embeddable":true,"href":"https:\/\/julien-urnel.com\/en\/wp-json\/wp\/v2\/users\/1"}],"replies":[{"embeddable":true,"href":"https:\/\/julien-urnel.com\/en\/wp-json\/wp\/v2\/comments?post=28875"}],"version-history":[{"count":100,"href":"https:\/\/julien-urnel.com\/en\/wp-json\/wp\/v2\/pages\/28875\/revisions"}],"predecessor-version":[{"id":33189,"href":"https:\/\/julien-urnel.com\/en\/wp-json\/wp\/v2\/pages\/28875\/revisions\/33189"}],"wp:featuredmedia":[{"embeddable":true,"href":"https:\/\/julien-urnel.com\/en\/wp-json\/wp\/v2\/media\/30034"}],"wp:attachment":[{"href":"https:\/\/julien-urnel.com\/en\/wp-json\/wp\/v2\/media?parent=28875"}],"curies":[{"name":"wp","href":"https:\/\/api.w.org\/{rel}","templated":true}]}}