{"id":28934,"date":"2022-11-24T13:29:03","date_gmt":"2022-11-24T12:29:03","guid":{"rendered":"https:\/\/ga9yaawcil.preview.infomaniak.website\/?page_id=28934"},"modified":"2024-03-25T19:36:09","modified_gmt":"2024-03-25T18:36:09","slug":"legal-notice","status":"publish","type":"page","link":"http:\/\/julien-urnel.com\/en\/legal-notice\/","title":{"rendered":"Terms of use"},"content":{"rendered":"<p>[et_pb_section fb_built=\u00a0\u00bb1&Prime; _builder_version=\u00a0\u00bb4.19.1&Prime; _module_preset=\u00a0\u00bbdefault\u00a0\u00bb global_colors_info=\u00a0\u00bb{}\u00a0\u00bb][et_pb_row _builder_version=\u00a0\u00bb4.19.1&Prime; _module_preset=\u00a0\u00bbdefault\u00a0\u00bb global_colors_info=\u00a0\u00bb{}\u00a0\u00bb][et_pb_column type=\u00a0\u00bb4_4&Prime; _builder_version=\u00a0\u00bb4.19.1&Prime; _module_preset=\u00a0\u00bbdefault\u00a0\u00bb global_colors_info=\u00a0\u00bb{}\u00a0\u00bb][et_pb_text _builder_version=\u00a0\u00bb4.23.1&Prime; _module_preset=\u00a0\u00bbdefault\u00a0\u00bb hover_enabled=\u00a0\u00bb0&Prime; global_colors_info=\u00a0\u00bb{}\u00a0\u00bb sticky_enabled=\u00a0\u00bb0&Prime;]<\/p>\n<div id=\"main-content\">\n<article id=\"post-2015\" class=\"post-2015 page type-page status-publish hentry\">\n<div class=\"entry-content\">\n<div class=\"et-l et-l--post\">\n<div class=\"et_builder_inner_content et_pb_gutters3\">\n<div class=\"et_pb_section et_pb_section_0 et_section_regular\">\n<div class=\"et_pb_row et_pb_row_0\">\n<div class=\"et_pb_column et_pb_column_4_4 et_pb_column_0  et_pb_css_mix_blend_mode_passthrough et-last-child\">\n<div class=\"et_pb_module et_pb_text et_pb_text_0  et_pb_text_align_left et_pb_bg_layout_light\">\n<div class=\"et_pb_text_inner\">\n<h2><span>MENTIONS LEGALES<\/span><\/h2>\n<p><span><\/span><\/p>\n<p><strong>CE SITE EST \u00c9DIT\u00c9 PAR\u00a0<\/strong><\/p>\n<p>Julien Urnel<\/p>\n<p>SIRET : 511 956 369 00066<\/p>\n<p>T\u00e9l. : 06 99 19 08 86<\/p>\n<p>E-mail :<span>\u00a0<\/span><a href=\"mailto:contact@quantique-sante.fr\">contact@julien-urnel.com<\/a><\/p>\n<p>Prestataire d\u2019h\u00e9bergement du site est :<span>\u00a0<\/span><a href=\"https:\/\/www.planethoster.com\/fr\/\" target=\"_blank\" rel=\"noopener noreferrer\">PLANETHOSTER<\/a><\/p>\n<p>Conception et d\u00e9veloppement du site:<span>\u00a0<\/span><a href=\"https:\/\/www.oreso.fr\/\" target=\"_blank\" rel=\"noopener noreferrer\">ORESO<\/a><\/p>\n<p>Illustrations : <a href=\"https:\/\/www.sheina.fr\/\" target=\"_blank\" rel=\"noopener\">Sheina Zlamka<\/a><\/p>\n<p><strong>DONN\u00c9ES NOMINATIVES \u2013 DROIT D\u2019ACC\u00c8S ET DE RECTIFICATION<\/strong><\/p>\n<p>Les donn\u00e9es personnelles que vous avez communiqu\u00e9es \u00e0 Julien Urnel par l\u2019interm\u00e9diaire du site internet<span>\u00a0<\/span><a href=\"https:\/\/julien-urnel.com\/\">https:\/\/julien-urnel.com<\/a><span>\u00a0<\/span>sont, sauf demande contraire de votre part, conserv\u00e9es par notre entreprise. Conform\u00e9ment \u00e0 la r\u00e9glementation en vigueur, vous pouvez vous opposer \u00e0 l\u2019utilisation de vos donn\u00e9es ou y acc\u00e9der pour leur rectification, limitation ou effacement en adressant une demande \u00e9crite, accompagn\u00e9e d\u2019un titre d\u2019identit\u00e9, \u00e0 :\u00a0<a href=\"mailto:contact@quantique-sante.fr\">contact@julien-urnel.com<\/a><\/p>\n<p><strong>INFORMATIQUES ET LIBERT\u00c9S<\/strong><\/p>\n<p>Conform\u00e9ment \u00e0 l\u2019article 32 de la loi n\u00ba 78-17 du 6 janvier 1978 modifi\u00e9e en 2004 (dite \u00ab loi Informatique et Libert\u00e9s \u00bb) et \u00e0 la r\u00e9glementation applicable en la mati\u00e8re, les Clients sont inform\u00e9s que des donn\u00e9es \u00e0 caract\u00e8re personnel les concernant font l\u2019objet d\u2019un traitement automatis\u00e9 aux fins de prospection commerciales et de gestion du Service. Les Clients sont inform\u00e9s que ces donn\u00e9es pourront faire l\u2019objet d\u2019analyses statistiques de la part de la Soci\u00e9t\u00e9 et pourront \u00eatre c\u00e9d\u00e9es \u00e0 des tiers et partenaires si le Client y a express\u00e9ment consenti.<span>\u00a0<\/span><\/p>\n<p>Les informations demand\u00e9es dans le cadre des formulaires disponibles sur le Site marqu\u00e9es d\u2019un ast\u00e9risque sont obligatoires et n\u00e9cessaires \u00e0 la gestion des demandes des Clients Le d\u00e9faut de r\u00e9ponse dans un champ obligatoire entra\u00eenera l\u2019impossibilit\u00e9 pour la Soci\u00e9t\u00e9 de traiter les demandes des Clients.<\/p>\n<p>Les Clients disposent d\u2019un droit d\u2019acc\u00e8s, de rectification et de suppression des donn\u00e9es les concernant et peuvent s\u2019opposer au traitement pour des motifs l\u00e9gitimes. Pour exercer ces droits, il convient de s\u2019adresser \u00e0 :\u00a0<a href=\"mailto:contact@quantique-sante.fr\">contact@julien-urnel.com<\/a><\/p>\n<p>Les donn\u00e9es trait\u00e9es sont conserv\u00e9es conform\u00e9ment \u00e0 la r\u00e9glementation (Norme simplifi\u00e9e 48 de la CNIL).<\/p>\n<p><strong>CONDITIONS D\u2019UTILISATION DU SITE<\/strong><\/p>\n<p>En acc\u00e9dant et\/ou en utilisant le pr\u00e9sent site internet accessible \u00e0 l\u2019adresse\u00a0https:\/\/julien-urnel.com\/\u00a0(ci-apr\u00e8s \u00ab le site \u00bb), tout utilisateur accepte, tacitement et sans r\u00e9serve, les pr\u00e9sentes conditions d\u2019utilisation du Site.<\/p>\n<p><strong>1. PROPRI\u00c9T\u00c9 INTELLECTUELLE<\/strong><\/p>\n<p>1.1. Le Site et chacun des \u00e9l\u00e9ments qui le compose, et notamment les textes, articles, lettres d\u2019information, brochures, plans, nuage de mots-cl\u00e9s, images, illustrations, photographies, bases de donn\u00e9es, logiciels logos, fichiers disponibles en t\u00e9l\u00e9chargement, clips vid\u00e9o ou sonores, structure g\u00e9n\u00e9rale du site, ci-apr\u00e8s les \u00e9l\u00e9ments de propri\u00e9t\u00e9 intellectuelle, sont prot\u00e9g\u00e9s par le droit fran\u00e7ais de la propri\u00e9t\u00e9 intellectuelle. Les marques et logos reproduits sur le site internet sont d\u00e9pos\u00e9s et prot\u00e9g\u00e9s \u00e0 titre de marque.<\/p>\n<p>1.2. Tous les droits de reproduction sont r\u00e9serv\u00e9s pour tous les \u00e9l\u00e9ments de propri\u00e9t\u00e9 intellectuelle du pr\u00e9sent site internet. La reproduction totale ou partielle des \u00e9l\u00e9ments de propri\u00e9t\u00e9 intellectuelle est interdite.<\/p>\n<p>1.3. L\u2019utilisateur n\u2019est autoris\u00e9 qu\u2019\u00e0 repr\u00e9senter les pages du Site sur son \u00e9cran et n\u2019est autoris\u00e9 \u00e0 reproduire les \u00e9l\u00e9ments de propri\u00e9t\u00e9 intellectuelle du site qu\u2019\u00e0 titre temporaire aux seules fins de consultation du site.<\/p>\n<p>1.4. L\u2019utilisateur n\u2019est autoris\u00e9 qu\u2019\u00e0 t\u00e9l\u00e9charger et reproduire de mani\u00e8re durable, sur tout support, les publications de https:\/\/julien-urnel.com\/<a href=\"https:\/\/julien-urnel.com\/\"><\/a>, et notamment les lettres d\u2019information, lorsque cette reproduction ou repr\u00e9sentation est faite \u00e0 des fins strictement personnelles, priv\u00e9es et non commerciales. L\u2019utilisateur s\u2019interdit de communiquer ces publications \u00e0 des tiers, y compris par courrier \u00e9lectronique et par mise \u00e0 disposition \u00e0 partir d\u2019un site internet ou d\u2019un serveur.<\/p>\n<p>1.5. L\u2019utilisateur est autoris\u00e9 \u00e0 faire des courtes citations du site, sous r\u00e9serve que soit pr\u00e9cis\u00e9 de mani\u00e8re apparente : l\u2019origine du document (i.e. \u00ab extrait du site de https:\/\/julien-urnel.com\/<a href=\"https:\/\/julien-urnel.com\/\"><\/a><span>\u00a0<\/span>\u00bb) le titre du document cit\u00e9 ou de la page cit\u00e9e, le nom de l\u2019auteur s\u2019il est connu, la date du document si elle est connue.<\/p>\n<p><strong>2. UTILISATION DU SITE<\/strong><\/p>\n<p>2.1. L\u2019ensemble des donn\u00e9es, informations et publications accessibles, repr\u00e9sent\u00e9es ou t\u00e9l\u00e9chargeables \u00e0 partir du site n\u2019ont aucun caract\u00e8re exhaustif, sont communiqu\u00e9es \u00e0 titre purement informatif.<\/p>\n<p>2.2. https:\/\/julien-urnel.com\/<a href=\"https:\/\/julien-urnel.com\/\"><\/a><span>\u00a0<\/span>ne pourra en aucun cas \u00eatre tenu responsable de tout dommage direct ou indirect r\u00e9sultant de l\u2019utilisation par tout utilisateur des donn\u00e9es, informations ou publications accessibles ou t\u00e9l\u00e9chargeable \u00e0 partir du site.<\/p>\n<p>2.3. https:\/\/julien-urnel.com\/<a href=\"https:\/\/julien-urnel.com\/\"><\/a><span>\u00a0<\/span>ne pourra en aucun cas \u00eatre tenu responsable au titre du contenu accessible \u00e0 partir des liens hypertextes publi\u00e9s sur le site ou des fichiers t\u00e9l\u00e9chargeables \u00e0 partir du site ou des sites accessibles \u00e0 partir des liens hypertextes publi\u00e9s sur le site.<\/p>\n<p>2.4. La cr\u00e9ation et la publication d\u2019un lien hypertexte vers l\u2019une des pages du site sont autoris\u00e9es, sous r\u00e9serve de l\u2019accord pr\u00e9alable et expr\u00e8s de https:\/\/julien-urnel.com\/<a href=\"https:\/\/julien-urnel.com\/\"><\/a>. La publication devra mentionner la source avec le lien hypertexte qui pointe sur le contenu du site. Toute utilisation \u00e0 des fins commerciales est exclue.<\/p>\n<p>2.5 Le site\u00a0<a href=\"https:\/\/julien-urnel.com\/\">https:\/\/julien-urnel.com\/<\/a>\u00a0utilise des \u00ab\u00a0cookies\u00a0\u00bb qui sont des fichiers texte (.txt) plac\u00e9s sur votre ordinateur. https:\/\/julien-urnel.com\/<a href=\"https:\/\/julien-urnel.com\/\"><\/a><span>\u00a0<\/span>pourra \u00eatre amen\u00e9e \u00e0 utiliser vos donn\u00e9es de navigation par le biais de ces cookies. Les donn\u00e9es utilis\u00e9es sont strictement anonymes et sont destin\u00e9es \u00e0 des traitements statistiques ainsi qu\u2019\u00e0 des affichages de type publicitaire relatifs \u00e0 nos actions. Ainsi, en poursuivant votre navigation sur d\u2019autres sites, vous pourrez voir s\u2019afficher des banni\u00e8res personnalis\u00e9es vous pr\u00e9sentant des actions de https:\/\/julien-urnel.com\/\u00a0similaires ou compl\u00e9mentaires \u00e0 celles d\u00e9j\u00e0 consult\u00e9es et disponibles sur notre site. Vous pouvez bloquer certains ou tous les cookies voire supprimer ceux qui ont d\u00e9j\u00e0 \u00e9t\u00e9 install\u00e9s, en revanche, cela rendra moins agr\u00e9able votre visite sur nos pages. Pour bloquer les cookies, vous devez effectuer des r\u00e9glages au niveau de votre navigateur.<\/p>\n<p>Pour en savoir plus sur notre politiques des cookies<span>\u00a0<\/span><a href=\"https:\/\/julien-urnel.com\/politiques-des-cookies\/\">cliquez ici<\/a>.<\/p>\n<\/div>\n<\/div>\n<\/div>\n<\/div>\n<\/div>\n<\/div>\n<\/div>\n<\/div>\n<\/article>\n<\/div>\n<p>[\/et_pb_text][\/et_pb_column][\/et_pb_row][\/et_pb_section]<\/p>\n","protected":false},"excerpt":{"rendered":"<p>MENTIONS LEGALES CE SITE EST \u00c9DIT\u00c9 PAR\u00a0 Julien Urnel SIRET : 511 956 369 00066 T\u00e9l. : 06 99 19 08 86 E-mail :\u00a0contact@julien-urnel.com Prestataire d\u2019h\u00e9bergement du site est :\u00a0PLANETHOSTER Conception et d\u00e9veloppement du site:\u00a0ORESO Illustrations : Sheina Zlamka DONN\u00c9ES NOMINATIVES \u2013 DROIT D\u2019ACC\u00c8S ET DE RECTIFICATION Les donn\u00e9es personnelles que vous avez communiqu\u00e9es \u00e0 [&hellip;]<\/p>\n","protected":false},"author":1,"featured_media":0,"parent":0,"menu_order":0,"comment_status":"closed","ping_status":"closed","template":"","meta":{"_et_pb_use_builder":"on","_et_pb_old_content":"","_et_gb_content_width":"","footnotes":""},"class_list":["post-28934","page","type-page","status-publish","hentry"],"yoast_head":"<!-- This site is optimized with the Yoast SEO plugin v27.4 - https:\/\/yoast.com\/product\/yoast-seo-wordpress\/ -->\n<title>Mentions l\u00e9gales - Magn\u00e9tiseur Spirits Paris Nice | Julien Urnel<\/title>\n<meta name=\"description\" content=\"Vous trouverez sur cette page les mentions l\u00e9gales et les conditions g\u00e9n\u00e9rales de vente de notre site.\" \/>\n<meta name=\"robots\" content=\"index, follow, max-snippet:-1, max-image-preview:large, max-video-preview:-1\" \/>\n<link rel=\"canonical\" href=\"https:\/\/julien-urnel.com\/en\/legal-notice\/\" \/>\n<meta property=\"og:locale\" content=\"en_US\" \/>\n<meta property=\"og:type\" content=\"article\" \/>\n<meta property=\"og:title\" content=\"Mentions l\u00e9gales - Magn\u00e9tiseur Spirits Paris Nice | Julien Urnel\" \/>\n<meta property=\"og:description\" content=\"Vous trouverez sur cette page les mentions l\u00e9gales et les conditions g\u00e9n\u00e9rales de vente de notre site.\" \/>\n<meta property=\"og:url\" content=\"https:\/\/julien-urnel.com\/en\/legal-notice\/\" \/>\n<meta property=\"og:site_name\" content=\"Magn\u00e9tiseur Spirits Paris Nice | Julien Urnel\" \/>\n<meta property=\"article:modified_time\" content=\"2024-03-25T18:36:09+00:00\" \/>\n<meta property=\"og:image\" content=\"https:\/\/julien-urnel.com\/wp-content\/uploads\/2024\/03\/Capture-decran-2024-03-09-a-15.52.49.png\" \/>\n\t<meta property=\"og:image:width\" content=\"2366\" \/>\n\t<meta property=\"og:image:height\" content=\"980\" \/>\n\t<meta property=\"og:image:type\" content=\"image\/png\" \/>\n<meta name=\"twitter:card\" content=\"summary_large_image\" \/>\n<meta name=\"twitter:label1\" content=\"Est. reading time\" \/>\n\t<meta name=\"twitter:data1\" content=\"5 minutes\" \/>\n<script type=\"application\/ld+json\" class=\"yoast-schema-graph\">{\"@context\":\"https:\\\/\\\/schema.org\",\"@graph\":[{\"@type\":\"WebPage\",\"@id\":\"https:\\\/\\\/julien-urnel.com\\\/mentions-legales\\\/\",\"url\":\"https:\\\/\\\/julien-urnel.com\\\/mentions-legales\\\/\",\"name\":\"Mentions l\u00e9gales - Magn\u00e9tiseur Spirits Paris Nice | Julien Urnel\",\"isPartOf\":{\"@id\":\"https:\\\/\\\/julien-urnel.com\\\/#website\"},\"datePublished\":\"2022-11-24T12:29:03+00:00\",\"dateModified\":\"2024-03-25T18:36:09+00:00\",\"description\":\"Vous trouverez sur cette page les mentions l\u00e9gales et les conditions g\u00e9n\u00e9rales de vente de notre site.\",\"breadcrumb\":{\"@id\":\"https:\\\/\\\/julien-urnel.com\\\/mentions-legales\\\/#breadcrumb\"},\"inLanguage\":\"en-US\",\"potentialAction\":[{\"@type\":\"ReadAction\",\"target\":[\"https:\\\/\\\/julien-urnel.com\\\/mentions-legales\\\/\"]}]},{\"@type\":\"BreadcrumbList\",\"@id\":\"https:\\\/\\\/julien-urnel.com\\\/mentions-legales\\\/#breadcrumb\",\"itemListElement\":[{\"@type\":\"ListItem\",\"position\":1,\"name\":\"Accueil\",\"item\":\"https:\\\/\\\/julien-urnel.com\\\/\"},{\"@type\":\"ListItem\",\"position\":2,\"name\":\"Mentions l\u00e9gales\"}]},{\"@type\":\"WebSite\",\"@id\":\"https:\\\/\\\/julien-urnel.com\\\/#website\",\"url\":\"https:\\\/\\\/julien-urnel.com\\\/\",\"name\":\"Julien Urnel \u00c9nerg\u00e9ticien Spirit Paris\",\"description\":\"Vos \u00e9nergies, votre bien le plus pr\u00e9cieux !\",\"publisher\":{\"@id\":\"https:\\\/\\\/julien-urnel.com\\\/#\\\/schema\\\/person\\\/c485497f899df8843e30528b8382ab27\"},\"potentialAction\":[{\"@type\":\"SearchAction\",\"target\":{\"@type\":\"EntryPoint\",\"urlTemplate\":\"https:\\\/\\\/julien-urnel.com\\\/?s={search_term_string}\"},\"query-input\":{\"@type\":\"PropertyValueSpecification\",\"valueRequired\":true,\"valueName\":\"search_term_string\"}}],\"inLanguage\":\"en-US\"},{\"@type\":[\"Person\",\"Organization\"],\"@id\":\"https:\\\/\\\/julien-urnel.com\\\/#\\\/schema\\\/person\\\/c485497f899df8843e30528b8382ab27\",\"name\":\"Julien Urnel\",\"image\":{\"@type\":\"ImageObject\",\"inLanguage\":\"en-US\",\"@id\":\"https:\\\/\\\/julien-urnel.com\\\/wp-content\\\/uploads\\\/2022\\\/11\\\/JULIEN-URNEL-MAGNETISEUR-400X400.jpg\",\"url\":\"https:\\\/\\\/julien-urnel.com\\\/wp-content\\\/uploads\\\/2022\\\/11\\\/JULIEN-URNEL-MAGNETISEUR-400X400.jpg\",\"contentUrl\":\"https:\\\/\\\/julien-urnel.com\\\/wp-content\\\/uploads\\\/2022\\\/11\\\/JULIEN-URNEL-MAGNETISEUR-400X400.jpg\",\"width\":400,\"height\":400,\"caption\":\"Julien Urnel\"},\"logo\":{\"@id\":\"https:\\\/\\\/julien-urnel.com\\\/wp-content\\\/uploads\\\/2022\\\/11\\\/JULIEN-URNEL-MAGNETISEUR-400X400.jpg\"},\"sameAs\":[\"http:\\\/\\\/julien-urnel.com\",\"https:\\\/\\\/www.instagram.com\\\/julien.urnel\\\/\"]}]}<\/script>\n<!-- \/ Yoast SEO plugin. -->","yoast_head_json":{"title":"Mentions l\u00e9gales - Magn\u00e9tiseur Spirits Paris Nice | Julien Urnel","description":"On this page you will find the legal notice and general terms and conditions of sale for our website.","robots":{"index":"index","follow":"follow","max-snippet":"max-snippet:-1","max-image-preview":"max-image-preview:large","max-video-preview":"max-video-preview:-1"},"canonical":"https:\/\/julien-urnel.com\/en\/legal-notice\/","og_locale":"en_US","og_type":"article","og_title":"Mentions l\u00e9gales - Magn\u00e9tiseur Spirits Paris Nice | Julien Urnel","og_description":"Vous trouverez sur cette page les mentions l\u00e9gales et les conditions g\u00e9n\u00e9rales de vente de notre site.","og_url":"https:\/\/julien-urnel.com\/en\/legal-notice\/","og_site_name":"Magn\u00e9tiseur Spirits Paris Nice | Julien Urnel","article_modified_time":"2024-03-25T18:36:09+00:00","og_image":[{"width":2366,"height":980,"url":"https:\/\/julien-urnel.com\/wp-content\/uploads\/2024\/03\/Capture-decran-2024-03-09-a-15.52.49.png","type":"image\/png"}],"twitter_card":"summary_large_image","twitter_misc":{"Est. reading time":"5 minutes"},"schema":{"@context":"https:\/\/schema.org","@graph":[{"@type":"WebPage","@id":"https:\/\/julien-urnel.com\/mentions-legales\/","url":"https:\/\/julien-urnel.com\/mentions-legales\/","name":"Mentions l\u00e9gales - Magn\u00e9tiseur Spirits Paris Nice | Julien Urnel","isPartOf":{"@id":"https:\/\/julien-urnel.com\/#website"},"datePublished":"2022-11-24T12:29:03+00:00","dateModified":"2024-03-25T18:36:09+00:00","description":"On this page you will find the legal notice and general terms and conditions of sale for our website.","breadcrumb":{"@id":"https:\/\/julien-urnel.com\/mentions-legales\/#breadcrumb"},"inLanguage":"en-US","potentialAction":[{"@type":"ReadAction","target":["https:\/\/julien-urnel.com\/mentions-legales\/"]}]},{"@type":"BreadcrumbList","@id":"https:\/\/julien-urnel.com\/mentions-legales\/#breadcrumb","itemListElement":[{"@type":"ListItem","position":1,"name":"Accueil","item":"https:\/\/julien-urnel.com\/"},{"@type":"ListItem","position":2,"name":"Mentions l\u00e9gales"}]},{"@type":"WebSite","@id":"https:\/\/julien-urnel.com\/#website","url":"https:\/\/julien-urnel.com\/","name":"Julien Urnel Energ\u00e9ticien Spirit Paris","description":"Your energies, your most precious asset!","publisher":{"@id":"https:\/\/julien-urnel.com\/#\/schema\/person\/c485497f899df8843e30528b8382ab27"},"potentialAction":[{"@type":"SearchAction","target":{"@type":"EntryPoint","urlTemplate":"https:\/\/julien-urnel.com\/?s={search_term_string}"},"query-input":{"@type":"PropertyValueSpecification","valueRequired":true,"valueName":"search_term_string"}}],"inLanguage":"en-US"},{"@type":["Person","Organization"],"@id":"https:\/\/julien-urnel.com\/#\/schema\/person\/c485497f899df8843e30528b8382ab27","name":"Julien Urnel","image":{"@type":"ImageObject","inLanguage":"en-US","@id":"https:\/\/julien-urnel.com\/wp-content\/uploads\/2022\/11\/JULIEN-URNEL-MAGNETISEUR-400X400.jpg","url":"https:\/\/julien-urnel.com\/wp-content\/uploads\/2022\/11\/JULIEN-URNEL-MAGNETISEUR-400X400.jpg","contentUrl":"https:\/\/julien-urnel.com\/wp-content\/uploads\/2022\/11\/JULIEN-URNEL-MAGNETISEUR-400X400.jpg","width":400,"height":400,"caption":"Julien Urnel"},"logo":{"@id":"https:\/\/julien-urnel.com\/wp-content\/uploads\/2022\/11\/JULIEN-URNEL-MAGNETISEUR-400X400.jpg"},"sameAs":["http:\/\/julien-urnel.com","https:\/\/www.instagram.com\/julien.urnel\/"]}]}},"_links":{"self":[{"href":"http:\/\/julien-urnel.com\/en\/wp-json\/wp\/v2\/pages\/28934","targetHints":{"allow":["GET"]}}],"collection":[{"href":"http:\/\/julien-urnel.com\/en\/wp-json\/wp\/v2\/pages"}],"about":[{"href":"http:\/\/julien-urnel.com\/en\/wp-json\/wp\/v2\/types\/page"}],"author":[{"embeddable":true,"href":"http:\/\/julien-urnel.com\/en\/wp-json\/wp\/v2\/users\/1"}],"replies":[{"embeddable":true,"href":"http:\/\/julien-urnel.com\/en\/wp-json\/wp\/v2\/comments?post=28934"}],"version-history":[{"count":5,"href":"http:\/\/julien-urnel.com\/en\/wp-json\/wp\/v2\/pages\/28934\/revisions"}],"predecessor-version":[{"id":31022,"href":"http:\/\/julien-urnel.com\/en\/wp-json\/wp\/v2\/pages\/28934\/revisions\/31022"}],"wp:attachment":[{"href":"http:\/\/julien-urnel.com\/en\/wp-json\/wp\/v2\/media?parent=28934"}],"curies":[{"name":"wp","href":"https:\/\/api.w.org\/{rel}","templated":true}]}}